{"id":8539,"date":"2024-02-29T19:45:37","date_gmt":"2024-02-29T19:45:37","guid":{"rendered":"https:\/\/www.alyors.com\/?page_id=8539"},"modified":"2024-10-16T08:00:21","modified_gmt":"2024-10-16T08:00:21","slug":"notre-culture-dentreprise","status":"publish","type":"page","link":"https:\/\/www.alyors.com\/fr\/corporatif\/notre-culture-dentreprise\/","title":{"rendered":"Notre culture d&rsquo;entreprise"},"content":{"rendered":"\t\t<div data-elementor-type=\"wp-page\" data-elementor-id=\"8539\" class=\"elementor elementor-8539 elementor-1414\" data-elementor-post-type=\"page\">\n\t\t\t\t<div class=\"elementor-element elementor-element-98f9b24 e-flex e-con-boxed e-con e-parent\" data-id=\"98f9b24\" data-element_type=\"container\" data-e-type=\"container\">\n\t\t\t\t\t<div class=\"e-con-inner\">\n\t\t<div class=\"elementor-element elementor-element-7617726 e-con-full e-flex e-con e-child\" data-id=\"7617726\" data-element_type=\"container\" data-e-type=\"container\" data-settings=\"{&quot;background_background&quot;:&quot;classic&quot;}\">\n\t\t\t\t<div class=\"elementor-element elementor-element-46fcafb elementor-widget elementor-widget-heading\" data-id=\"46fcafb\" data-element_type=\"widget\" data-e-type=\"widget\" data-widget_type=\"heading.default\">\n\t\t\t\t<div class=\"elementor-widget-container\">\n\t\t\t\t\t<h2 class=\"elementor-heading-title elementor-size-default\">La Vision<\/h2>\t\t\t\t<\/div>\n\t\t\t\t<\/div>\n\t\t\t\t<div class=\"elementor-element elementor-element-4f6a6bf elementor-widget elementor-widget-text-editor\" data-id=\"4f6a6bf\" data-element_type=\"widget\" data-e-type=\"widget\" data-widget_type=\"text-editor.default\">\n\t\t\t\t<div class=\"elementor-widget-container\">\n\t\t\t\t\t\t\t\t\t<p>En tant qu&rsquo;Alyors Corporate Group, nous r\u00e9unissons 50 ans d&rsquo;exp\u00e9rience combin\u00e9e dans les domaines de la sant\u00e9 et des technologies de fabrication et nous nous consacrons \u00e0 la sant\u00e9 et au bien-\u00eatre de l&rsquo;homme par le biais de produits innovants. Depuis le d\u00e9but, notre objectif est rest\u00e9 le m\u00eame : suivre les tendances \u00e9volutives de l&rsquo;industrie tout en exploitant le potentiel de la nature et de la technologie pour \u00eatre des pionniers dans la mise au point de produits souhaitables et innovants. Notre engagement s&rsquo;\u00e9tend au maintien de notre leadership sur le march\u00e9 national en tant qu&#8217;employeur et fabricant, tout en devenant un acteur mondial au niveau international.<\/p>\t\t\t\t\t\t\t\t<\/div>\n\t\t\t\t<\/div>\n\t\t\t\t<\/div>\n\t\t<div class=\"elementor-element elementor-element-e91cda0 e-con-full e-flex e-con e-child\" data-id=\"e91cda0\" data-element_type=\"container\" data-e-type=\"container\" data-settings=\"{&quot;background_background&quot;:&quot;classic&quot;}\">\n\t\t\t\t<div class=\"elementor-element elementor-element-abffa3d elementor-widget elementor-widget-heading\" data-id=\"abffa3d\" data-element_type=\"widget\" data-e-type=\"widget\" data-widget_type=\"heading.default\">\n\t\t\t\t<div class=\"elementor-widget-container\">\n\t\t\t\t\t<h2 class=\"elementor-heading-title elementor-size-default\">Mission<\/h2>\t\t\t\t<\/div>\n\t\t\t\t<\/div>\n\t\t\t\t<div class=\"elementor-element elementor-element-5948a51 elementor-widget elementor-widget-text-editor\" data-id=\"5948a51\" data-element_type=\"widget\" data-e-type=\"widget\" data-widget_type=\"text-editor.default\">\n\t\t\t\t<div class=\"elementor-widget-container\">\n\t\t\t\t\t\t\t\t\t<p>At Alyors Corporate Group, while fulfilling our commitment to serving the community in the field of healthcare; we \u201ccare more\u201d by prioritizing serving human health as well as adding value to the environment through sustainability principles, we \u201cinnovate more\u201d by working with acknowledged experts and utilizing cutting-edge technological equipment, we \u201cinspire more\u201d by producing, starting from raw materials to delivering finished goods; and we encourage young professionals as a leading company. All companies within the Alyors Corporate Group serve in alignment with shared goals and principles, working together with a common mission of trust, innovation, and sustainability.<\/p>\t\t\t\t\t\t\t\t<\/div>\n\t\t\t\t<\/div>\n\t\t\t\t<\/div>\n\t\t\t\t\t<\/div>\n\t\t\t\t<\/div>\n\t\t<div class=\"elementor-element elementor-element-8264983 e-flex e-con-boxed e-con e-parent\" data-id=\"8264983\" data-element_type=\"container\" data-e-type=\"container\">\n\t\t\t\t\t<div class=\"e-con-inner\">\n\t\t\t\t<div class=\"elementor-element elementor-element-290cb16 section-title section-title--centered elementor-widget elementor-widget-heading\" data-id=\"290cb16\" data-element_type=\"widget\" data-e-type=\"widget\" data-widget_type=\"heading.default\">\n\t\t\t\t<div class=\"elementor-widget-container\">\n\t\t\t\t\t<h2 class=\"elementor-heading-title elementor-size-default\">Nos Valeurs <\/h2>\t\t\t\t<\/div>\n\t\t\t\t<\/div>\n\t\t\t\t\t<\/div>\n\t\t\t\t<\/div>\n\t\t<div class=\"elementor-element elementor-element-8f5e938 e-flex e-con-boxed e-con e-parent\" data-id=\"8f5e938\" data-element_type=\"container\" data-e-type=\"container\">\n\t\t\t\t\t<div class=\"e-con-inner\">\n\t\t<div class=\"elementor-element elementor-element-419b143 e-con-full e-flex e-con e-child\" data-id=\"419b143\" data-element_type=\"container\" data-e-type=\"container\" data-settings=\"{&quot;background_background&quot;:&quot;classic&quot;}\">\n\t\t\t\t<div class=\"elementor-element elementor-element-62603a1 elementor-widget elementor-widget-image\" data-id=\"62603a1\" data-element_type=\"widget\" data-e-type=\"widget\" data-widget_type=\"image.default\">\n\t\t\t\t<div class=\"elementor-widget-container\">\n\t\t\t\t\t\t\t\t\t\t\t\t\t\t\t<img fetchpriority=\"high\" decoding=\"async\" width=\"800\" height=\"748\" src=\"https:\/\/www.alyors.com\/wp-content\/uploads\/2024\/03\/integrity.svg\" class=\"attachment-large size-large wp-image-8541\" alt=\"\" \/>\t\t\t\t\t\t\t\t\t\t\t\t\t\t\t<\/div>\n\t\t\t\t<\/div>\n\t\t\t\t<\/div>\n\t\t<div class=\"elementor-element elementor-element-aab5e6c e-con-full e-flex e-con e-child\" data-id=\"aab5e6c\" data-element_type=\"container\" data-e-type=\"container\">\n\t\t\t\t<div class=\"elementor-element elementor-element-e92bde2 elementor-widget elementor-widget-heading\" data-id=\"e92bde2\" data-element_type=\"widget\" data-e-type=\"widget\" data-widget_type=\"heading.default\">\n\t\t\t\t<div class=\"elementor-widget-container\">\n\t\t\t\t\t<h2 class=\"elementor-heading-title elementor-size-default\">L'int\u00e9grit\u00e9 <\/h2>\t\t\t\t<\/div>\n\t\t\t\t<\/div>\n\t\t\t\t<div class=\"elementor-element elementor-element-f573484 elementor-widget elementor-widget-text-editor\" data-id=\"f573484\" data-element_type=\"widget\" data-e-type=\"widget\" data-widget_type=\"text-editor.default\">\n\t\t\t\t<div class=\"elementor-widget-container\">\n\t\t\t\t\t\t\t\t\t<p>L&rsquo;int\u00e9grit\u00e9, l&rsquo;honn\u00eatet\u00e9, la transparence et la volont\u00e9 de bien faire sont \u00e0 la base de nos relations avec tous nos partenaires. Nous restons toujours fid\u00e8les \u00e0 notre conviction fondamentale de respecter les personnes, l&rsquo;environnement et la soci\u00e9t\u00e9. Chaque membre de notre famille agit conform\u00e9ment \u00e0 ces normes et construit des relations sur l&rsquo;autel du respect et de la confiance mutuels.<\/p>\t\t\t\t\t\t\t\t<\/div>\n\t\t\t\t<\/div>\n\t\t\t\t<\/div>\n\t\t\t\t\t<\/div>\n\t\t\t\t<\/div>\n\t\t<div class=\"elementor-element elementor-element-a38a449 e-flex e-con-boxed e-con e-parent\" data-id=\"a38a449\" data-element_type=\"container\" data-e-type=\"container\">\n\t\t\t\t\t<div class=\"e-con-inner\">\n\t\t<div class=\"elementor-element elementor-element-ebf0ab8 e-con-full e-flex e-con e-child\" data-id=\"ebf0ab8\" data-element_type=\"container\" data-e-type=\"container\">\n\t\t\t\t<div class=\"elementor-element elementor-element-23b9116 elementor-widget elementor-widget-heading\" data-id=\"23b9116\" data-element_type=\"widget\" data-e-type=\"widget\" data-widget_type=\"heading.default\">\n\t\t\t\t<div class=\"elementor-widget-container\">\n\t\t\t\t\t<h2 class=\"elementor-heading-title elementor-size-default\">L'esprit d'entreprise <\/h2>\t\t\t\t<\/div>\n\t\t\t\t<\/div>\n\t\t\t\t<div class=\"elementor-element elementor-element-c5e2681 elementor-widget elementor-widget-text-editor\" data-id=\"c5e2681\" data-element_type=\"widget\" data-e-type=\"widget\" data-widget_type=\"text-editor.default\">\n\t\t\t\t<div class=\"elementor-widget-container\">\n\t\t\t\t\t\t\t\t\t<p>Pour atteindre notre objectif d&rsquo;\u00eatre un acteur mondial de premier plan, notre \u00e9nergie provient de l&rsquo;esprit d&rsquo;entreprise. Nous sommes enthousiastes \u00e0 l&rsquo;id\u00e9e de d\u00e9couvrir de nouveaux domaines et de nouvelles id\u00e9es sur le march\u00e9 des soins de sant\u00e9 gr\u00e2ce \u00e0 notre exp\u00e9rience. Les id\u00e9es et les actions qui apporteraient une nouvelle saveur et cr\u00e9eraient de la croissance et de la valeur sont toujours appr\u00e9ci\u00e9es.<\/p>\t\t\t\t\t\t\t\t<\/div>\n\t\t\t\t<\/div>\n\t\t\t\t<\/div>\n\t\t<div class=\"elementor-element elementor-element-575e6a9 e-con-full e-flex e-con e-child\" data-id=\"575e6a9\" data-element_type=\"container\" data-e-type=\"container\" data-settings=\"{&quot;background_background&quot;:&quot;classic&quot;}\">\n\t\t\t\t<div class=\"elementor-element elementor-element-79b8071 elementor-widget elementor-widget-image\" data-id=\"79b8071\" data-element_type=\"widget\" data-e-type=\"widget\" data-widget_type=\"image.default\">\n\t\t\t\t<div class=\"elementor-widget-container\">\n\t\t\t\t\t\t\t\t\t\t\t\t\t\t\t<img decoding=\"async\" width=\"800\" height=\"800\" src=\"https:\/\/www.alyors.com\/wp-content\/uploads\/2024\/03\/enterpreneurship.svg\" class=\"attachment-large size-large wp-image-8542\" alt=\"\" \/>\t\t\t\t\t\t\t\t\t\t\t\t\t\t\t<\/div>\n\t\t\t\t<\/div>\n\t\t\t\t<\/div>\n\t\t\t\t\t<\/div>\n\t\t\t\t<\/div>\n\t\t<div class=\"elementor-element elementor-element-1bafe5c e-flex e-con-boxed e-con e-parent\" data-id=\"1bafe5c\" data-element_type=\"container\" data-e-type=\"container\">\n\t\t\t\t\t<div class=\"e-con-inner\">\n\t\t<div class=\"elementor-element elementor-element-9166b3b e-con-full e-flex e-con e-child\" data-id=\"9166b3b\" data-element_type=\"container\" data-e-type=\"container\" data-settings=\"{&quot;background_background&quot;:&quot;classic&quot;}\">\n\t\t\t\t<div class=\"elementor-element elementor-element-fc613ee elementor-widget elementor-widget-image\" data-id=\"fc613ee\" data-element_type=\"widget\" data-e-type=\"widget\" data-widget_type=\"image.default\">\n\t\t\t\t<div class=\"elementor-widget-container\">\n\t\t\t\t\t\t\t\t\t\t\t\t\t\t\t<img decoding=\"async\" width=\"800\" height=\"800\" src=\"https:\/\/www.alyors.com\/wp-content\/uploads\/2024\/03\/innovation.svg\" class=\"attachment-large size-large wp-image-8543\" alt=\"\" \/>\t\t\t\t\t\t\t\t\t\t\t\t\t\t\t<\/div>\n\t\t\t\t<\/div>\n\t\t\t\t<\/div>\n\t\t<div class=\"elementor-element elementor-element-0a4ecac e-con-full e-flex e-con e-child\" data-id=\"0a4ecac\" data-element_type=\"container\" data-e-type=\"container\">\n\t\t\t\t<div class=\"elementor-element elementor-element-6f7c873 elementor-widget elementor-widget-heading\" data-id=\"6f7c873\" data-element_type=\"widget\" data-e-type=\"widget\" data-widget_type=\"heading.default\">\n\t\t\t\t<div class=\"elementor-widget-container\">\n\t\t\t\t\t<h2 class=\"elementor-heading-title elementor-size-default\">L'innovation<\/h2>\t\t\t\t<\/div>\n\t\t\t\t<\/div>\n\t\t\t\t<div class=\"elementor-element elementor-element-e0b8490 elementor-widget elementor-widget-text-editor\" data-id=\"e0b8490\" data-element_type=\"widget\" data-e-type=\"widget\" data-widget_type=\"text-editor.default\">\n\t\t\t\t<div class=\"elementor-widget-container\">\n\t\t\t\t\t\t\t\t\t<p>Nous c\u00e9l\u00e9brons le fait de sortir des sentiers battus pour d\u00e9velopper des solutions uniques \u00e0 des d\u00e9fis complexes afin de mieux servir nos partenaires.\u00a0 Notre objectif d&rsquo;\u00eatre un pr\u00e9curseur et de fournir de nouveaux produits qui touchent et am\u00e9liorent la vie des gens nous pousse \u00e0 toujours faire mieux.<\/p>\t\t\t\t\t\t\t\t<\/div>\n\t\t\t\t<\/div>\n\t\t\t\t<\/div>\n\t\t\t\t\t<\/div>\n\t\t\t\t<\/div>\n\t\t<div class=\"elementor-element elementor-element-02af792 e-flex e-con-boxed e-con e-parent\" data-id=\"02af792\" data-element_type=\"container\" data-e-type=\"container\">\n\t\t\t\t\t<div class=\"e-con-inner\">\n\t\t<div class=\"elementor-element elementor-element-ca9d0db e-con-full e-flex e-con e-child\" data-id=\"ca9d0db\" data-element_type=\"container\" data-e-type=\"container\">\n\t\t\t\t<div class=\"elementor-element elementor-element-aab274c elementor-widget elementor-widget-heading\" data-id=\"aab274c\" data-element_type=\"widget\" data-e-type=\"widget\" data-widget_type=\"heading.default\">\n\t\t\t\t<div class=\"elementor-widget-container\">\n\t\t\t\t\t<h2 class=\"elementor-heading-title elementor-size-default\">La Collaboration <\/h2>\t\t\t\t<\/div>\n\t\t\t\t<\/div>\n\t\t\t\t<div class=\"elementor-element elementor-element-95ec69e elementor-widget elementor-widget-text-editor\" data-id=\"95ec69e\" data-element_type=\"widget\" data-e-type=\"widget\" data-widget_type=\"text-editor.default\">\n\t\t\t\t<div class=\"elementor-widget-container\">\n\t\t\t\t\t\t\t\t\t<p>La collaboration accro\u00eet consid\u00e9rablement la cr\u00e9ativit\u00e9 et la productivit\u00e9, deux des facteurs cl\u00e9s de la r\u00e9ussite des entreprises aujourd&rsquo;hui. Les objectifs communs et le soutien mutuel nous aident \u00e0 travailler main dans la main pour atteindre nos buts. Cette valeur cr\u00e9e \u00e9galement des relations efficaces avec nos partenaires, car nos actions sont ax\u00e9es sur le soutien, la fiabilit\u00e9 et le d\u00e9passement de soi.<\/p>\t\t\t\t\t\t\t\t<\/div>\n\t\t\t\t<\/div>\n\t\t\t\t<\/div>\n\t\t<div class=\"elementor-element elementor-element-06d9e27 e-con-full e-flex e-con e-child\" data-id=\"06d9e27\" data-element_type=\"container\" data-e-type=\"container\" data-settings=\"{&quot;background_background&quot;:&quot;classic&quot;}\">\n\t\t\t\t<div class=\"elementor-element elementor-element-f124bec elementor-widget elementor-widget-image\" data-id=\"f124bec\" data-element_type=\"widget\" data-e-type=\"widget\" data-widget_type=\"image.default\">\n\t\t\t\t<div class=\"elementor-widget-container\">\n\t\t\t\t\t\t\t\t\t\t\t\t\t\t\t<img loading=\"lazy\" decoding=\"async\" width=\"800\" height=\"800\" src=\"https:\/\/www.alyors.com\/wp-content\/uploads\/2024\/03\/collaboration.svg\" class=\"attachment-large size-large wp-image-8544\" alt=\"\" \/>\t\t\t\t\t\t\t\t\t\t\t\t\t\t\t<\/div>\n\t\t\t\t<\/div>\n\t\t\t\t<\/div>\n\t\t\t\t\t<\/div>\n\t\t\t\t<\/div>\n\t\t<div class=\"elementor-element elementor-element-ad6927e e-flex e-con-boxed e-con e-parent\" data-id=\"ad6927e\" data-element_type=\"container\" data-e-type=\"container\">\n\t\t\t\t\t<div class=\"e-con-inner\">\n\t\t<div class=\"elementor-element elementor-element-643cca9 e-con-full e-flex e-con e-child\" data-id=\"643cca9\" data-element_type=\"container\" data-e-type=\"container\">\n\t\t\t\t<\/div>\n\t\t<div class=\"elementor-element elementor-element-232743d e-con-full e-flex e-con e-child\" data-id=\"232743d\" data-element_type=\"container\" data-e-type=\"container\">\n\t\t\t\t<div class=\"elementor-element elementor-element-3121faa elementor-widget elementor-widget-image\" data-id=\"3121faa\" data-element_type=\"widget\" data-e-type=\"widget\" data-widget_type=\"image.default\">\n\t\t\t\t<div class=\"elementor-widget-container\">\n\t\t\t\t\t\t\t\t\t\t\t\t\t\t\t<img loading=\"lazy\" decoding=\"async\" width=\"413\" height=\"249\" src=\"https:\/\/www.alyors.com\/wp-content\/uploads\/2024\/03\/the-one-alyors.svg\" class=\"attachment-full size-full wp-image-8545\" alt=\"\" \/>\t\t\t\t\t\t\t\t\t\t\t\t\t\t\t<\/div>\n\t\t\t\t<\/div>\n\t\t\t\t<div class=\"elementor-element elementor-element-e1599ab elementor-widget elementor-widget-text-editor\" data-id=\"e1599ab\" data-element_type=\"widget\" data-e-type=\"widget\" data-widget_type=\"text-editor.default\">\n\t\t\t\t<div class=\"elementor-widget-container\">\n\t\t\t\t\t\t\t\t\t<p>Nous sommes tr\u00e8s fiers du fait que chacun d&rsquo;entre nous se consacre \u00e0 l&rsquo;int\u00e9r\u00eat sup\u00e9rieur d&rsquo;une Alyors meilleure et plus prosp\u00e8re.<\/p>\t\t\t\t\t\t\t\t<\/div>\n\t\t\t\t<\/div>\n\t\t\t\t<\/div>\n\t\t<div class=\"elementor-element elementor-element-8472258 e-con-full e-flex e-con e-child\" data-id=\"8472258\" data-element_type=\"container\" data-e-type=\"container\">\n\t\t\t\t<\/div>\n\t\t\t\t\t<\/div>\n\t\t\t\t<\/div>\n\t\t\t\t<\/div>\n\t\t","protected":false},"excerpt":{"rendered":"<p>La Vision En tant qu&rsquo;Alyors Corporate Group, nous r\u00e9unissons 50 ans d&rsquo;exp\u00e9rience combin\u00e9e dans les domaines de la sant\u00e9 et des technologies de fabrication et nous nous consacrons \u00e0 la sant\u00e9 et au bien-\u00eatre de l&rsquo;homme par le biais de produits innovants. Depuis le d\u00e9but, notre objectif est rest\u00e9 le m\u00eame : suivre les tendances [&hellip;]<\/p>\n","protected":false},"author":1,"featured_media":8540,"parent":8017,"menu_order":0,"comment_status":"closed","ping_status":"closed","template":"","meta":{"_acf_changed":false,"inline_featured_image":false,"footnotes":""},"class_list":["post-8539","page","type-page","status-publish","has-post-thumbnail","hentry"],"acf":[],"_links":{"self":[{"href":"https:\/\/www.alyors.com\/fr\/wp-json\/wp\/v2\/pages\/8539","targetHints":{"allow":["GET"]}}],"collection":[{"href":"https:\/\/www.alyors.com\/fr\/wp-json\/wp\/v2\/pages"}],"about":[{"href":"https:\/\/www.alyors.com\/fr\/wp-json\/wp\/v2\/types\/page"}],"author":[{"embeddable":true,"href":"https:\/\/www.alyors.com\/fr\/wp-json\/wp\/v2\/users\/1"}],"replies":[{"embeddable":true,"href":"https:\/\/www.alyors.com\/fr\/wp-json\/wp\/v2\/comments?post=8539"}],"version-history":[{"count":5,"href":"https:\/\/www.alyors.com\/fr\/wp-json\/wp\/v2\/pages\/8539\/revisions"}],"predecessor-version":[{"id":8639,"href":"https:\/\/www.alyors.com\/fr\/wp-json\/wp\/v2\/pages\/8539\/revisions\/8639"}],"up":[{"embeddable":true,"href":"https:\/\/www.alyors.com\/fr\/wp-json\/wp\/v2\/pages\/8017"}],"wp:featuredmedia":[{"embeddable":true,"href":"https:\/\/www.alyors.com\/fr\/wp-json\/wp\/v2\/media\/8540"}],"wp:attachment":[{"href":"https:\/\/www.alyors.com\/fr\/wp-json\/wp\/v2\/media?parent=8539"}],"curies":[{"name":"wp","href":"https:\/\/api.w.org\/{rel}","templated":true}]}}