{"id":8556,"date":"2024-03-04T06:49:16","date_gmt":"2024-03-04T06:49:16","guid":{"rendered":"https:\/\/www.alyors.com\/?page_id=8556"},"modified":"2024-11-05T11:15:34","modified_gmt":"2024-11-05T11:15:34","slug":"devenir-distributeur","status":"publish","type":"page","link":"https:\/\/www.alyors.com\/fr\/services\/devenir-distributeur\/","title":{"rendered":"Devenir Distributeur"},"content":{"rendered":"\t\t<div data-elementor-type=\"wp-page\" data-elementor-id=\"8556\" class=\"elementor elementor-8556 elementor-2188\" data-elementor-post-type=\"page\">\n\t\t\t\t<div class=\"elementor-element elementor-element-a000e37 e-flex e-con-boxed e-con e-parent\" data-id=\"a000e37\" data-element_type=\"container\" data-e-type=\"container\">\n\t\t\t\t\t<div class=\"e-con-inner\">\n\t\t\t\t<div class=\"elementor-element elementor-element-07eac81 elementor-widget elementor-widget-text-editor\" data-id=\"07eac81\" data-element_type=\"widget\" data-e-type=\"widget\" data-widget_type=\"text-editor.default\">\n\t\t\t\t<div class=\"elementor-widget-container\">\n\t\t\t\t\t\t\t\t\t<p>Vous souhaitez devenir distributeur d&rsquo;Alyors, le principal producteur de compl\u00e9ments alimentaires, de produits dermocosm\u00e9tiques, de dispositifs m\u00e9dicaux et de produits consommables, ainsi que de produits de sant\u00e9 animale? Nous disposons d&rsquo;une large gamme de plus de 750 produits de haute qualit\u00e9 auxquels les clients font confiance dans le monde entier.<\/p><p>Chez Alyors, nous nous engageons \u00e0 fournir \u00e0 nos partenaires un service et une assistance exceptionnels du d\u00e9but \u00e0 la fin. Nous offrons une formation compl\u00e8te pour aider votre \u00e9quipe \u00e0 se familiariser avec nos produits, en veillant \u00e0 ce que vous disposiez des connaissances et des ressources dont vous avez besoin pour promouvoir et vendre nos produits avec succ\u00e8s.<\/p><p>En tant que distributeur d&rsquo;Alyors, vous aurez acc\u00e8s \u00e0 un soutien marketing pour vous aider \u00e0 d\u00e9velopper votre activit\u00e9. Notre \u00e9quipe d&rsquo;experts travaillera en \u00e9troite collaboration avec vous pour d\u00e9velopper des strat\u00e9gies de marketing efficaces adapt\u00e9es \u00e0 vos besoins sp\u00e9cifiques, vous donnant ainsi un avantage concurrentiel sur le march\u00e9.<\/p><p>Nous sommes tr\u00e8s fiers de la qualit\u00e9 de nos produits et nous garantissons que tous nos produits r\u00e9pondent aux normes d&rsquo;excellence les plus \u00e9lev\u00e9es. Lorsque vous vous associez \u00e0 nous, vous pouvez \u00eatre s\u00fbr que vous travaillez avec un leader de confiance de l&rsquo;industrie qui s&rsquo;engage pour votre succ\u00e8s.<\/p><p>Pr\u00eat \u00e0 rejoindre la famille Alyors en tant que distributeur? Remplissez le formulaire ci-dessous pour commencer et faire le premier pas vers un partenariat fructueux avec une entreprise qui se consacre \u00e0 votre succ\u00e8s.<\/p>\t\t\t\t\t\t\t\t<\/div>\n\t\t\t\t<\/div>\n\t\t\t\t\t<\/div>\n\t\t\t\t<\/div>\n\t\t<div class=\"elementor-element elementor-element-2dff8361 e-flex e-con-boxed e-con e-parent\" data-id=\"2dff8361\" data-element_type=\"container\" data-e-type=\"container\">\n\t\t\t\t\t<div class=\"e-con-inner\">\n\t\t<div class=\"elementor-element elementor-element-77cf39c4 e-flex e-con-boxed e-con e-child\" data-id=\"77cf39c4\" data-element_type=\"container\" data-e-type=\"container\" data-settings=\"{&quot;background_background&quot;:&quot;classic&quot;}\">\n\t\t\t\t\t<div class=\"e-con-inner\">\n\t\t\t\t<div class=\"elementor-element elementor-element-37cacccb elementor-widget elementor-widget-heading\" data-id=\"37cacccb\" data-element_type=\"widget\" data-e-type=\"widget\" data-widget_type=\"heading.default\">\n\t\t\t\t<div class=\"elementor-widget-container\">\n\t\t\t\t\t<h2 class=\"elementor-heading-title elementor-size-default\">Formulaire de contact <\/h2>\t\t\t\t<\/div>\n\t\t\t\t<\/div>\n\t\t\t\t<div class=\"elementor-element elementor-element-62fd9ebf elementor-button-align-center elementor-widget elementor-widget-form\" data-id=\"62fd9ebf\" data-element_type=\"widget\" data-e-type=\"widget\" data-settings=\"{&quot;step_next_label&quot;:&quot;Next&quot;,&quot;step_previous_label&quot;:&quot;Previous&quot;,&quot;step_type&quot;:&quot;number_text&quot;,&quot;step_icon_shape&quot;:&quot;circle&quot;}\" data-widget_type=\"form.default\">\n\t\t\t\t<div class=\"elementor-widget-container\">\n\t\t\t\t\t\t\t<form class=\"elementor-form\" method=\"post\" name=\"New Form\" aria-label=\"New Form\">\n\t\t\t<input type=\"hidden\" name=\"post_id\" value=\"8556\"\/>\n\t\t\t<input type=\"hidden\" name=\"form_id\" value=\"62fd9ebf\"\/>\n\t\t\t<input type=\"hidden\" name=\"referer_title\" value=\"Devenir Distributeur - Alyors\" \/>\n\n\t\t\t\t\t\t\t<input type=\"hidden\" name=\"queried_id\" value=\"8556\"\/>\n\t\t\t\n\t\t\t<div class=\"elementor-form-fields-wrapper elementor-labels-\">\n\t\t\t\t\t\t\t\t<div class=\"elementor-field-type-text elementor-field-group elementor-column elementor-field-group-name elementor-col-25 elementor-field-required\">\n\t\t\t\t\t\t\t\t\t\t\t\t<label for=\"form-field-name\" class=\"elementor-field-label elementor-screen-only\">\n\t\t\t\t\t\t\t\tNom et pr\u00e9nom*\t\t\t\t\t\t\t<\/label>\n\t\t\t\t\t\t\t\t\t\t\t\t\t\t<input size=\"1\" type=\"text\" name=\"form_fields[name]\" id=\"form-field-name\" class=\"elementor-field elementor-size-md  elementor-field-textual\" placeholder=\"Nom et pr\u00e9nom*\" required=\"required\">\n\t\t\t\t\t\t\t\t\t\t\t<\/div>\n\t\t\t\t\t\t\t\t<div class=\"elementor-field-type-text elementor-field-group elementor-column elementor-field-group-field_ee287e8 elementor-col-50 elementor-field-required\">\n\t\t\t\t\t\t\t\t\t\t\t\t<label for=\"form-field-field_ee287e8\" class=\"elementor-field-label elementor-screen-only\">\n\t\t\t\t\t\t\t\tNom de l'entreprise*\t\t\t\t\t\t\t<\/label>\n\t\t\t\t\t\t\t\t\t\t\t\t\t\t<input size=\"1\" type=\"text\" name=\"form_fields[field_ee287e8]\" id=\"form-field-field_ee287e8\" class=\"elementor-field elementor-size-md  elementor-field-textual\" placeholder=\"Nom de l&#039;entreprise*\" required=\"required\">\n\t\t\t\t\t\t\t\t\t\t\t<\/div>\n\t\t\t\t\t\t\t\t<div class=\"elementor-field-type-text elementor-field-group elementor-column elementor-field-group-field_b5e644d elementor-col-25\">\n\t\t\t\t\t\t\t\t\t\t\t\t<label for=\"form-field-field_b5e644d\" class=\"elementor-field-label elementor-screen-only\">\n\t\t\t\t\t\t\t\tPays d'origine*\t\t\t\t\t\t\t<\/label>\n\t\t\t\t\t\t\t\t\t\t\t\t\t\t<input size=\"1\" type=\"text\" name=\"form_fields[field_b5e644d]\" id=\"form-field-field_b5e644d\" class=\"elementor-field elementor-size-md  elementor-field-textual\" placeholder=\"Pays d&#039;origine*\">\n\t\t\t\t\t\t\t\t\t\t\t<\/div>\n\t\t\t\t\t\t\t\t<div class=\"elementor-field-type-email elementor-field-group elementor-column elementor-field-group-email elementor-col-50 elementor-field-required\">\n\t\t\t\t\t\t\t\t\t\t\t\t<label for=\"form-field-email\" class=\"elementor-field-label elementor-screen-only\">\n\t\t\t\t\t\t\t\tAdresse \u00e9lectronique \t\t\t\t\t\t\t<\/label>\n\t\t\t\t\t\t\t\t\t\t\t\t\t\t<input size=\"1\" type=\"email\" name=\"form_fields[email]\" id=\"form-field-email\" class=\"elementor-field elementor-size-md  elementor-field-textual\" placeholder=\"Adresse \u00e9lectronique \" required=\"required\">\n\t\t\t\t\t\t\t\t\t\t\t<\/div>\n\t\t\t\t\t\t\t\t<div class=\"elementor-field-type-text elementor-field-group elementor-column elementor-field-group-field_4ff4910 elementor-col-50\">\n\t\t\t\t\t\t\t\t\t\t\t\t<label for=\"form-field-field_4ff4910\" class=\"elementor-field-label elementor-screen-only\">\n\t\t\t\t\t\t\t\tT\u00e9l\u00e9phone\t\t\t\t\t\t\t<\/label>\n\t\t\t\t\t\t\t\t\t\t\t\t\t\t<input size=\"1\" type=\"text\" name=\"form_fields[field_4ff4910]\" id=\"form-field-field_4ff4910\" class=\"elementor-field elementor-size-md  elementor-field-textual\" placeholder=\"T\u00e9l\u00e9phone\">\n\t\t\t\t\t\t\t\t\t\t\t<\/div>\n\t\t\t\t\t\t\t\t<div class=\"elementor-field-type-textarea elementor-field-group elementor-column elementor-field-group-message elementor-col-100\">\n\t\t\t\t\t\t\t\t\t\t\t\t<label for=\"form-field-message\" class=\"elementor-field-label elementor-screen-only\">\n\t\t\t\t\t\t\t\tMessage\t\t\t\t\t\t\t<\/label>\n\t\t\t\t\t\t<textarea class=\"elementor-field-textual elementor-field  elementor-size-md\" name=\"form_fields[message]\" id=\"form-field-message\" rows=\"4\" placeholder=\"Message\"><\/textarea>\t\t\t\t<\/div>\n\t\t\t\t\t\t\t\t<div class=\"elementor-field-type-checkbox elementor-field-group elementor-column elementor-field-group-privacy_policy elementor-col-100\">\n\t\t\t\t\t\t\t\t\t\t\t\t<label for=\"form-field-privacy_policy\" class=\"elementor-field-label elementor-screen-only\">\n\t\t\t\t\t\t\t\tPrivacy Policy\t\t\t\t\t\t\t<\/label>\n\t\t\t\t\t\t<div class=\"elementor-field-subgroup  \"><span class=\"elementor-field-option\"><input type=\"checkbox\" value=\"J&#039;accepte que toute donn\u00e9e personnelle ne soit trait\u00e9e que conform\u00e9ment \u00e0 la &lt;a href=&quot;\/wp-content\/uploads\/2024\/03\/alyors-privacy-policy.pdf&quot; target=&quot;_blank&quot;&gt;politique de confidentialit\u00e9 d&#039;Alyors&lt;\/a&gt;. Vous pouvez acc\u00e9der aux obligations d&#039;information sur la protection des donn\u00e9es conform\u00e9ment \u00e0 l&#039;Art. 13 GDPR ici.\" id=\"form-field-privacy_policy-0\" name=\"form_fields[privacy_policy]\"> <label for=\"form-field-privacy_policy-0\">J'accepte que toute donn\u00e9e personnelle ne soit trait\u00e9e que conform\u00e9ment \u00e0 la <a href=\"\/wp-content\/uploads\/2024\/03\/alyors-privacy-policy.pdf\" target=\"_blank\">politique de confidentialit\u00e9 d'Alyors<\/a>. Vous pouvez acc\u00e9der aux obligations d'information sur la protection des donn\u00e9es conform\u00e9ment \u00e0 l'Art. 13 GDPR ici.<\/label><\/span><\/div>\t\t\t\t<\/div>\n\t\t\t\t\t\t\t\t<div class=\"elementor-field-type-recaptcha_v3 elementor-field-group elementor-column elementor-field-group-field_52c377f elementor-col-100 recaptcha_v3-bottomleft\">\n\t\t\t\t\t<div class=\"elementor-field\" id=\"form-field-field_52c377f\"><div class=\"elementor-g-recaptcha\" data-sitekey=\"6LfBhoopAAAAAIF86GhwVudVDQIdoJ43GJP9p51Z\" data-type=\"v3\" data-action=\"Form\" data-badge=\"bottomleft\" data-size=\"invisible\"><\/div><\/div>\t\t\t\t<\/div>\n\t\t\t\t\t\t\t\t<div class=\"elementor-field-group elementor-column elementor-field-type-submit elementor-col-100 e-form__buttons\">\n\t\t\t\t\t<button class=\"elementor-button elementor-size-sm\" type=\"submit\">\n\t\t\t\t\t\t<span class=\"elementor-button-content-wrapper\">\n\t\t\t\t\t\t\t\t\t\t\t\t\t\t\t\t\t\t\t\t\t\t<span class=\"elementor-button-text\">ENVOYER<\/span>\n\t\t\t\t\t\t\t\t\t\t\t\t\t<\/span>\n\t\t\t\t\t<\/button>\n\t\t\t\t<\/div>\n\t\t\t<\/div>\n\t\t<\/form>\n\t\t\t\t\t\t<\/div>\n\t\t\t\t<\/div>\n\t\t\t\t\t<\/div>\n\t\t\t\t<\/div>\n\t\t\t\t\t<\/div>\n\t\t\t\t<\/div>\n\t\t\t\t<\/div>\n\t\t","protected":false},"excerpt":{"rendered":"<p>Vous souhaitez devenir distributeur d&rsquo;Alyors, le principal producteur de compl\u00e9ments alimentaires, de produits dermocosm\u00e9tiques, de dispositifs m\u00e9dicaux et de produits consommables, ainsi que de produits de sant\u00e9 animale? Nous disposons d&rsquo;une large gamme de plus de 750 produits de haute qualit\u00e9 auxquels les clients font confiance dans le monde entier. Chez Alyors, nous nous engageons [&hellip;]<\/p>\n","protected":false},"author":1,"featured_media":8558,"parent":9366,"menu_order":0,"comment_status":"closed","ping_status":"closed","template":"","meta":{"_acf_changed":false,"inline_featured_image":false,"footnotes":""},"class_list":["post-8556","page","type-page","status-publish","has-post-thumbnail","hentry"],"acf":[],"_links":{"self":[{"href":"https:\/\/www.alyors.com\/fr\/wp-json\/wp\/v2\/pages\/8556","targetHints":{"allow":["GET"]}}],"collection":[{"href":"https:\/\/www.alyors.com\/fr\/wp-json\/wp\/v2\/pages"}],"about":[{"href":"https:\/\/www.alyors.com\/fr\/wp-json\/wp\/v2\/types\/page"}],"author":[{"embeddable":true,"href":"https:\/\/www.alyors.com\/fr\/wp-json\/wp\/v2\/users\/1"}],"replies":[{"embeddable":true,"href":"https:\/\/www.alyors.com\/fr\/wp-json\/wp\/v2\/comments?post=8556"}],"version-history":[{"count":13,"href":"https:\/\/www.alyors.com\/fr\/wp-json\/wp\/v2\/pages\/8556\/revisions"}],"predecessor-version":[{"id":9345,"href":"https:\/\/www.alyors.com\/fr\/wp-json\/wp\/v2\/pages\/8556\/revisions\/9345"}],"up":[{"embeddable":true,"href":"https:\/\/www.alyors.com\/fr\/wp-json\/wp\/v2\/pages\/9366"}],"wp:featuredmedia":[{"embeddable":true,"href":"https:\/\/www.alyors.com\/fr\/wp-json\/wp\/v2\/media\/8558"}],"wp:attachment":[{"href":"https:\/\/www.alyors.com\/fr\/wp-json\/wp\/v2\/media?parent=8556"}],"curies":[{"name":"wp","href":"https:\/\/api.w.org\/{rel}","templated":true}]}}