{"id":8569,"date":"2024-03-04T07:02:51","date_gmt":"2024-03-04T07:02:51","guid":{"rendered":"https:\/\/www.alyors.com\/?page_id=8569"},"modified":"2024-10-15T18:25:06","modified_gmt":"2024-10-15T18:25:06","slug":"fabrication-en-sous-traitance","status":"publish","type":"page","link":"https:\/\/www.alyors.com\/fr\/services\/fabrication-en-sous-traitance\/","title":{"rendered":"Fabrication En Sous-Traitance"},"content":{"rendered":"\t\t<div data-elementor-type=\"wp-page\" data-elementor-id=\"8569\" class=\"elementor elementor-8569 elementor-2210\" data-elementor-post-type=\"page\">\n\t\t\t\t<div class=\"elementor-element elementor-element-70fb24b e-flex e-con-boxed e-con e-parent\" data-id=\"70fb24b\" data-element_type=\"container\" data-e-type=\"container\">\n\t\t\t\t\t<div class=\"e-con-inner\">\n\t\t<div class=\"elementor-element elementor-element-2541319 e-con-full e-flex e-con e-child\" data-id=\"2541319\" data-element_type=\"container\" data-e-type=\"container\">\n\t\t\t\t<div class=\"elementor-element elementor-element-fd0a590 elementor-widget elementor-widget-text-editor\" data-id=\"fd0a590\" data-element_type=\"widget\" data-e-type=\"widget\" data-widget_type=\"text-editor.default\">\n\t\t\t\t<div class=\"elementor-widget-container\">\n\t\t\t\t\t\t\t\t\t<p>Alyors est l&rsquo;un des principaux fabricants de compl\u00e9ments alimentaires, de produits dermo-cosm\u00e9tiques, de dispositifs m\u00e9dicaux et de produits consommables sous marque de distributeur. Avec des ann\u00e9es d&rsquo;exp\u00e9rience dans l&rsquo;industrie, nous avons acquis la r\u00e9putation de fournir des produits de haute qualit\u00e9 qui r\u00e9pondent aux besoins uniques de nos clients.<\/p><p>Nos installations de pointe et notre technologie avanc\u00e9e nous permettent de produire une large gamme de produits en<\/p><h4>Compl\u00e9ments Alimentaires<\/h4><p>Comprim\u00e9s, g\u00e9lules, softgels, gommes, sachets, effervescents, liquides et poudres de vitamines, min\u00e9raux, suppl\u00e9ments sp\u00e9ciaux et suppl\u00e9ments \u00e0 base de plantes.<\/p><h4>Dermocosm\u00e9tique<\/h4><p>Produits de gel et de peeling, shampooings et mousses, s\u00e9rums pour le soin des cheveux et du visage, cr\u00e8mes, toniques et lotions pour le soin de la peau, complexes d&rsquo;huiles et \u00e9crans solaires UVA et UVB,<\/p><h4>Dispositifs M\u00e9dicaux et Consommables<\/h4><p>embouts \u00e0 insuline, trousses de premiers secours, patchs, coussinets et bandages pour les yeux, gaze et bandage, bandages et compresses de gel, compresses de gaz et tampons de coton, corset et genouill\u00e8res, n\u00e9buliseurs, Bittox, injection intra-genou (Genum), aiguille pour stylo \u00e0 insuline, eau de mer\/eau de mer, spray anti-poux, s\u00e9rum physiologique en spray\/goutte, s\u00e9rum physiologique en flacon, aspirateur nasal et embout, et formes de rin\u00e7age des sinus.\u00a0<\/p><p>Cela nous permet d&rsquo;offrir une s\u00e9lection vari\u00e9e de produits \u00e0 nos clients, qui peuvent choisir le format qui r\u00e9pond le mieux \u00e0 leurs besoins.<\/p><p>Chez Alyors, nous comprenons que chaque client a des besoins et des exigences uniques. C&rsquo;est pourquoi nous offrons des services de marque priv\u00e9e, qui permettent \u00e0 nos clients de personnaliser leurs produits pour r\u00e9pondre \u00e0 leurs besoins sp\u00e9cifiques. Notre \u00e9quipe d&rsquo;experts travaille en \u00e9troite collaboration avec chaque client pour s&rsquo;assurer que leurs produits r\u00e9pondent \u00e0 leurs sp\u00e9cifications exactes, de la formulation \u00e0 l&#8217;emballage.<\/p><p>Nous sommes fiers de notre engagement en mati\u00e8re de qualit\u00e9 et de s\u00e9curit\u00e9, et nous n&rsquo;utilisons que les meilleurs ingr\u00e9dients dans nos produits. Notre processus de fabrication est soumis \u00e0 des normes de contr\u00f4le de qualit\u00e9 rigoureuses et nos produits font l&rsquo;objet de tests approfondis pour garantir leur s\u00e9curit\u00e9 et leur efficacit\u00e9.<\/p><p>Que vous cherchiez \u00e0 cr\u00e9er une nouvelle ligne de produits ou \u00e0 \u00e9tendre votre ligne existante, Alyors est votre partenaire de confiance pour les compl\u00e9ments alimentaires, les produits dermocosm\u00e9tiques, les dispositifs m\u00e9dicaux et les consommables sous marque de distributeur. Remplissez le formulaire d\u00e8s aujourd&rsquo;hui pour en savoir plus sur nos services et sur la fa\u00e7on dont nous pouvons vous aider \u00e0 atteindre vos objectifs.<\/p>\t\t\t\t\t\t\t\t<\/div>\n\t\t\t\t<\/div>\n\t\t\t\t<\/div>\n\t\t<div class=\"elementor-element elementor-element-9a82478 e-con-full e-flex e-con e-child\" data-id=\"9a82478\" data-element_type=\"container\" data-e-type=\"container\">\n\t\t\t\t<div class=\"elementor-element elementor-element-53def52 elementor-widget elementor-widget-image\" data-id=\"53def52\" data-element_type=\"widget\" data-e-type=\"widget\" data-widget_type=\"image.default\">\n\t\t\t\t<div class=\"elementor-widget-container\">\n\t\t\t\t\t\t\t\t\t\t\t\t\t\t\t<img fetchpriority=\"high\" decoding=\"async\" width=\"683\" height=\"1024\" src=\"https:\/\/www.alyors.com\/wp-content\/uploads\/2024\/03\/ar-ge-683x1024.webp\" class=\"attachment-large size-large wp-image-8571\" alt=\"\" srcset=\"https:\/\/www.alyors.com\/wp-content\/uploads\/2024\/03\/ar-ge-683x1024.webp 683w, https:\/\/www.alyors.com\/wp-content\/uploads\/2024\/03\/ar-ge-200x300.webp 200w, https:\/\/www.alyors.com\/wp-content\/uploads\/2024\/03\/ar-ge-768x1152.webp 768w, https:\/\/www.alyors.com\/wp-content\/uploads\/2024\/03\/ar-ge.webp 780w\" sizes=\"(max-width: 683px) 100vw, 683px\" \/>\t\t\t\t\t\t\t\t\t\t\t\t\t\t\t<\/div>\n\t\t\t\t<\/div>\n\t\t\t\t<\/div>\n\t\t\t\t\t<\/div>\n\t\t\t\t<\/div>\n\t\t<div class=\"elementor-element elementor-element-cbf07a1 e-flex e-con-boxed e-con e-parent\" data-id=\"cbf07a1\" data-element_type=\"container\" data-e-type=\"container\">\n\t\t\t\t\t<div class=\"e-con-inner\">\n\t\t<div class=\"elementor-element elementor-element-1404a8b e-flex e-con-boxed e-con e-child\" data-id=\"1404a8b\" data-element_type=\"container\" data-e-type=\"container\" data-settings=\"{&quot;background_background&quot;:&quot;classic&quot;}\">\n\t\t\t\t\t<div class=\"e-con-inner\">\n\t\t\t\t<div class=\"elementor-element elementor-element-0461d7b elementor-widget elementor-widget-heading\" data-id=\"0461d7b\" data-element_type=\"widget\" data-e-type=\"widget\" data-widget_type=\"heading.default\">\n\t\t\t\t<div class=\"elementor-widget-container\">\n\t\t\t\t\t<h2 class=\"elementor-heading-title elementor-size-default\">Formulaire de contact <\/h2>\t\t\t\t<\/div>\n\t\t\t\t<\/div>\n\t\t\t\t<div class=\"elementor-element elementor-element-0e3e683 elementor-button-align-center elementor-widget elementor-widget-form\" data-id=\"0e3e683\" data-element_type=\"widget\" data-e-type=\"widget\" data-settings=\"{&quot;step_next_label&quot;:&quot;Next&quot;,&quot;step_previous_label&quot;:&quot;Previous&quot;,&quot;step_type&quot;:&quot;number_text&quot;,&quot;step_icon_shape&quot;:&quot;circle&quot;}\" data-widget_type=\"form.default\">\n\t\t\t\t<div class=\"elementor-widget-container\">\n\t\t\t\t\t\t\t<form class=\"elementor-form\" method=\"post\" name=\"New Form\" aria-label=\"New Form\">\n\t\t\t<input type=\"hidden\" name=\"post_id\" value=\"8569\"\/>\n\t\t\t<input type=\"hidden\" name=\"form_id\" value=\"0e3e683\"\/>\n\t\t\t<input type=\"hidden\" name=\"referer_title\" value=\"\" \/>\n\n\t\t\t\n\t\t\t<div class=\"elementor-form-fields-wrapper elementor-labels-\">\n\t\t\t\t\t\t\t\t<div class=\"elementor-field-type-text elementor-field-group elementor-column elementor-field-group-name elementor-col-25 elementor-field-required\">\n\t\t\t\t\t\t\t\t\t\t\t\t<label for=\"form-field-name\" class=\"elementor-field-label elementor-screen-only\">\n\t\t\t\t\t\t\t\tNom et pr\u00e9nom*\t\t\t\t\t\t\t<\/label>\n\t\t\t\t\t\t\t\t\t\t\t\t\t\t<input size=\"1\" type=\"text\" name=\"form_fields[name]\" id=\"form-field-name\" class=\"elementor-field elementor-size-md  elementor-field-textual\" placeholder=\"Nom et pr\u00e9nom*\" required=\"required\">\n\t\t\t\t\t\t\t\t\t\t\t<\/div>\n\t\t\t\t\t\t\t\t<div class=\"elementor-field-type-text elementor-field-group elementor-column elementor-field-group-field_ee287e8 elementor-col-50 elementor-field-required\">\n\t\t\t\t\t\t\t\t\t\t\t\t<label for=\"form-field-field_ee287e8\" class=\"elementor-field-label elementor-screen-only\">\n\t\t\t\t\t\t\t\tNom de l'entreprise*\t\t\t\t\t\t\t<\/label>\n\t\t\t\t\t\t\t\t\t\t\t\t\t\t<input size=\"1\" type=\"text\" name=\"form_fields[field_ee287e8]\" id=\"form-field-field_ee287e8\" class=\"elementor-field elementor-size-md  elementor-field-textual\" placeholder=\"Nom de l&#039;entreprise*\" required=\"required\">\n\t\t\t\t\t\t\t\t\t\t\t<\/div>\n\t\t\t\t\t\t\t\t<div class=\"elementor-field-type-text elementor-field-group elementor-column elementor-field-group-field_b5e644d elementor-col-25\">\n\t\t\t\t\t\t\t\t\t\t\t\t<label for=\"form-field-field_b5e644d\" class=\"elementor-field-label elementor-screen-only\">\n\t\t\t\t\t\t\t\tPays d'origine*\t\t\t\t\t\t\t<\/label>\n\t\t\t\t\t\t\t\t\t\t\t\t\t\t<input size=\"1\" type=\"text\" name=\"form_fields[field_b5e644d]\" id=\"form-field-field_b5e644d\" class=\"elementor-field elementor-size-md  elementor-field-textual\" placeholder=\"Pays d&#039;origine*\">\n\t\t\t\t\t\t\t\t\t\t\t<\/div>\n\t\t\t\t\t\t\t\t<div class=\"elementor-field-type-email elementor-field-group elementor-column elementor-field-group-email elementor-col-50 elementor-field-required\">\n\t\t\t\t\t\t\t\t\t\t\t\t<label for=\"form-field-email\" class=\"elementor-field-label elementor-screen-only\">\n\t\t\t\t\t\t\t\tAdresse \u00e9lectronique \t\t\t\t\t\t\t<\/label>\n\t\t\t\t\t\t\t\t\t\t\t\t\t\t<input size=\"1\" type=\"email\" name=\"form_fields[email]\" id=\"form-field-email\" class=\"elementor-field elementor-size-md  elementor-field-textual\" placeholder=\"Adresse \u00e9lectronique \" required=\"required\">\n\t\t\t\t\t\t\t\t\t\t\t<\/div>\n\t\t\t\t\t\t\t\t<div class=\"elementor-field-type-text elementor-field-group elementor-column elementor-field-group-field_4ff4910 elementor-col-50\">\n\t\t\t\t\t\t\t\t\t\t\t\t<label for=\"form-field-field_4ff4910\" class=\"elementor-field-label elementor-screen-only\">\n\t\t\t\t\t\t\t\tT\u00e9l\u00e9phone\t\t\t\t\t\t\t<\/label>\n\t\t\t\t\t\t\t\t\t\t\t\t\t\t<input size=\"1\" type=\"text\" name=\"form_fields[field_4ff4910]\" id=\"form-field-field_4ff4910\" class=\"elementor-field elementor-size-md  elementor-field-textual\" placeholder=\"T\u00e9l\u00e9phone\">\n\t\t\t\t\t\t\t\t\t\t\t<\/div>\n\t\t\t\t\t\t\t\t<div class=\"elementor-field-type-textarea elementor-field-group elementor-column elementor-field-group-message elementor-col-100\">\n\t\t\t\t\t\t\t\t\t\t\t\t<label for=\"form-field-message\" class=\"elementor-field-label elementor-screen-only\">\n\t\t\t\t\t\t\t\tMessage\t\t\t\t\t\t\t<\/label>\n\t\t\t\t\t\t<textarea class=\"elementor-field-textual elementor-field  elementor-size-md\" name=\"form_fields[message]\" id=\"form-field-message\" rows=\"4\" placeholder=\"Message\"><\/textarea>\t\t\t\t<\/div>\n\t\t\t\t\t\t\t\t<div class=\"elementor-field-type-checkbox elementor-field-group elementor-column elementor-field-group-privacy_policy elementor-col-100\">\n\t\t\t\t\t\t\t\t\t\t\t\t<label for=\"form-field-privacy_policy\" class=\"elementor-field-label elementor-screen-only\">\n\t\t\t\t\t\t\t\tPrivacy Policy\t\t\t\t\t\t\t<\/label>\n\t\t\t\t\t\t<div class=\"elementor-field-subgroup  \"><span class=\"elementor-field-option\"><input type=\"checkbox\" value=\"J&#039;accepte que toute donn\u00e9e personnelle ne soit trait\u00e9e que conform\u00e9ment \u00e0 la &lt;a href=&quot;\/wp-content\/uploads\/2024\/03\/alyors-privacy-policy.pdf&quot; target=&quot;_blank&quot;&gt;politique de confidentialit\u00e9 d&#039;Alyors&lt;\/a&gt;. Vous pouvez acc\u00e9der aux obligations d&#039;information sur la protection des donn\u00e9es conform\u00e9ment \u00e0 l&#039;Art. 13 GDPR ici.\" id=\"form-field-privacy_policy-0\" name=\"form_fields[privacy_policy]\"> <label for=\"form-field-privacy_policy-0\">J'accepte que toute donn\u00e9e personnelle ne soit trait\u00e9e que conform\u00e9ment \u00e0 la <a href=\"\/wp-content\/uploads\/2024\/03\/alyors-privacy-policy.pdf\" target=\"_blank\">politique de confidentialit\u00e9 d'Alyors<\/a>. Vous pouvez acc\u00e9der aux obligations d'information sur la protection des donn\u00e9es conform\u00e9ment \u00e0 l'Art. 13 GDPR ici.<\/label><\/span><\/div>\t\t\t\t<\/div>\n\t\t\t\t\t\t\t\t<div class=\"elementor-field-type-recaptcha_v3 elementor-field-group elementor-column elementor-field-group-field_52c377f elementor-col-100 recaptcha_v3-bottomleft\">\n\t\t\t\t\t<div class=\"elementor-field\" id=\"form-field-field_52c377f\"><div class=\"elementor-g-recaptcha\" data-sitekey=\"6LfBhoopAAAAAIF86GhwVudVDQIdoJ43GJP9p51Z\" data-type=\"v3\" data-action=\"Form\" data-badge=\"bottomleft\" data-size=\"invisible\"><\/div><\/div>\t\t\t\t<\/div>\n\t\t\t\t\t\t\t\t<div class=\"elementor-field-group elementor-column elementor-field-type-submit elementor-col-100 e-form__buttons\">\n\t\t\t\t\t<button class=\"elementor-button elementor-size-sm\" type=\"submit\">\n\t\t\t\t\t\t<span class=\"elementor-button-content-wrapper\">\n\t\t\t\t\t\t\t\t\t\t\t\t\t\t\t\t\t\t\t\t\t\t<span class=\"elementor-button-text\">ENVOYER<\/span>\n\t\t\t\t\t\t\t\t\t\t\t\t\t<\/span>\n\t\t\t\t\t<\/button>\n\t\t\t\t<\/div>\n\t\t\t<\/div>\n\t\t<\/form>\n\t\t\t\t\t\t<\/div>\n\t\t\t\t<\/div>\n\t\t\t\t\t<\/div>\n\t\t\t\t<\/div>\n\t\t\t\t\t<\/div>\n\t\t\t\t<\/div>\n\t\t\t\t<\/div>\n\t\t","protected":false},"excerpt":{"rendered":"<p>Alyors est l&rsquo;un des principaux fabricants de compl\u00e9ments alimentaires, de produits dermo-cosm\u00e9tiques, de dispositifs m\u00e9dicaux et de produits consommables sous marque de distributeur. Avec des ann\u00e9es d&rsquo;exp\u00e9rience dans l&rsquo;industrie, nous avons acquis la r\u00e9putation de fournir des produits de haute qualit\u00e9 qui r\u00e9pondent aux besoins uniques de nos clients. Nos installations de pointe et notre [&hellip;]<\/p>\n","protected":false},"author":1,"featured_media":8570,"parent":9366,"menu_order":0,"comment_status":"closed","ping_status":"closed","template":"","meta":{"_acf_changed":false,"inline_featured_image":false,"footnotes":""},"class_list":["post-8569","page","type-page","status-publish","has-post-thumbnail","hentry"],"acf":[],"_links":{"self":[{"href":"https:\/\/www.alyors.com\/fr\/wp-json\/wp\/v2\/pages\/8569","targetHints":{"allow":["GET"]}}],"collection":[{"href":"https:\/\/www.alyors.com\/fr\/wp-json\/wp\/v2\/pages"}],"about":[{"href":"https:\/\/www.alyors.com\/fr\/wp-json\/wp\/v2\/types\/page"}],"author":[{"embeddable":true,"href":"https:\/\/www.alyors.com\/fr\/wp-json\/wp\/v2\/users\/1"}],"replies":[{"embeddable":true,"href":"https:\/\/www.alyors.com\/fr\/wp-json\/wp\/v2\/comments?post=8569"}],"version-history":[{"count":7,"href":"https:\/\/www.alyors.com\/fr\/wp-json\/wp\/v2\/pages\/8569\/revisions"}],"predecessor-version":[{"id":8578,"href":"https:\/\/www.alyors.com\/fr\/wp-json\/wp\/v2\/pages\/8569\/revisions\/8578"}],"up":[{"embeddable":true,"href":"https:\/\/www.alyors.com\/fr\/wp-json\/wp\/v2\/pages\/9366"}],"wp:featuredmedia":[{"embeddable":true,"href":"https:\/\/www.alyors.com\/fr\/wp-json\/wp\/v2\/media\/8570"}],"wp:attachment":[{"href":"https:\/\/www.alyors.com\/fr\/wp-json\/wp\/v2\/media?parent=8569"}],"curies":[{"name":"wp","href":"https:\/\/api.w.org\/{rel}","templated":true}]}}