{"id":8789,"date":"2024-10-18T18:48:30","date_gmt":"2024-10-18T18:48:30","guid":{"rendered":"https:\/\/www.alyors.com\/?page_id=8789"},"modified":"2024-10-18T19:45:28","modified_gmt":"2024-10-18T19:45:28","slug":"politique-en-matiere-de-cookies","status":"publish","type":"page","link":"https:\/\/www.alyors.com\/fr\/politique-en-matiere-de-cookies\/","title":{"rendered":"Politique en mati\u00e8re de cookies"},"content":{"rendered":"\t\t<div data-elementor-type=\"wp-page\" data-elementor-id=\"8789\" class=\"elementor elementor-8789 elementor-8764\" data-elementor-post-type=\"page\">\n\t\t\t\t<div class=\"elementor-element elementor-element-9c714c7 e-flex e-con-boxed e-con e-parent\" data-id=\"9c714c7\" data-element_type=\"container\" data-e-type=\"container\">\n\t\t\t\t\t<div class=\"e-con-inner\">\n\t\t\t\t<div class=\"elementor-element elementor-element-2c4f0ea elementor-widget elementor-widget-text-editor\" data-id=\"2c4f0ea\" data-element_type=\"widget\" data-e-type=\"widget\" data-widget_type=\"text-editor.default\">\n\t\t\t\t<div class=\"elementor-widget-container\">\n\t\t\t\t\t\t\t\t\t<p>Nous utilisons des cookies ou des technologies similaires pour analyser les tendances, administrer le site web, suivre les mouvements des utilisateurs sur le site web et recueillir des informations d\u00e9mographiques sur l&rsquo;ensemble de notre base d&rsquo;utilisateurs. Nous pouvons recevoir des rapports bas\u00e9s sur l&rsquo;utilisation de ces technologies par ces soci\u00e9t\u00e9s sur une base individuelle (c&rsquo;est-\u00e0-dire des rapports sur votre propre activit\u00e9) ainsi que sur une base agr\u00e9g\u00e9e (c&rsquo;est-\u00e0-dire des rapports sur l&rsquo;activit\u00e9 de tous les utilisateurs ou sur l&rsquo;activit\u00e9 de certains utilisateurs en tant que groupe).<\/p><p>Vous pouvez d\u00e9sactiver les cookies en modifiant les param\u00e8tres de votre navigateur web. Notez toutefois que sans cookies, vous ne pourrez peut-\u00eatre pas profiter pleinement de toutes les fonctionnalit\u00e9s des services.<\/p><p>Si vous souhaitez que vos informations de navigation ne soient pas utilis\u00e9es pour vous proposer des publicit\u00e9s, vous pouvez vous y opposer en nous contactant \u00e0 l&rsquo;adresse support@alyors.com. Veuillez noter que cela ne vous emp\u00eachera pas de recevoir des publicit\u00e9s. Vous continuerez \u00e0 recevoir des publicit\u00e9s g\u00e9n\u00e9riques.<\/p><p>Nos services peuvent \u00eatre pr\u00e9sent\u00e9s avec des fonctionnalit\u00e9s de m\u00e9dias sociaux, telles que le bouton \u00ab\u00a0J&rsquo;aime\u00a0\u00bb de Facebook. Ces fonctionnalit\u00e9s peuvent collecter votre adresse IP, la page que vous visitez sur notre site, et peuvent installer un cookie pour permettre \u00e0 la fonctionnalit\u00e9 de fonctionner correctement. Les fonctionnalit\u00e9s des m\u00e9dias sociaux sont soit h\u00e9berg\u00e9es par un tiers, soit h\u00e9berg\u00e9es directement sur nos services. Vos interactions avec ces fonctionnalit\u00e9s sont r\u00e9gies par la politique de confidentialit\u00e9 de la soci\u00e9t\u00e9 qui les fournit.<\/p><p><strong>CONSERVATION DES DONN\u00c9ES<\/strong><\/p><p>Nous ne conserverons vos informations personnelles qu&rsquo;aussi longtemps que n\u00e9cessaire (g\u00e9n\u00e9ralement 7 ans) pour atteindre les objectifs pour lesquels nous les avons collect\u00e9es, y compris pour satisfaire aux exigences l\u00e9gales, comptables ou de reporting auxquelles nous sommes soumis, ainsi que pour r\u00e9soudre les litiges et faire respecter nos accords.<\/p><p>Si vous souhaitez annuler votre compte ou demander que nous n&rsquo;utilisions plus vos informations pour vous fournir des services, contactez-nous \u00e0 l&rsquo;adresse support@alyors.com.<\/p><p><strong>SITES WEB DE TIERS<\/strong><\/p><p>Nos services peuvent fournir des liens vers des sites web exploit\u00e9s par des tiers pour votre commodit\u00e9 et votre information. Tous ces sites web et applications fonctionnent ind\u00e9pendamment de nous et nous ne contr\u00f4lons pas leurs pratiques en mati\u00e8re de protection de la vie priv\u00e9e. Nous vous encourageons \u00e0 consulter les politiques de confidentialit\u00e9 des sites web et applications de tiers que vous utilisez afin de mieux comprendre leurs pratiques en mati\u00e8re de confidentialit\u00e9.<\/p><p><strong>PROTECTION DES INFORMATIONS PERSONNELLES<\/strong><\/p><p>Nous appliquons des proc\u00e9dures de s\u00e9curit\u00e9 raisonnables pour nous prot\u00e9ger contre la perte, l&rsquo;utilisation abusive ou l&rsquo;acc\u00e8s non autoris\u00e9, la divulgation, l&rsquo;alt\u00e9ration ou la destruction des informations que vous fournissez par l&rsquo;interm\u00e9diaire de nos services. En outre, nous limitons l&rsquo;acc\u00e8s \u00e0 vos donn\u00e9es personnelles aux employ\u00e9s, agents, sous-traitants et autres tiers qui ont besoin de les conna\u00eetre pour des raisons professionnelles. Ils ne traiteront vos donn\u00e9es personnelles que sur nos instructions et sont soumis \u00e0 un devoir de confidentialit\u00e9.<\/p><p>Malheureusement, aucune transmission de donn\u00e9es sur l&rsquo;internet ou stock\u00e9es sur un serveur ne peut \u00eatre garantie \u00e0 100 %. Par cons\u00e9quent, bien que nous nous efforcions de prot\u00e9ger vos informations personnelles et votre vie priv\u00e9e, nous ne pouvons garantir la s\u00e9curit\u00e9 des informations que vous nous divulguez ou transmettez en ligne et nous ne pouvons \u00eatre tenus responsables du vol, de la destruction ou de la divulgation par inadvertance de vos informations personnelles. Si vous pr\u00e9f\u00e9rez ne pas transmettre votre num\u00e9ro de carte de cr\u00e9dit sur l&rsquo;internet, vous pouvez nous contacter en utilisant le num\u00e9ro gratuit indiqu\u00e9 sur le site web \u00e0 partir duquel vous souhaitez passer commande. Si vous avez des questions concernant la s\u00e9curit\u00e9, vous pouvez nous contacter \u00e0 l&rsquo;adresse suivante : support@alyors.com.<\/p><p><strong>LA VIE PRIV\u00c9E DES ENFANTS<\/strong><\/p><p>Nos services ne sont pas destin\u00e9s aux personnes de moins de 18 ans. Nous ne recueillons pas sciemment d&rsquo;informations personnellement identifiables aupr\u00e8s d&rsquo;enfants de moins de 18 ans. Si un parent ou un tuteur apprend que son enfant nous a fourni de telles informations sans son consentement, il doit nous contacter aux coordonn\u00e9es indiqu\u00e9es ci-dessous. Si nous apprenons qu&rsquo;un enfant de moins de 18 ans nous a fourni des informations personnelles, nous supprimerons ces informations de nos fichiers.<\/p><p><strong>INFORMATIONS COLLECT\u00c9ES<\/strong><\/p><p>Vous disposez de certains droits concernant vos informations personnelles :<\/p><p>Vous avez le droit de savoir si et comment nous utilisons vos informations personnelles, pourquoi nous les utilisons, combien de temps nous les conservons et avec qui nous les partageons. Vous avez \u00e9galement le droit de demander une copie gratuite de ce que nous poss\u00e9dons.<\/p><p>Vous avez le droit de demander une copie de vos informations personnelles pour votre usage personnel, y compris le partage avec d&rsquo;autres entit\u00e9s.<\/p><p>Si vous pensez que nous d\u00e9tenons des informations personnelles vous concernant qui sont inexactes, trompeuses ou incompl\u00e8tes, vous avez le droit de demander que nous corrigions ces informations dans nos dossiers.<\/p><p>Vous avez le droit de demander que nous supprimions vos informations personnelles de nos dossiers. Vous avez \u00e9galement le droit de demander que l&rsquo;utilisation de vos informations personnelles soit restreinte. Si vous consentez \u00e0 ce que nous utilisions vos informations personnelles, vous pouvez retirer votre consentement \u00e0 tout moment en nous contactant \u00e0 l&rsquo;adresse support@alyors.com. Il se peut que nous ayons besoin d&rsquo;un certain temps pour traiter votre demande, mais nous mettrons \u00e0 jour vos pr\u00e9f\u00e9rences dans un d\u00e9lai raisonnable ou nous vous informerons du retard et vous en expliquerons les raisons.<\/p><p>Si vous n&rsquo;\u00eates pas satisfait de la mani\u00e8re dont nous traitons vos informations personnelles, vous avez le droit de d\u00e9poser une plainte aupr\u00e8s de l&rsquo;autorit\u00e9 de contr\u00f4le de la protection des donn\u00e9es de votre pays d&rsquo;origine. Nous sommes tenus par la loi de conserver les dossiers de nos clients qui signalent des r\u00e9actions ind\u00e9sirables \u00e0 nos produits de compl\u00e9ment alimentaire. Nous vous demandons votre consentement explicite avant de recueillir des informations sur votre sant\u00e9 ou votre \u00e9tat de sant\u00e9. Nous n&rsquo;utiliserons ces informations que pour satisfaire \u00e0 nos obligations r\u00e9glementaires et l\u00e9gales et ne les partagerons pas avec des tiers. Vous pouvez retirer votre consentement \u00e0 tout moment en nous contactant comme indiqu\u00e9 ci-dessus.<\/p><p><strong>CONTACTEZ-NOUS<\/strong><\/p><p>Si vous avez des questions ou des commentaires sur la pr\u00e9sente politique de confidentialit\u00e9, ou si vous souhaitez que nous mettions \u00e0 jour les informations dont nous disposons \u00e0 votre sujet ou vos pr\u00e9f\u00e9rences, veuillez nous contacter \u00e0 l&rsquo;adresse suivante : support@alyors.com.<\/p>\t\t\t\t\t\t\t\t<\/div>\n\t\t\t\t<\/div>\n\t\t\t\t\t<\/div>\n\t\t\t\t<\/div>\n\t\t\t\t<\/div>\n\t\t","protected":false},"excerpt":{"rendered":"<p>Nous utilisons des cookies ou des technologies similaires pour analyser les tendances, administrer le site web, suivre les mouvements des utilisateurs sur le site web et recueillir des informations d\u00e9mographiques sur l&rsquo;ensemble de notre base d&rsquo;utilisateurs. Nous pouvons recevoir des rapports bas\u00e9s sur l&rsquo;utilisation de ces technologies par ces soci\u00e9t\u00e9s sur une base individuelle (c&rsquo;est-\u00e0-dire [&hellip;]<\/p>\n","protected":false},"author":1,"featured_media":0,"parent":0,"menu_order":0,"comment_status":"closed","ping_status":"closed","template":"","meta":{"_acf_changed":false,"inline_featured_image":false,"footnotes":""},"class_list":["post-8789","page","type-page","status-publish","hentry"],"acf":[],"_links":{"self":[{"href":"https:\/\/www.alyors.com\/fr\/wp-json\/wp\/v2\/pages\/8789","targetHints":{"allow":["GET"]}}],"collection":[{"href":"https:\/\/www.alyors.com\/fr\/wp-json\/wp\/v2\/pages"}],"about":[{"href":"https:\/\/www.alyors.com\/fr\/wp-json\/wp\/v2\/types\/page"}],"author":[{"embeddable":true,"href":"https:\/\/www.alyors.com\/fr\/wp-json\/wp\/v2\/users\/1"}],"replies":[{"embeddable":true,"href":"https:\/\/www.alyors.com\/fr\/wp-json\/wp\/v2\/comments?post=8789"}],"version-history":[{"count":4,"href":"https:\/\/www.alyors.com\/fr\/wp-json\/wp\/v2\/pages\/8789\/revisions"}],"predecessor-version":[{"id":8793,"href":"https:\/\/www.alyors.com\/fr\/wp-json\/wp\/v2\/pages\/8789\/revisions\/8793"}],"wp:attachment":[{"href":"https:\/\/www.alyors.com\/fr\/wp-json\/wp\/v2\/media?parent=8789"}],"curies":[{"name":"wp","href":"https:\/\/api.w.org\/{rel}","templated":true}]}}