{"id":8794,"date":"2024-10-18T19:12:40","date_gmt":"2024-10-18T19:12:40","guid":{"rendered":"https:\/\/www.alyors.com\/?page_id=8794"},"modified":"2024-10-18T19:47:28","modified_gmt":"2024-10-18T19:47:28","slug":"politique-de-confidentialite","status":"publish","type":"page","link":"https:\/\/www.alyors.com\/fr\/politique-de-confidentialite\/","title":{"rendered":"Politique de confidentialit\u00e9"},"content":{"rendered":"\t\t<div data-elementor-type=\"wp-page\" data-elementor-id=\"8794\" class=\"elementor elementor-8794 elementor-8772\" data-elementor-post-type=\"page\">\n\t\t\t\t<div class=\"elementor-element elementor-element-ba5e906 e-flex e-con-boxed e-con e-parent\" data-id=\"ba5e906\" data-element_type=\"container\" data-e-type=\"container\">\n\t\t\t\t\t<div class=\"e-con-inner\">\n\t\t\t\t<div class=\"elementor-element elementor-element-0955694 elementor-widget elementor-widget-text-editor\" data-id=\"0955694\" data-element_type=\"widget\" data-e-type=\"widget\" data-widget_type=\"text-editor.default\">\n\t\t\t\t<div class=\"elementor-widget-container\">\n\t\t\t\t\t\t\t\t\t<p>ALYORS (collectivement, \u00ab\u00a0SOCI\u00c9T\u00c9\u00a0\u00bb, \u00ab\u00a0nous\u00a0\u00bb, \u00ab\u00a0notre\u00a0\u00bb) s&rsquo;engage \u00e0 prot\u00e9ger la vie priv\u00e9e des utilisateurs (\u00ab\u00a0utilisateur\u00a0\u00bb, \u00ab\u00a0vous\u00a0\u00bb ou \u00ab\u00a0votre\u00a0\u00bb) de son site Internet. Le site web fait r\u00e9f\u00e9rence au site web h=ps:\/\/alyors.com et aux domaines connexes.<\/p><p>La pr\u00e9sente politique de confidentialit\u00e9 d\u00e9crit la mani\u00e8re dont le site web et les domaines connexes recueillent et utilisent les informations personnelles que vous fournissez \u00e0 la soci\u00e9t\u00e9 par l&rsquo;interm\u00e9diaire de ce site web et\/ou par l&rsquo;utilisation d&rsquo;autres services pouvant \u00eatre fournis par d&rsquo;autres moyens ou m\u00e9dias, y compris comme indiqu\u00e9 ci-dessous et comme d\u00e9fini dans les conditions g\u00e9n\u00e9rales applicables ou dans d&rsquo;autres conditions. Il d\u00e9crit \u00e9galement les choix qui s&rsquo;offrent \u00e0 vous concernant l&rsquo;utilisation de vos informations personnelles et la mani\u00e8re dont vous pouvez acc\u00e9der \u00e0 ces informations et les mettre \u00e0 jour.<\/p><p>En utilisant les produits ou services de l&rsquo;entreprise, vous acceptez la collecte, l&rsquo;utilisation et la divulgation de vos informations telles que d\u00e9crites dans la pr\u00e9sente politique de confidentialit\u00e9. Selon la mani\u00e8re dont nous interagissons avec vous, nous pouvons collecter, utiliser, stocker et transf\u00e9rer diff\u00e9rents types d&rsquo;informations personnelles vous concernant. Si vous choisissez de ne pas nous fournir ces informations, vous pouvez toujours acc\u00e9der \u00e0 certaines parties des sites et les utiliser. Toutefois, il se peut que vous ne puissiez pas utiliser les parties des sites qui exigent que vous fournissiez des informations personnelles, telles que la page de paiement.<\/p><p>Aux fins de la pr\u00e9sente politique de protection de la vie priv\u00e9e, on entend par \u00ab\u00a0informations personnelles\u00a0\u00bb les informations qui vous identifient, vous concernent ou vous d\u00e9crivent directement, ou qui pourraient raisonnablement \u00eatre li\u00e9es, directement ou indirectement, \u00e0 vous ou \u00e0 votre m\u00e9nage. Il est possible que des tiers soient en mesure de vous identifier personnellement par d&rsquo;autres moyens, notamment en associant des informations anonymes sur votre activit\u00e9 Internet \u00e0 d&rsquo;autres dossiers. Les informations que nous pouvons collecter sont les suivantes<\/p><p>des identifiants, tels que votre nom et votre titre<br \/>votre date de naissance ou votre sexe (si vous choisissez de nous en faire part)<br \/>des informations de contact, telles que votre adresse postale, votre adresse de facturation, votre adresse \u00e9lectronique et votre (vos) num\u00e9ro(s) de t\u00e9l\u00e9phone<br \/>les informations relatives au profil du compte, telles que votre nom d&rsquo;utilisateur ou un identifiant similaire<br \/>le mot de passe du compte<br \/>Historique des achats\/commandes<br \/>Informations commerciales, telles que les informations relatives aux cartes de cr\u00e9dit, cartes de d\u00e9bit et autres informations de paiement financier<br \/>Informations de correspondance, y compris tout ce que vous pouvez nous fournir dans vos communications avec nous, telles que votre utilisation pr\u00e9vue ou r\u00e9elle de nos produits, vos questions sur nos produits et les enregistrements de vos communications avec nous.<br \/>Informations relatives \u00e0 la sant\u00e9, en particulier toute r\u00e9action ind\u00e9sirable que vous pourriez avoir \u00e0 l&rsquo;un de nos produits et les informations pertinentes relatives \u00e0 la sant\u00e9 que vous choisissez de partager avec nous.<br \/>Informations relatives \u00e0 l&rsquo;activit\u00e9 Internet\/\u00e9lectronique, telles que votre adresse de protocole Internet (\u00ab\u00a0IP\u00a0\u00bb), le logiciel et la version de votre navigateur Internet.<br \/>si vous avez acc\u00e9d\u00e9 aux services par un lien provenant d&rsquo;un autre site web, des informations sur la page d&rsquo;o\u00f9 vous venez<br \/>l&rsquo;identifiant de votre appareil mobile et d&rsquo;autres informations sur les appareils que vous utilisez pour acc\u00e9der aux services<br \/>les informations relatives \u00e0 l&rsquo;activit\u00e9 en ligne, y compris les informations que nous pouvons recueillir par l&rsquo;utilisation de cookies, de pixels invisibles et d&rsquo;autres outils similaires qui nous indiquent les pages que vous choisissez de consulter et les requ\u00eates que vous effectuez \u00e0 l&rsquo;aide de notre fonction \u00ab\u00a0recherche\u00a0\u00bb.<br \/>Informations de marketing et de communication, telles que vos pr\u00e9f\u00e9rences pour recevoir des offres de marketing, de promotion et de vente de notre part, et des photographies contenant des images de vous lorsque vous choisissez de nous les fournir dans le cadre d&rsquo;une loterie ou d&rsquo;un concours.<br \/>Les produits et services propos\u00e9s sur les sites sont destin\u00e9s \u00e0 \u00eatre achet\u00e9s uniquement par des utilisateurs r\u00e9sidant aux \u00c9tats-Unis. Si vous utilisez les services depuis un pays autre que les \u00c9tats-Unis, y compris l&rsquo;Union europ\u00e9enne ou l&rsquo;Espace \u00e9conomique europ\u00e9en, et que vous nous fournissez des informations personnelles, veuillez noter que les \u00c9tats-Unis ont des lois sur la protection des donn\u00e9es qui peuvent ne pas \u00eatre compatibles avec celles d&rsquo;autres pays. Vos informations personnelles seront transf\u00e9r\u00e9es, stock\u00e9es et trait\u00e9es aux \u00c9tats-Unis \u00e0 l&rsquo;aide de m\u00e9canismes de transfert appropri\u00e9s, conform\u00e9ment \u00e0 la l\u00e9gislation applicable.<\/p><p>Ces transferts sont effectu\u00e9s soit pour nous permettre de vous fournir nos services, soit, lorsqu&rsquo;ils ne sont pas n\u00e9cessaires \u00e0 la fourniture de nos services (comme dans le cas de l&rsquo;envoi de communications marketing), uniquement avec votre consentement. Nous ne sommes toutefois pas en mesure de fournir nos services sans traiter vos informations personnelles aux \u00c9tats-Unis.<\/p><p>Nous ne partageons pas vos informations, votre nom, votre adresse \u00e9lectronique, votre num\u00e9ro de t\u00e9l\u00e9phone, ni aucune des informations que vous nous communiquez par l&rsquo;interm\u00e9diaire de ce site web, des questionnaires optin, des cookies et\/ou des sources ci-dessous :<\/p><p>Fournisseurs de m\u00e9dias sociaux<br \/>Agr\u00e9gateurs de donn\u00e9es<br \/>Bases de donn\u00e9es publiques<br \/>Technologies de suivi, et<br \/>de vous directement.<\/p><p>Nous utilisons vos informations aux fins suivantes : Nous utilisons des informations personnelles telles que vos coordonn\u00e9es pour r\u00e9pondre \u00e0 vos questions et commentaires lorsque vous communiquez avec nous par le biais de liens ou de pages fournis par les services, tels que la fonction \u00ab\u00a0Contactez-nous\u00a0\u00bb.<\/p><p>Si vous nous achetez des produits, nous utilisons des informations personnelles, telles que vos coordonn\u00e9es et vos informations commerciales, pour traiter votre achat, confirmer votre commande et vous livrer les articles. Nous utilisons \u00e9galement des cookies qui sont n\u00e9cessaires pour compl\u00e9ter le processus de paiement en ligne. Pour de plus amples informations sur notre utilisation des cookies, veuillez consulter la section \u00ab\u00a0Cookies et suivi\u00a0\u00bb de la pr\u00e9sente politique de confidentialit\u00e9.<\/p><p>Nous utilisons des informations personnelles pour effectuer des analyses commerciales ou \u00e0 d&rsquo;autres fins afin d&rsquo;am\u00e9liorer la qualit\u00e9 de nos activit\u00e9s, de nos services et des produits que nous proposons. Nous pouvons \u00e9galement utiliser des informations personnelles vous concernant pour g\u00e9rer nos services, notamment pour enqu\u00eater sur d&rsquo;\u00e9ventuelles violations de nos contrats et les faire respecter, y compris les conditions d&rsquo;utilisation de notre site web ici et toutes les conditions associ\u00e9es \u00e0 nos produits et services, et pour nous conformer \u00e0 nos obligations l\u00e9gales.<br \/>Nous utilisons vos informations personnelles, telles que vos identifiants, vos coordonn\u00e9es et vos informations d&rsquo;activit\u00e9 Internet\/\u00e9lectronique, pour aider \u00e0 pr\u00e9venir et \u00e0 d\u00e9tecter la fraude et d&rsquo;autres d\u00e9lits qui pourraient \u00eatre commis en utilisant ou contre nos services. Nous le faisons \u00e0 la fois pour prot\u00e9ger nos int\u00e9r\u00eats l\u00e9gitimes dans la protection de nos actifs commerciaux et pour nous conformer \u00e0 nos obligations l\u00e9gales.<br \/>Nous utilisons vos informations personnelles, telles que vos informations sur les activit\u00e9s Internet\/\u00e9lectroniques, pour nous aider \u00e0 prot\u00e9ger nos int\u00e9r\u00eats l\u00e9gitimes en mati\u00e8re de d\u00e9pannage, de test, de maintenance et de protection de nos syst\u00e8mes informatiques, y compris ce site web.<br \/>Nous utilisons vos informations personnelles pour nous conformer \u00e0 nos obligations l\u00e9gales et r\u00e9glementaires, qui se pr\u00e9sentent de temps \u00e0 autre. Par exemple, nous pouvons utiliser vos coordonn\u00e9es pour vous alerter en cas de rappel d&rsquo;un produit.<br \/>Nous pouvons \u00e9galement collecter vos informations de sant\u00e9 pour tenir un registre des r\u00e9actions ind\u00e9sirables \u00e0 nos compl\u00e9ments alimentaires lorsque vous choisissez de nous les communiquer.<br \/>En outre, si vous avez d\u00e9cid\u00e9 de participer \u00e0 des activit\u00e9s de marketing, nous pouvons utiliser vos informations personnelles aux fins suivantes :<\/p><p>Nous utilisons les informations personnelles vous concernant, y compris vos coordonn\u00e9es, pour vous envoyer nos newsletters, des informations sur notre programme de fid\u00e9lit\u00e9, des offres et promotions exclusives et des informations sur nos produits par courrier \u00e9lectronique, lorsque vous avez accept\u00e9 de recevoir de telles communications. Nous pouvons \u00e9galement utiliser des informations personnelles vous concernant pour g\u00e9rer nos promotions et notre programme de fid\u00e9lisation.<br \/>Nous utilisons des informations personnelles vous concernant, y compris vos identifiants et vos coordonn\u00e9es, pour vous permettre de participer \u00e0 des fonctions telles que des enqu\u00eates, des sondages, des tirages au sort et des tableaux d&rsquo;affichage, lorsque vous y avez consenti. Nous pouvons parfois faire appel \u00e0 un prestataire de services tiers pour r\u00e9aliser ces enqu\u00eates ou ces tirages au sort ; dans ce cas, il sera interdit \u00e0 cette soci\u00e9t\u00e9 d&rsquo;utiliser vos informations personnelles \u00e0 d&rsquo;autres fins.<br \/>Enfin, nous pouvons utiliser les informations que vous nous fournissez aux fins suppl\u00e9mentaires suivantes :<\/p><p>Nous utilisons les informations que vous nous fournissez concernant nos produits et services pour fournir \u00e0 nos clients un retour d&rsquo;information sur les produits sous une forme agr\u00e9g\u00e9e par le biais des services. Nous pouvons utiliser vos informations personnelles de la mani\u00e8re d\u00e9crite au moment de leur collecte, avec votre consentement.<br \/>Si vous avez des questions sur la pr\u00e9sente politique de confidentialit\u00e9 ou sur la mani\u00e8re dont nous traitons vos informations personnelles, veuillez nous contacter en utilisant les informations fournies dans la section \u00ab\u00a0Nous contacter\u00a0\u00bb.<\/p><p>Pour plus d&rsquo;informations sur la mani\u00e8re et le moment o\u00f9 nous collectons ces informations et sur ce que nous en faisons, veuillez consulter la section \u00ab\u00a0Cookies et suivi\u00a0\u00bb de la pr\u00e9sente politique de confidentialit\u00e9.<\/p><p>Nous divulguerons vos informations personnelles aux fins commerciales limit\u00e9es suivantes :<\/p><p>Fournisseurs de services. Nous pouvons partager vos informations personnelles avec des prestataires de services qui ex\u00e9cutent certaines fonctions ou services en notre nom afin de fournir les services que vous nous demandez. Il s&rsquo;agit notamment de tiers qui h\u00e9bergent nos sites web, g\u00e8rent des bases de donn\u00e9es, effectuent des analyses, envoient des communications pour nous, traitent les paiements en notre nom (par exemple, Shopify), exp\u00e9dient vos commandes, vous fournissent un service de chat en direct ou fournissent certains autres composants de nos sites web. Les fournisseurs de services ne sont pas autoris\u00e9s \u00e0 utiliser ou \u00e0 divulguer vos informations personnelles, sauf si cela est n\u00e9cessaire pour fournir des services en notre nom.<br \/>Nous pouvons autoriser des tiers \u00e0 collecter des informations afin de nous fournir des analyses. Par exemple, les services utilisent des outils d&rsquo;analyse fournis par Google pour nous aider \u00e0 comprendre comment les gens utilisent les services. Pour en savoir plus sur la mani\u00e8re dont Google recueille et utilise les informations dans le cadre de ses outils, cliquez ici.<br \/>Prot\u00e9ger nos services et nos utilisateurs. Nous pouvons divulguer vos informations personnelles aux autorit\u00e9s gouvernementales si nous estimons que cette divulgation est n\u00e9cessaire ou appropri\u00e9e pour pr\u00e9venir des dommages physiques ou des pertes financi\u00e8res, ou dans le cadre d&rsquo;une enqu\u00eate sur une activit\u00e9 ill\u00e9gale pr\u00e9sum\u00e9e ou av\u00e9r\u00e9e, ou sur une violation des conditions d&rsquo;utilisation de notre site web ici ou d&rsquo;autres contrats.<br \/>Proc\u00e9dure judiciaire. Nous pouvons divulguer vos informations personnelles dans la mesure n\u00e9cessaire pour r\u00e9pondre \u00e0 des citations \u00e0 compara\u00eetre, \u00e0 des ordonnances judiciaires ou \u00e0 d&rsquo;autres proc\u00e9dures l\u00e9gales en r\u00e9ponse \u00e0 une demande de coop\u00e9ration de la part des forces de l&rsquo;ordre ou d&rsquo;une agence gouvernementale, afin de nous conformer \u00e0 nos autres obligations l\u00e9gales et r\u00e9glementaires.<br \/>Nous partagerons \u00e9galement vos informations dans les circonstances suivantes :<\/p><p>Il peut parfois \u00eatre n\u00e9cessaire, pour faire avancer nos int\u00e9r\u00eats commerciaux l\u00e9gitimes, de partager vos informations personnelles avec nos conseillers professionnels dans le cadre d&rsquo;une transaction d&rsquo;entreprise, telle qu&rsquo;une vente, une cession, un d\u00e9sinvestissement, une fusion, une faillite, une consolidation, une r\u00e9organisation, une liquidation ou tout autre transfert de l&rsquo;entreprise ou de ses actifs. Dans ce cas, nous prendrons toujours des mesures pour assurer la protection permanente de vos informations personnelles. Autres circonstances. Nous pouvons \u00e9galement utiliser vos informations personnelles dans d&rsquo;autres circonstances, mais nous vous les expliquerons au moment de la collecte et, si n\u00e9cessaire, nous obtiendrons votre autorisation.<br \/>Il se peut que vous receviez de temps \u00e0 autre des offres marketing ou des sollicitations de notre part par courrier \u00e9lectronique.<\/p><p>Si vous pr\u00e9f\u00e9rez ne pas recevoir d&rsquo;e-mails marketing de notre part, veuillez nous contacter \u00e0 l&rsquo;adresse support@alyors.com. Veuillez noter que ces demandes peuvent prendre jusqu&rsquo;\u00e0 10 jours pour \u00eatre effectives.<\/p><p>Votre demande de ne pas recevoir d&rsquo;e-mails marketing de notre part ne s&rsquo;appliquera pas aux messages que vous demandez ou qui ne sont pas de nature marketing. Par exemple, nous pouvons vous contacter au sujet d&rsquo;achats que vous avez effectu\u00e9s chez nous, m\u00eame si vous avez choisi de ne pas recevoir d&rsquo;e-mails de marketing.<\/p><p>Si vous avez cr\u00e9\u00e9 un compte d&rsquo;utilisateur en rapport avec l&rsquo;un de nos services, vous pouvez \u00eatre en mesure de consulter et de demander des modifications de certaines informations que nous conservons \u00e0 votre sujet par l&rsquo;interm\u00e9diaire de votre compte ou en nous contactant \u00e0 l&rsquo;adresse support@alyors.com. Sur demande, nous vous indiquerons si nous d\u00e9tenons des informations personnelles vous concernant.<\/p><p>NOUS CONTACTER<br \/>Si vous avez des questions ou des commentaires sur la pr\u00e9sente politique de confidentialit\u00e9, ou si vous souhaitez que nous mettions \u00e0 jour les informations dont nous disposons \u00e0 votre sujet ou vos pr\u00e9f\u00e9rences, veuillez nous contacter \u00e0 l&rsquo;adresse suivante : support@alyors.com.<\/p>\t\t\t\t\t\t\t\t<\/div>\n\t\t\t\t<\/div>\n\t\t\t\t\t<\/div>\n\t\t\t\t<\/div>\n\t\t\t\t<\/div>\n\t\t","protected":false},"excerpt":{"rendered":"<p>ALYORS (collectivement, \u00ab\u00a0SOCI\u00c9T\u00c9\u00a0\u00bb, \u00ab\u00a0nous\u00a0\u00bb, \u00ab\u00a0notre\u00a0\u00bb) s&rsquo;engage \u00e0 prot\u00e9ger la vie priv\u00e9e des utilisateurs (\u00ab\u00a0utilisateur\u00a0\u00bb, \u00ab\u00a0vous\u00a0\u00bb ou \u00ab\u00a0votre\u00a0\u00bb) de son site Internet. Le site web fait r\u00e9f\u00e9rence au site web h=ps:\/\/alyors.com et aux domaines connexes. La pr\u00e9sente politique de confidentialit\u00e9 d\u00e9crit la mani\u00e8re dont le site web et les domaines connexes recueillent et utilisent les informations [&hellip;]<\/p>\n","protected":false},"author":1,"featured_media":0,"parent":0,"menu_order":0,"comment_status":"closed","ping_status":"closed","template":"","meta":{"_acf_changed":false,"inline_featured_image":false,"footnotes":""},"class_list":["post-8794","page","type-page","status-publish","hentry"],"acf":[],"_links":{"self":[{"href":"https:\/\/www.alyors.com\/fr\/wp-json\/wp\/v2\/pages\/8794","targetHints":{"allow":["GET"]}}],"collection":[{"href":"https:\/\/www.alyors.com\/fr\/wp-json\/wp\/v2\/pages"}],"about":[{"href":"https:\/\/www.alyors.com\/fr\/wp-json\/wp\/v2\/types\/page"}],"author":[{"embeddable":true,"href":"https:\/\/www.alyors.com\/fr\/wp-json\/wp\/v2\/users\/1"}],"replies":[{"embeddable":true,"href":"https:\/\/www.alyors.com\/fr\/wp-json\/wp\/v2\/comments?post=8794"}],"version-history":[{"count":7,"href":"https:\/\/www.alyors.com\/fr\/wp-json\/wp\/v2\/pages\/8794\/revisions"}],"predecessor-version":[{"id":8801,"href":"https:\/\/www.alyors.com\/fr\/wp-json\/wp\/v2\/pages\/8794\/revisions\/8801"}],"wp:attachment":[{"href":"https:\/\/www.alyors.com\/fr\/wp-json\/wp\/v2\/media?parent=8794"}],"curies":[{"name":"wp","href":"https:\/\/api.w.org\/{rel}","templated":true}]}}