{"id":8812,"date":"2024-03-06T10:51:52","date_gmt":"2024-03-06T10:51:52","guid":{"rendered":"https:\/\/www.alyors.com\/?page_id=8812"},"modified":"2024-10-23T09:13:39","modified_gmt":"2024-10-23T09:13:39","slug":"iyon-medical","status":"publish","type":"page","link":"https:\/\/www.alyors.com\/fr\/corporatif\/filiales\/iyon-medical\/","title":{"rendered":"\u0130YON MEDICAL"},"content":{"rendered":"\t\t<div data-elementor-type=\"wp-page\" data-elementor-id=\"8812\" class=\"elementor elementor-8812 elementor-2915\" data-elementor-post-type=\"page\">\n\t\t\t\t<div class=\"elementor-element elementor-element-1fb17d0d e-flex e-con-boxed e-con e-parent\" data-id=\"1fb17d0d\" data-element_type=\"container\" data-e-type=\"container\">\n\t\t\t\t\t<div class=\"e-con-inner\">\n\t\t\t\t<div class=\"elementor-element elementor-element-476d048b section-title section-title--centered elementor-widget elementor-widget-heading\" data-id=\"476d048b\" data-element_type=\"widget\" data-e-type=\"widget\" data-widget_type=\"heading.default\">\n\t\t\t\t<div class=\"elementor-widget-container\">\n\t\t\t\t\t<h1 class=\"elementor-heading-title elementor-size-default\">\u0130YON MEDICAL<\/h1>\t\t\t\t<\/div>\n\t\t\t\t<\/div>\n\t\t\t\t<div class=\"elementor-element elementor-element-21e6551d elementor-widget elementor-widget-heading\" data-id=\"21e6551d\" data-element_type=\"widget\" data-e-type=\"widget\" data-widget_type=\"heading.default\">\n\t\t\t\t<div class=\"elementor-widget-container\">\n\t\t\t\t\t<h2 class=\"elementor-heading-title elementor-size-default\">Dispositifs M\u00e9dicaux &amp; Consommables<\/h2>\t\t\t\t<\/div>\n\t\t\t\t<\/div>\n\t\t\t\t<div class=\"elementor-element elementor-element-3213db7f elementor-widget elementor-widget-text-editor\" data-id=\"3213db7f\" data-element_type=\"widget\" data-e-type=\"widget\" data-widget_type=\"text-editor.default\">\n\t\t\t\t<div class=\"elementor-widget-container\">\n\t\t\t\t\t\t\t\t\t<p>\u0130yon Medikal a \u00e9t\u00e9 fond\u00e9e \u00e0 Istanbul en 2008 par des pharmaciens experts. Son objectif principal \u00e9tait d&rsquo;importer et de commercialiser localement les \u00ab\u00a0Aiguilles pour Stylo \u00e0 Insuline\u00a0\u00bb, mais apr\u00e8s des \u00e9tudes de recherche et d\u00e9veloppement r\u00e9ussies, l&rsquo;entreprise a \u00e9tabli sa propre usine de production. Iyon Medikal est fi\u00e8re d&rsquo;\u00eatre le premier fabricant local d'\u00a0\u00bbAiguilles pour Stylo \u00e0 Insuline\u00a0\u00bb et le premier producteur local d'\u00a0\u00bbEau Oc\u00e9anique\u00a0\u00bb en Turquie.<\/p><p>Actuellement, l&rsquo;entreprise produit et commercialise 450 produits diff\u00e9rents, y compris les Aiguilles pour Stylo \u00e0 Insuline, Eau Oc\u00e9anique\/Eau de Mer, Spray Anti-poux, S\u00e9rum Physiologique Spray\/Gouttes, Flacon de S\u00e9rum Physiologique, Aspirateur Nasal et Embout, Rin\u00e7age des Sinus. L&rsquo;entreprise continue d&rsquo;\u00e9tendre ses efforts de fabrication sous contrat et de contr\u00f4le qualit\u00e9 pour \u00e9largir son portefeuille de produits et fournir des produits de haute qualit\u00e9. Tous les produits sont fabriqu\u00e9s conform\u00e9ment aux normes ISO et CE et portent des marques d\u00e9pos\u00e9es et des certificats de qualit\u00e9.<\/p><p>Avec une expansion continue, \u0130yon Medikal a atteint une croissance de 70 % en capacit\u00e9, bilan et emploi par rapport \u00e0 sa structure actuelle. En tant qu&rsquo;entreprise, \u0130yon Medikal accorde une grande priorit\u00e9 \u00e0 \u00eatre un leader en mati\u00e8re de qualit\u00e9 pour chaque produit qu&rsquo;elle fabrique et consid\u00e8re le service \u00e0 la sant\u00e9 humaine comme une responsabilit\u00e9.<\/p><p>Certificats de Qualit\u00e9 Internationale:<\/p><p><b>ISO 9001:2015 ,ISO 13485:2016, ISO 22716:20117<\/b><\/p>\t\t\t\t\t\t\t\t<\/div>\n\t\t\t\t<\/div>\n\t\t\t\t\t<\/div>\n\t\t\t\t<\/div>\n\t\t<div class=\"elementor-element elementor-element-27560363 e-flex e-con-boxed e-con e-parent\" data-id=\"27560363\" data-element_type=\"container\" data-e-type=\"container\">\n\t\t\t\t\t<div class=\"e-con-inner\">\n\t\t\t\t<div class=\"elementor-element elementor-element-5cd7a5ef elementor-widget elementor-widget-image\" data-id=\"5cd7a5ef\" data-element_type=\"widget\" data-e-type=\"widget\" data-widget_type=\"image.default\">\n\t\t\t\t<div class=\"elementor-widget-container\">\n\t\t\t\t\t\t\t\t\t\t\t\t\t\t\t<img fetchpriority=\"high\" decoding=\"async\" width=\"800\" height=\"800\" src=\"https:\/\/www.alyors.com\/wp-content\/uploads\/2024\/09\/IYON-LOGO.svg\" class=\"attachment-large size-large wp-image-7584\" alt=\"\" \/>\t\t\t\t\t\t\t\t\t\t\t\t\t\t\t<\/div>\n\t\t\t\t<\/div>\n\t\t\t\t\t<\/div>\n\t\t\t\t<\/div>\n\t\t<div class=\"elementor-element elementor-element-413babe6 e-flex e-con-boxed e-con e-parent\" data-id=\"413babe6\" data-element_type=\"container\" data-e-type=\"container\">\n\t\t\t\t\t<div class=\"e-con-inner\">\n\t\t\t\t<div class=\"elementor-element elementor-element-5424c2ca elementor-widget elementor-widget-heading\" data-id=\"5424c2ca\" data-element_type=\"widget\" data-e-type=\"widget\" data-widget_type=\"heading.default\">\n\t\t\t\t<div class=\"elementor-widget-container\">\n\t\t\t\t\t<h2 class=\"elementor-heading-title elementor-size-default\">Products<\/h2>\t\t\t\t<\/div>\n\t\t\t\t<\/div>\n\t\t\t\t\t<\/div>\n\t\t\t\t<\/div>\n\t\t<div class=\"elementor-element elementor-element-496d7a7b e-flex e-con-boxed e-con e-parent\" data-id=\"496d7a7b\" data-element_type=\"container\" data-e-type=\"container\">\n\t\t\t\t\t<div class=\"e-con-inner\">\n\t\t\t\t<div class=\"elementor-element elementor-element-c197c16 products-list elementor-widget elementor-widget-ucaddon_post_grid\" data-id=\"c197c16\" data-element_type=\"widget\" data-e-type=\"widget\" data-widget_type=\"ucaddon_post_grid.default\">\n\t\t\t\t<div class=\"elementor-widget-container\">\n\t\t\t\t\t\n<!-- start Post Grid -->\n\t\t<link id='font-awesome-css' href='https:\/\/www.alyors.com\/wp-content\/plugins\/unlimited-elements-for-elementor-premium\/assets_libraries\/font-awesome6\/fontawesome-all.min.css' type='text\/css' rel='stylesheet' >\n\t\t<link id='font-awesome-4-shim-css' href='https:\/\/www.alyors.com\/wp-content\/plugins\/unlimited-elements-for-elementor-premium\/assets_libraries\/font-awesome6\/fontawesome-v4-shims.min.css' type='text\/css' rel='stylesheet' >\n\n<style>\/* widget: Post Grid *\/\n\n\r\n@keyframes uc_post_grid_elementor_c197c16__item-animation {\r\n  0% {\r\n            transform: translateY(50px);\r\n        \t        \tfilter: blur(4px);\r\n\t\t\t\r\n    \t    opacity: 0;\r\n  }\r\n  100% {\r\n            transform: translateY(0px);\r\n        \t            filter: blur(0px);\r\n            \r\n    \t\topacity: 1;\r\n  }\r\n}\r\n\r\n\r\n#uc_post_grid_elementor_c197c16 .ue-item{\r\n\topacity:0;\r\n}\r\n\r\n\r\n#uc_post_grid_elementor_c197c16 .uc-entrance-animate {\r\n  opacity:1;\r\n}\r\n\r\n#uc_post_grid_elementor_c197c16 .uc-entrance-animate {\r\n\tanimation: uc_post_grid_elementor_c197c16__item-animation 0.6s cubic-bezier(0.470, 0.000, 0.745, 0.715) both;\r\n}\r\n\r\n\t\t\t\n\n#uc_post_grid_elementor_c197c16.uc_post_grid_style_one .uc_post_grid_style_one_wrap {\n   display:grid;\n}\n\n\n#uc_post_grid_elementor_c197c16 .uc_post_grid_style_one_item\n{\n  position:relative;\n}\n\n#uc_post_grid_elementor_c197c16 .uc_post_image\n{\n  transition:0.3s;\n  position:relative;\n  overflow:hidden;\n}\n\n#uc_post_grid_elementor_c197c16 .uc_post_image img\n{\n  width:100%;\n  display:block;\n  transition:0.3s;\n}\n\n\n\t\n\n\n\n\n\n\n#uc_post_grid_elementor_c197c16 .uc_post_image_overlay\n{\n  position:absolute;\n  top:0px;\n  left:0px;\n  height:100%;\n  width:100%;\n  transition:0.3s;\n}\n\n#uc_post_grid_elementor_c197c16 .uc_more_btn-custom-field\n{\n  display:inline-block;\n  text-align:center;\n  text-decoration:none;\n  transition:0.3s;\n}\n\n#uc_post_grid_elementor_c197c16 .uc_more_btn\n{\n  display:inline-block;\n  text-align:center;\n  text-decoration:none;\n  transition:0.3s;\n}\n\n.ue-grid-item-category a\n{\n  display:inline-block;\n  font-size:10px;\n  \n}\n#uc_post_grid_elementor_c197c16 .ue-grid-item-category a{\n    cursor: text;\n  }\n.uc_post_title\n{\n  font-size:21px;\n}\n\n\n\n#uc_post_grid_elementor_c197c16 .ue_post_grid_item\n{\n  display:flex;\n  flex-direction:column;\n}\n\n#uc_post_grid_elementor_c197c16.uc_post_grid_style_one .uc_content{\n flex-grow:1;\n}\n\n#uc_post_grid_elementor_c197c16.uc_post_grid_style_one .uc_content > div\n{\n  height:100%;\n  display:flex;\n  flex-direction:column;\n  justify-content: space-between;}\n\n    #uc_post_grid_elementor_c197c16 .uc_post_button\n   {\n     margin-top:auto;\n   }\n  \n\n\n\n\n\n\n\n\n\n\n\n\n\n\n\n\n\n\n\n\n\n\n#uc_post_grid_elementor_c197c16 .ue-meta-data\n{\n  \n  display:flex;\n\n  flex-wrap: wrap;\n  line-height:1em;\n}\n\n#uc_post_grid_elementor_c197c16 .ue-grid-item-meta-data\n{\n      display:inline-flex;\n      align-items:center;\n}\n\n#uc_post_grid_elementor_c197c16 .ue-grid-item-meta-data a{\n  color:inherit;\n}\n\n.ue-grid-item-meta-data\n{\n  font-size:12px;\n}\n\n#uc_post_grid_elementor_c197c16 .ue-grid-item-meta-data-icon\n{\n  line-height:1em;\n}\n\n#uc_post_grid_elementor_c197c16 .ue-grid-item-meta-data-icon svg\n{\n  width:1em;\n  height:1em;\n}\n\n#uc_post_grid_elementor_c197c16 .ue-debug-meta\n{\n  padding:10px;\n  border:1px solid red;\n  position:relative;\n  line-height:1.5em;\n  font-size:11px;\n  width:100%;\n}\n\n#uc_post_grid_elementor_c197c16 .uc_btn_inner\n{\n  display:inline-flex;\n  align-items:center;\n}\n\n#uc_post_grid_elementor_c197c16 .uc_btn_inner svg\n{\n  width:1em;\n  height:1em;\n}\n\n  #uc_post_grid_elementor_c197c16 .ue_post_full_link{\n    position:absolute;\n    width:100%;\n    height:100%;\n    top:0;\n    left:0;\n  }\n\n\n\n\n\n\n\n<\/style>\n\n<div class=\"uc_post_grid_style_one uc-filterable-grid \" id=\"uc_post_grid_elementor_c197c16\"  data-ajax='true'  data-filterbehave='ajax'  querydata='{&quot;count_posts&quot;:4,&quot;total_posts&quot;:5,&quot;page&quot;:1,&quot;num_pages&quot;:2}' >\n\t\t<div class=\"uc_post_grid_style_one_wrap ue_post_grid uc-items-wrapper\">\n\t\t\t\n\n\n\n<div id=\"uc_post_grid_elementor_c197c16_item1\" class=\"uc_post_grid_style_one_item ue_post_grid_item ue-item product-grid \">\n  \n  <div class=\"uc_content\">\n    <div class=\"uc_content_inner\">\n      <div class=\"uc_content-info-wrapper\" >\n        \n                 \n        \t        \t\t        \t\t\n\t\t\t        \n        \t<div class=\"ue-grid-item-category\">\n                            \t              \t\t<a href=\"javascript:void(0);\" class=\"dispositifs-medicaux-et-consommables\">\u0130yon<\/a>\n              \t                      \t<\/div>        \n      \n              \n\n            \t\t      \t\t\t<div class=\"uc_post_title\"><a class=\"\" href='https:\/\/www.alyors.com\/fr\/products\/iyon-fr\/nasal-wash-kit\/' target=\"_self\"><p class=\"ue_p_title\">Nasal Wash Kit<\/p><\/a><\/div>\n      \t\t      \t\n                      \n       \n        <div class=\"ue-meta-data\">\n            \n        \n                \n        \n\t\n                \n                \n                \n                \n    \t\t\t\n      \n            \n  <\/div>\t\n           \n                 \n                            \n                                  \n     <\/div>\n                   <a class=\"uc_post_grid_style_one_image \" href='https:\/\/www.alyors.com\/fr\/products\/iyon-fr\/nasal-wash-kit\/' target=\"_self\">\n     <div class=\"uc_post_image\">\n       <img decoding=\"async\" src=\"https:\/\/www.alyors.com\/wp-content\/uploads\/2024\/03\/Iyon-SInus-Rinse-Kit-240.png\"  src=\"https:\/\/www.alyors.com\/wp-content\/uploads\/2024\/03\/Iyon-SInus-Rinse-Kit-240.png\" alt=\"\u0130yon S\u0130nus Rinse Kit 240\" width=\"516\" height=\"439\">\n       <div class=\"uc_post_image_overlay\"><\/div>\n     <\/div>\n    <\/a>\n                      \n           <div class=\"uc_post_button\">\n        \n        <a class=\"uc_more_btn \" target=\"_self\" href='https:\/\/www.alyors.com\/fr\/products\/iyon-fr\/nasal-wash-kit\/'>\n          <div class=\"uc_btn_inner\">\n            <div class=\"uc_btn_txt\">MORE INFO<\/div>\n            <div class=\"uc_btn_icon\"><i class='fas fa-caret-right'><\/i><\/div>          <\/div>\n      \t<\/a>\n        \n                \n      <\/div>                           \n \t<\/div>  <\/div>      \n  <a class=\"ue_post_full_link\" href=\"https:\/\/www.alyors.com\/fr\/products\/iyon-fr\/nasal-wash-kit\/\" aria-label=\"Read more about Nasal Wash Kit\" ><\/a>      \n<\/div>\n\n\n\n\n<div id=\"uc_post_grid_elementor_c197c16_item2\" class=\"uc_post_grid_style_one_item ue_post_grid_item ue-item product-grid \">\n  \n  <div class=\"uc_content\">\n    <div class=\"uc_content_inner\">\n      <div class=\"uc_content-info-wrapper\" >\n        \n                 \n        \t        \t\t        \t\t\n\t\t\t        \n        \t<div class=\"ue-grid-item-category\">\n                            \t              \t\t<a href=\"javascript:void(0);\" class=\"dispositifs-medicaux-et-consommables\">\u0130yon<\/a>\n              \t                      \t<\/div>        \n      \n              \n\n            \t\t      \t\t\t<div class=\"uc_post_title\"><a class=\"\" href='https:\/\/www.alyors.com\/fr\/products\/iyon-fr\/phsiological-saline-solution-drop-for-nasal-use\/' target=\"_self\"><p class=\"ue_p_title\">Phsiological Saline Solution Drop For Nasal Use<\/p><\/a><\/div>\n      \t\t      \t\n                      \n       \n        <div class=\"ue-meta-data\">\n            \n        \n                \n        \n\t\n                \n                \n                \n                \n    \t\t\t\n      \n            \n  <\/div>\t\n           \n                 \n                            \n                                  \n     <\/div>\n                   <a class=\"uc_post_grid_style_one_image \" href='https:\/\/www.alyors.com\/fr\/products\/iyon-fr\/phsiological-saline-solution-drop-for-nasal-use\/' target=\"_self\">\n     <div class=\"uc_post_image\">\n       <img decoding=\"async\" src=\"https:\/\/www.alyors.com\/wp-content\/uploads\/2024\/03\/Iyon-Saline_Nasal_Drop_Mockup_PNG.png\"  src=\"https:\/\/www.alyors.com\/wp-content\/uploads\/2024\/03\/Iyon-Saline_Nasal_Drop_Mockup_PNG.png\" alt=\"\u0130yon Saline_Nasal_Drop_Mockup_PNG\" width=\"516\" height=\"439\">\n       <div class=\"uc_post_image_overlay\"><\/div>\n     <\/div>\n    <\/a>\n                      \n           <div class=\"uc_post_button\">\n        \n        <a class=\"uc_more_btn \" target=\"_self\" href='https:\/\/www.alyors.com\/fr\/products\/iyon-fr\/phsiological-saline-solution-drop-for-nasal-use\/'>\n          <div class=\"uc_btn_inner\">\n            <div class=\"uc_btn_txt\">MORE INFO<\/div>\n            <div class=\"uc_btn_icon\"><i class='fas fa-caret-right'><\/i><\/div>          <\/div>\n      \t<\/a>\n        \n                \n      <\/div>                           \n \t<\/div>  <\/div>      \n  <a class=\"ue_post_full_link\" href=\"https:\/\/www.alyors.com\/fr\/products\/iyon-fr\/phsiological-saline-solution-drop-for-nasal-use\/\" aria-label=\"Read more about Phsiological Saline Solution Drop For Nasal Use\" ><\/a>      \n<\/div>\n\n\n\n\n<div id=\"uc_post_grid_elementor_c197c16_item3\" class=\"uc_post_grid_style_one_item ue_post_grid_item ue-item product-grid \">\n  \n  <div class=\"uc_content\">\n    <div class=\"uc_content_inner\">\n      <div class=\"uc_content-info-wrapper\" >\n        \n                 \n        \t        \t\t        \t\t\n\t\t\t        \n        \t<div class=\"ue-grid-item-category\">\n                            \t              \t\t<a href=\"javascript:void(0);\" class=\"dispositifs-medicaux-et-consommables\">\u0130yon<\/a>\n              \t                      \t<\/div>        \n      \n              \n\n            \t\t      \t\t\t<div class=\"uc_post_title\"><a class=\"\" href='https:\/\/www.alyors.com\/fr\/products\/iyon-fr\/hypertonic-ocean-water-nasal-spray\/' target=\"_self\"><p class=\"ue_p_title\">Hypertonic Ocean Water Nasal Spray<\/p><\/a><\/div>\n      \t\t      \t\n                      \n       \n        <div class=\"ue-meta-data\">\n            \n        \n                \n        \n\t\n                \n                \n                \n                \n    \t\t\t\n      \n            \n  <\/div>\t\n           \n                 \n                            \n                                  \n     <\/div>\n                   <a class=\"uc_post_grid_style_one_image \" href='https:\/\/www.alyors.com\/fr\/products\/iyon-fr\/hypertonic-ocean-water-nasal-spray\/' target=\"_self\">\n     <div class=\"uc_post_image\">\n       <img loading=\"lazy\" decoding=\"async\" src=\"https:\/\/www.alyors.com\/wp-content\/uploads\/2024\/03\/Artboard-1-copy-11-768x768.jpg\"  src=\"https:\/\/www.alyors.com\/wp-content\/uploads\/2024\/03\/Artboard-1-copy-11-768x768.jpg\" alt=\"Artboard 1 copy 11\" width=\"768\" height=\"768\">\n       <div class=\"uc_post_image_overlay\"><\/div>\n     <\/div>\n    <\/a>\n                      \n           <div class=\"uc_post_button\">\n        \n        <a class=\"uc_more_btn \" target=\"_self\" href='https:\/\/www.alyors.com\/fr\/products\/iyon-fr\/hypertonic-ocean-water-nasal-spray\/'>\n          <div class=\"uc_btn_inner\">\n            <div class=\"uc_btn_txt\">MORE INFO<\/div>\n            <div class=\"uc_btn_icon\"><i class='fas fa-caret-right'><\/i><\/div>          <\/div>\n      \t<\/a>\n        \n                \n      <\/div>                           \n \t<\/div>  <\/div>      \n  <a class=\"ue_post_full_link\" href=\"https:\/\/www.alyors.com\/fr\/products\/iyon-fr\/hypertonic-ocean-water-nasal-spray\/\" aria-label=\"Read more about Hypertonic Ocean Water Nasal Spray\" ><\/a>      \n<\/div>\n\n\n\n\n<div id=\"uc_post_grid_elementor_c197c16_item4\" class=\"uc_post_grid_style_one_item ue_post_grid_item ue-item product-grid \">\n  \n  <div class=\"uc_content\">\n    <div class=\"uc_content_inner\">\n      <div class=\"uc_content-info-wrapper\" >\n        \n                 \n        \t        \t\t        \t\t\n\t\t\t        \n        \t<div class=\"ue-grid-item-category\">\n                            \t              \t\t<a href=\"javascript:void(0);\" class=\"dispositifs-medicaux-et-consommables\">\u0130yon<\/a>\n              \t                      \t<\/div>        \n      \n              \n\n            \t\t      \t\t\t<div class=\"uc_post_title\"><a class=\"\" href='https:\/\/www.alyors.com\/fr\/products\/iyon-fr\/isotonic-ocean-water-nasal-spray\/' target=\"_self\"><p class=\"ue_p_title\">Isotonic Ocean Water Nasal Spray<\/p><\/a><\/div>\n      \t\t      \t\n                      \n       \n        <div class=\"ue-meta-data\">\n            \n        \n                \n        \n\t\n                \n                \n                \n                \n    \t\t\t\n      \n            \n  <\/div>\t\n           \n                 \n                            \n                                  \n     <\/div>\n                   <a class=\"uc_post_grid_style_one_image \" href='https:\/\/www.alyors.com\/fr\/products\/iyon-fr\/isotonic-ocean-water-nasal-spray\/' target=\"_self\">\n     <div class=\"uc_post_image\">\n       <img loading=\"lazy\" decoding=\"async\" src=\"https:\/\/www.alyors.com\/wp-content\/uploads\/2024\/03\/Artboard-1-copy-12-768x768.jpg\"  src=\"https:\/\/www.alyors.com\/wp-content\/uploads\/2024\/03\/Artboard-1-copy-12-768x768.jpg\" alt=\"Artboard 1 copy 12\" width=\"768\" height=\"768\">\n       <div class=\"uc_post_image_overlay\"><\/div>\n     <\/div>\n    <\/a>\n                      \n           <div class=\"uc_post_button\">\n        \n        <a class=\"uc_more_btn \" target=\"_self\" href='https:\/\/www.alyors.com\/fr\/products\/iyon-fr\/isotonic-ocean-water-nasal-spray\/'>\n          <div class=\"uc_btn_inner\">\n            <div class=\"uc_btn_txt\">MORE INFO<\/div>\n            <div class=\"uc_btn_icon\"><i class='fas fa-caret-right'><\/i><\/div>          <\/div>\n      \t<\/a>\n        \n                \n      <\/div>                           \n \t<\/div>  <\/div>      \n  <a class=\"ue_post_full_link\" href=\"https:\/\/www.alyors.com\/fr\/products\/iyon-fr\/isotonic-ocean-water-nasal-spray\/\" aria-label=\"Read more about Isotonic Ocean Water Nasal Spray\" ><\/a>      \n<\/div>\n\n\t\t<\/div>\n\t<\/div>\n\n\n\n  <div id=\"uc_post_grid_elementor_c197c16_empty_message\" class=\"ue-no-posts-found\"  style=\"display:none\" >No posts found<\/div>\n\n\n<!-- end Post Grid -->\t\t\t\t<\/div>\n\t\t\t\t<\/div>\n\t\t\t\t<div class=\"elementor-element elementor-element-27d4426a elementor-align-center elementor-widget elementor-widget-button\" data-id=\"27d4426a\" data-element_type=\"widget\" data-e-type=\"widget\" data-widget_type=\"button.default\">\n\t\t\t\t<div class=\"elementor-widget-container\">\n\t\t\t\t\t\t\t\t\t<div class=\"elementor-button-wrapper\">\n\t\t\t\t\t<a class=\"elementor-button elementor-button-link elementor-size-md\" href=\"https:\/\/www.alyors.com\/fr\/brand\/iyon\/\">\n\t\t\t\t\t\t<span class=\"elementor-button-content-wrapper\">\n\t\t\t\t\t\t\t\t\t<span class=\"elementor-button-text\">SEE ALL<\/span>\n\t\t\t\t\t<\/span>\n\t\t\t\t\t<\/a>\n\t\t\t\t<\/div>\n\t\t\t\t\t\t\t\t<\/div>\n\t\t\t\t<\/div>\n\t\t\t\t\t<\/div>\n\t\t\t\t<\/div>\n\t\t\t\t<\/div>\n\t\t","protected":false},"excerpt":{"rendered":"<p>Dispositifs M\u00e9dicaux &amp; Consommables \u0130yon Medikal a \u00e9t\u00e9 fond\u00e9e \u00e0 Istanbul en 2008 par des pharmaciens experts. Son objectif principal \u00e9tait d&rsquo;importer et de commercialiser localement les \u00ab\u00a0Aiguilles pour Stylo \u00e0 Insuline\u00a0\u00bb, mais apr\u00e8s des \u00e9tudes de recherche et d\u00e9veloppement r\u00e9ussies, l&rsquo;entreprise a \u00e9tabli sa propre usine de production. Iyon Medikal est fi\u00e8re d&rsquo;\u00eatre le [&hellip;]<\/p>\n","protected":false},"author":1,"featured_media":8012,"parent":8185,"menu_order":0,"comment_status":"closed","ping_status":"closed","template":"","meta":{"_acf_changed":false,"inline_featured_image":false,"footnotes":""},"class_list":["post-8812","page","type-page","status-publish","has-post-thumbnail","hentry"],"acf":[],"_links":{"self":[{"href":"https:\/\/www.alyors.com\/fr\/wp-json\/wp\/v2\/pages\/8812","targetHints":{"allow":["GET"]}}],"collection":[{"href":"https:\/\/www.alyors.com\/fr\/wp-json\/wp\/v2\/pages"}],"about":[{"href":"https:\/\/www.alyors.com\/fr\/wp-json\/wp\/v2\/types\/page"}],"author":[{"embeddable":true,"href":"https:\/\/www.alyors.com\/fr\/wp-json\/wp\/v2\/users\/1"}],"replies":[{"embeddable":true,"href":"https:\/\/www.alyors.com\/fr\/wp-json\/wp\/v2\/comments?post=8812"}],"version-history":[{"count":4,"href":"https:\/\/www.alyors.com\/fr\/wp-json\/wp\/v2\/pages\/8812\/revisions"}],"predecessor-version":[{"id":9249,"href":"https:\/\/www.alyors.com\/fr\/wp-json\/wp\/v2\/pages\/8812\/revisions\/9249"}],"up":[{"embeddable":true,"href":"https:\/\/www.alyors.com\/fr\/wp-json\/wp\/v2\/pages\/8185"}],"wp:featuredmedia":[{"embeddable":true,"href":"https:\/\/www.alyors.com\/fr\/wp-json\/wp\/v2\/media\/8012"}],"wp:attachment":[{"href":"https:\/\/www.alyors.com\/fr\/wp-json\/wp\/v2\/media?parent=8812"}],"curies":[{"name":"wp","href":"https:\/\/api.w.org\/{rel}","templated":true}]}}