{"id":8820,"date":"2024-03-04T12:13:00","date_gmt":"2024-03-04T12:13:00","guid":{"rendered":"https:\/\/www.alyors.com\/?page_id=8820"},"modified":"2024-10-21T08:32:14","modified_gmt":"2024-10-21T08:32:14","slug":"categories-de-produits","status":"publish","type":"page","link":"https:\/\/www.alyors.com\/fr\/services\/fabrication-en-sous-traitance\/categories-de-produits\/","title":{"rendered":"Cat\u00e9gories de Produits"},"content":{"rendered":"\t\t<div data-elementor-type=\"wp-page\" data-elementor-id=\"8820\" class=\"elementor elementor-8820 elementor-2544\" data-elementor-post-type=\"page\">\n\t\t\t\t<div class=\"elementor-element elementor-element-6b683eb e-flex e-con-boxed e-con e-parent\" data-id=\"6b683eb\" data-element_type=\"container\" data-e-type=\"container\">\n\t\t\t\t\t<div class=\"e-con-inner\">\n\t\t<div class=\"elementor-element elementor-element-1310e5a e-flex e-con-boxed e-con e-child\" data-id=\"1310e5a\" data-element_type=\"container\" data-e-type=\"container\">\n\t\t\t\t\t<div class=\"e-con-inner\">\n\t\t\t\t<div class=\"elementor-element elementor-element-9b007fc section-title section-title--centered elementor-widget elementor-widget-heading\" data-id=\"9b007fc\" data-element_type=\"widget\" data-e-type=\"widget\" data-widget_type=\"heading.default\">\n\t\t\t\t<div class=\"elementor-widget-container\">\n\t\t\t\t\t<h2 class=\"elementor-heading-title elementor-size-default\">Cat\u00e9gories de Produits de Fabrication sous Contrat\n<\/h2>\t\t\t\t<\/div>\n\t\t\t\t<\/div>\n\t\t\t\t\t<\/div>\n\t\t\t\t<\/div>\n\t\t\t\t<div class=\"elementor-element elementor-element-5870d9a elementor-widget elementor-widget-text-editor\" data-id=\"5870d9a\" data-element_type=\"widget\" data-e-type=\"widget\" data-widget_type=\"text-editor.default\">\n\t\t\t\t<div class=\"elementor-widget-container\">\n\t\t\t\t\t\t\t\t\t<p>Alyors Holding propose des services complets de fabrication sous contrat dans trois grandes cat\u00e9gories de produits : compl\u00e9ments alimentaires, dermocosm\u00e9tiques et dispositifs m\u00e9dicaux &amp; consommables.<\/p><p>Notre expertise dans chaque cat\u00e9gorie garantit que vous pouvez trouver la solution id\u00e9ale pour votre marque.<\/p><p><strong>Compl\u00e9ments Alimentaires :<\/strong> Nous produisons une large gamme de compl\u00e9ments alimentaires pour divers int\u00e9r\u00eats de sant\u00e9 et sous diff\u00e9rentes formes, y compris des comprim\u00e9s, des capsules, des g\u00e9lules, des gummies et des poudres. Nos formulations comprennent des vitamines, des min\u00e9raux, des extraits de plantes et des compl\u00e9ments sp\u00e9cifiques con\u00e7us pour r\u00e9pondre \u00e0 des besoins vari\u00e9s en mati\u00e8re de sant\u00e9 et de bien-\u00eatre. Cliquez ici pour d\u00e9couvrir nos cat\u00e9gories de compl\u00e9ments alimentaires pour diff\u00e9rents genres\/\u00e2ges, int\u00e9r\u00eats de sant\u00e9 et pr\u00e9f\u00e9rences d&rsquo;utilisation des consommateurs.<\/p><p><strong>Dermocosm\u00e9tiques :<\/strong> Nos produits dermocosm\u00e9tiques comprennent une vari\u00e9t\u00e9 de soins de la peau et des cheveux, allant des cr\u00e8mes et s\u00e9rums aux shampoings et peelings. Nous utilisons des formulations avanc\u00e9es pour offrir des produits efficaces qui s\u2019alignent avec la vision de votre marque. Cliquez ici pour en savoir plus sur notre production de dermocosm\u00e9tiques pour diff\u00e9rents types de peau\/cheveux.<\/p><p><strong>Dispositifs M\u00e9dicaux &amp; Consommables :<\/strong> Alyors fabrique des dispositifs m\u00e9dicaux et des consommables, notamment des aiguilles \u00e0 insuline, des kits de premiers secours, des bandages, des compresses de gaze, et bien plus encore. Nos produits respectent des normes strictes de qualit\u00e9 et d&rsquo;hygi\u00e8ne et sont conformes aux certifications et r\u00e9glementations nationales et internationales. Cliquez ici pour plus de d\u00e9tails sur les dispositifs m\u00e9dicaux &amp; consommables.<\/p><p>Choisissez Alyors comme votre partenaire de confiance pour la fabrication sous contrat, et laissez-nous vous aider \u00e0 cr\u00e9er des produits de haute qualit\u00e9 dans l&rsquo;une de ces cat\u00e9gories. Cliquez sur les liens ci-dessous pour explorer chaque cat\u00e9gorie plus en d\u00e9tail.<\/p>\t\t\t\t\t\t\t\t<\/div>\n\t\t\t\t<\/div>\n\t\t\t\t\t<\/div>\n\t\t\t\t<\/div>\n\t\t\t\t<\/div>\n\t\t","protected":false},"excerpt":{"rendered":"<p>Cat\u00e9gories de Produits de Fabrication sous Contrat Alyors Holding propose des services complets de fabrication sous contrat dans trois grandes cat\u00e9gories de produits : compl\u00e9ments alimentaires, dermocosm\u00e9tiques et dispositifs m\u00e9dicaux &amp; consommables. Notre expertise dans chaque cat\u00e9gorie garantit que vous pouvez trouver la solution id\u00e9ale pour votre marque. Compl\u00e9ments Alimentaires : Nous produisons une large [&hellip;]<\/p>\n","protected":false},"author":1,"featured_media":0,"parent":8569,"menu_order":0,"comment_status":"closed","ping_status":"closed","template":"","meta":{"_acf_changed":false,"inline_featured_image":false,"footnotes":""},"class_list":["post-8820","page","type-page","status-publish","hentry"],"acf":[],"_links":{"self":[{"href":"https:\/\/www.alyors.com\/fr\/wp-json\/wp\/v2\/pages\/8820","targetHints":{"allow":["GET"]}}],"collection":[{"href":"https:\/\/www.alyors.com\/fr\/wp-json\/wp\/v2\/pages"}],"about":[{"href":"https:\/\/www.alyors.com\/fr\/wp-json\/wp\/v2\/types\/page"}],"author":[{"embeddable":true,"href":"https:\/\/www.alyors.com\/fr\/wp-json\/wp\/v2\/users\/1"}],"replies":[{"embeddable":true,"href":"https:\/\/www.alyors.com\/fr\/wp-json\/wp\/v2\/comments?post=8820"}],"version-history":[{"count":4,"href":"https:\/\/www.alyors.com\/fr\/wp-json\/wp\/v2\/pages\/8820\/revisions"}],"predecessor-version":[{"id":8824,"href":"https:\/\/www.alyors.com\/fr\/wp-json\/wp\/v2\/pages\/8820\/revisions\/8824"}],"up":[{"embeddable":true,"href":"https:\/\/www.alyors.com\/fr\/wp-json\/wp\/v2\/pages\/8569"}],"wp:attachment":[{"href":"https:\/\/www.alyors.com\/fr\/wp-json\/wp\/v2\/media?parent=8820"}],"curies":[{"name":"wp","href":"https:\/\/api.w.org\/{rel}","templated":true}]}}