{"id":8825,"date":"2024-03-04T12:12:14","date_gmt":"2024-03-04T12:12:14","guid":{"rendered":"https:\/\/www.alyors.com\/?page_id=8825"},"modified":"2024-11-05T11:18:42","modified_gmt":"2024-11-05T11:18:42","slug":"product-form","status":"publish","type":"page","link":"https:\/\/www.alyors.com\/fr\/services\/fabrication-en-sous-traitance\/product-form\/","title":{"rendered":"Product Form"},"content":{"rendered":"\t\t<div data-elementor-type=\"wp-page\" data-elementor-id=\"8825\" class=\"elementor elementor-8825 elementor-2540\" data-elementor-post-type=\"page\">\n\t\t\t\t<div class=\"elementor-element elementor-element-c583466 e-flex e-con-boxed e-con e-parent\" data-id=\"c583466\" data-element_type=\"container\" data-e-type=\"container\">\n\t\t\t\t\t<div class=\"e-con-inner\">\n\t\t<div class=\"elementor-element elementor-element-617bd5f e-flex e-con-boxed e-con e-child\" data-id=\"617bd5f\" data-element_type=\"container\" data-e-type=\"container\">\n\t\t\t\t\t<div class=\"e-con-inner\">\n\t\t\t\t<div class=\"elementor-element elementor-element-cc15fed section-title section-title--centered elementor-widget elementor-widget-heading\" data-id=\"cc15fed\" data-element_type=\"widget\" data-e-type=\"widget\" data-widget_type=\"heading.default\">\n\t\t\t\t<div class=\"elementor-widget-container\">\n\t\t\t\t\t<h2 class=\"elementor-heading-title elementor-size-default\">Product Forms for Private Label Supplements<\/h2>\t\t\t\t<\/div>\n\t\t\t\t<\/div>\n\t\t\t\t\t<\/div>\n\t\t\t\t<\/div>\n\t\t\t\t<div class=\"elementor-element elementor-element-b0b4603 elementor-widget elementor-widget-text-editor\" data-id=\"b0b4603\" data-element_type=\"widget\" data-e-type=\"widget\" data-widget_type=\"text-editor.default\">\n\t\t\t\t<div class=\"elementor-widget-container\">\n\t\t\t\t\t\t\t\t\t<p>Formes de Produits pour les Suppl\u00e9ments en Marque Blanche<\/p><p>Chez Alyors, nous sommes sp\u00e9cialis\u00e9s dans la production d&rsquo;une large gamme de formes de produits en vente libre (OTC) pour les suppl\u00e9ments en marque blanche. Que vous souhaitiez cr\u00e9er des comprim\u00e9s classiques ou des gommes innovantes, nous disposons de l&rsquo;expertise et de la technologie de pointe pour r\u00e9pondre aux besoins de votre marque et de votre public cible.<\/p><p><strong>Nos Formes de Produits<\/strong><\/p><p>Nous comprenons que chaque consommateur a une pr\u00e9f\u00e9rence diff\u00e9rente en mati\u00e8re de formes de suppl\u00e9ments alimentaires. Nous reconnaissons \u00e9galement l&rsquo;importance d&rsquo;une utilisation r\u00e9guli\u00e8re et de l&rsquo;int\u00e9gration des suppl\u00e9ments dans la routine quotidienne. Pour aider les consommateurs \u00e0 incorporer facilement les suppl\u00e9ments dans leur alimentation, nous offrons des solutions qui r\u00e9pondent \u00e0 toutes les pr\u00e9f\u00e9rences de forme :<\/p><p><strong>Comprim\u00e9s :<\/strong> Forme classique pour les vitamines et les suppl\u00e9ments, nos comprim\u00e9s sont con\u00e7us pour une consommation facile et un dosage constant. Disponibles en diff\u00e9rentes formes et tailles, les comprim\u00e9s peuvent \u00eatre personnalis\u00e9s pour r\u00e9pondre aux sp\u00e9cifications de votre marque.<\/p><p><strong>Comprim\u00e9s Effervescents :<\/strong> Id\u00e9als pour les suppl\u00e9ments qui se dissolvent dans l&rsquo;eau, les comprim\u00e9s effervescents offrent une mani\u00e8re pratique et agr\u00e9able de consommer des vitamines et des min\u00e9raux. De plus, ils se dissolvent facilement dans l&rsquo;eau sans laisser de r\u00e9sidu. Nous pouvons cr\u00e9er des formulations uniques avec une vari\u00e9t\u00e9 de saveurs.<\/p><p><strong>Capsules :<\/strong> Notre fabrication de capsules comprend des capsules dures et molles, offrant une flexibilit\u00e9 en termes d&rsquo;ingr\u00e9dients et de dosages. Elles sont faciles \u00e0 avaler et adapt\u00e9es \u00e0 une large gamme de suppl\u00e9ments.<\/p><p><strong>Capsules Molles (Softgels) :<\/strong> Parfaites pour les suppl\u00e9ments \u00e0 base liquide, les capsules molles offrent un format lisse et facile \u00e0 dig\u00e9rer. Elles sont id\u00e9ales pour les huiles, les vitamines liposolubles et autres suppl\u00e9ments liquides.<\/p><p><strong>Sachets :<\/strong> Pour les suppl\u00e9ments en dose unique, les sachets offrent une option pratique et portable. Faciles \u00e0 transporter et \u00e0 utiliser pour le consommateur, ils sont disponibles avec une gamme de saveurs et de formulations.<\/p><p><strong>Suppl\u00e9ments Liquides :<\/strong> Nos suppl\u00e9ments liquides sont disponibles en diff\u00e9rents formats de bouteilles et peuvent \u00eatre formul\u00e9s avec des ingr\u00e9dients uniques pour correspondre \u00e0 votre gamme de produits. Ils sont id\u00e9aux pour les enfants, les seniors, et pour ceux qui pr\u00e9f\u00e8rent les formats liquides comme les sirops ou les shots de collag\u00e8ne en dose unique.<\/p><p><strong>Gommes :<\/strong> Un choix populaire et r\u00e9cent pour les suppl\u00e9ments, les gommes offrent une mani\u00e8re ludique et savoureuse de consommer des vitamines et autres nutriments, non seulement pour les enfants, mais aussi pour les adultes. Nous pouvons cr\u00e9er des gommes de diff\u00e9rentes formes, saveurs et couleurs pour correspondre \u00e0 l&rsquo;identit\u00e9 de votre marque.<\/p><p><strong>Engagement envers la Qualit\u00e9<\/strong><\/p><p>La qualit\u00e9 et la s\u00e9curit\u00e9 sont au c\u0153ur de tout ce que nous faisons chez Alyors. Nos installations de production sont certifi\u00e9es ISO 9001, GMP, et enregistr\u00e9es aupr\u00e8s de la FDA, garantissant que chaque produit respecte des normes de qualit\u00e9 rigoureuses. Nous utilisons des ingr\u00e9dients de haute qualit\u00e9 et proc\u00e9dons \u00e0 des tests approfondis pour garantir la s\u00e9curit\u00e9 et l&rsquo;efficacit\u00e9.<\/p><p><strong>Partenariat avec Alyors<\/strong><\/p><p>Que vous lanciez une nouvelle gamme de suppl\u00e9ments en marque blanche ou que vous souhaitiez \u00e9tendre une gamme existante, Alyors est votre partenaire id\u00e9al pour la fabrication de formes de produits de haute qualit\u00e9. Avec nos services de fabrication de suppl\u00e9ments alimentaires en marque blanche, vous pouvez choisir des formulations semi-personnalis\u00e9es ou cr\u00e9er une formulation enti\u00e8rement sur mesure. Nous offrons un support complet en mati\u00e8re d&#8217;emballage pour valoriser votre marque (nous fournissons des bouteilles et des emballages en plastique de diff\u00e9rentes tailles).<\/p><p>Le march\u00e9 des suppl\u00e9ments alimentaires est en pleine expansion \u2013 votre marque peut en faire partie gr\u00e2ce au partenariat avec Alyors ! Contactez-nous d\u00e8s aujourd&rsquo;hui pour discuter de vos besoins en marque blanche et d\u00e9couvrir comment nous pouvons vous aider \u00e0 cr\u00e9er les suppl\u00e9ments parfaits pour votre marque.<\/p>\t\t\t\t\t\t\t\t<\/div>\n\t\t\t\t<\/div>\n\t\t\t\t\t<\/div>\n\t\t\t\t<\/div>\n\t\t<div class=\"elementor-element elementor-element-45e416a2 e-flex e-con-boxed e-con e-parent\" data-id=\"45e416a2\" data-element_type=\"container\" data-e-type=\"container\">\n\t\t\t\t\t<div class=\"e-con-inner\">\n\t\t<div class=\"elementor-element elementor-element-32f3333d e-flex e-con-boxed e-con e-child\" data-id=\"32f3333d\" data-element_type=\"container\" data-e-type=\"container\" data-settings=\"{&quot;background_background&quot;:&quot;classic&quot;}\">\n\t\t\t\t\t<div class=\"e-con-inner\">\n\t\t\t\t<div class=\"elementor-element elementor-element-50b7b3d7 elementor-widget elementor-widget-heading\" data-id=\"50b7b3d7\" data-element_type=\"widget\" data-e-type=\"widget\" data-widget_type=\"heading.default\">\n\t\t\t\t<div class=\"elementor-widget-container\">\n\t\t\t\t\t<h2 class=\"elementor-heading-title elementor-size-default\">Contact Form<\/h2>\t\t\t\t<\/div>\n\t\t\t\t<\/div>\n\t\t\t\t<div class=\"elementor-element elementor-element-52442122 elementor-button-align-center elementor-widget elementor-widget-form\" data-id=\"52442122\" data-element_type=\"widget\" data-e-type=\"widget\" data-settings=\"{&quot;step_next_label&quot;:&quot;Next&quot;,&quot;step_previous_label&quot;:&quot;Previous&quot;,&quot;step_type&quot;:&quot;number_text&quot;,&quot;step_icon_shape&quot;:&quot;circle&quot;}\" data-widget_type=\"form.default\">\n\t\t\t\t<div class=\"elementor-widget-container\">\n\t\t\t\t\t\t\t<form class=\"elementor-form\" method=\"post\" name=\"New Form\" aria-label=\"New Form\">\n\t\t\t<input type=\"hidden\" name=\"post_id\" value=\"8825\"\/>\n\t\t\t<input type=\"hidden\" name=\"form_id\" value=\"52442122\"\/>\n\t\t\t<input type=\"hidden\" name=\"referer_title\" value=\"Product Form - Alyors\" \/>\n\n\t\t\t\t\t\t\t<input type=\"hidden\" name=\"queried_id\" value=\"8825\"\/>\n\t\t\t\n\t\t\t<div class=\"elementor-form-fields-wrapper elementor-labels-\">\n\t\t\t\t\t\t\t\t<div class=\"elementor-field-type-text elementor-field-group elementor-column elementor-field-group-name elementor-col-25 elementor-field-required\">\n\t\t\t\t\t\t\t\t\t\t\t\t<label for=\"form-field-name\" class=\"elementor-field-label elementor-screen-only\">\n\t\t\t\t\t\t\t\tName & Surname*\t\t\t\t\t\t\t<\/label>\n\t\t\t\t\t\t\t\t\t\t\t\t\t\t<input size=\"1\" type=\"text\" name=\"form_fields[name]\" id=\"form-field-name\" class=\"elementor-field elementor-size-md  elementor-field-textual\" placeholder=\"Name &amp; Surname*\" required=\"required\">\n\t\t\t\t\t\t\t\t\t\t\t<\/div>\n\t\t\t\t\t\t\t\t<div class=\"elementor-field-type-text elementor-field-group elementor-column elementor-field-group-field_ee287e8 elementor-col-50 elementor-field-required\">\n\t\t\t\t\t\t\t\t\t\t\t\t<label for=\"form-field-field_ee287e8\" class=\"elementor-field-label elementor-screen-only\">\n\t\t\t\t\t\t\t\tCompany Name*\t\t\t\t\t\t\t<\/label>\n\t\t\t\t\t\t\t\t\t\t\t\t\t\t<input size=\"1\" type=\"text\" name=\"form_fields[field_ee287e8]\" id=\"form-field-field_ee287e8\" class=\"elementor-field elementor-size-md  elementor-field-textual\" placeholder=\"Company Name*\" required=\"required\">\n\t\t\t\t\t\t\t\t\t\t\t<\/div>\n\t\t\t\t\t\t\t\t<div class=\"elementor-field-type-text elementor-field-group elementor-column elementor-field-group-field_b5e644d elementor-col-25\">\n\t\t\t\t\t\t\t\t\t\t\t\t<label for=\"form-field-field_b5e644d\" class=\"elementor-field-label elementor-screen-only\">\n\t\t\t\t\t\t\t\tCountry*\t\t\t\t\t\t\t<\/label>\n\t\t\t\t\t\t\t\t\t\t\t\t\t\t<input size=\"1\" type=\"text\" name=\"form_fields[field_b5e644d]\" id=\"form-field-field_b5e644d\" class=\"elementor-field elementor-size-md  elementor-field-textual\" placeholder=\"Country*\">\n\t\t\t\t\t\t\t\t\t\t\t<\/div>\n\t\t\t\t\t\t\t\t<div class=\"elementor-field-type-email elementor-field-group elementor-column elementor-field-group-email elementor-col-50 elementor-field-required\">\n\t\t\t\t\t\t\t\t\t\t\t\t<label for=\"form-field-email\" class=\"elementor-field-label elementor-screen-only\">\n\t\t\t\t\t\t\t\tEmail\t\t\t\t\t\t\t<\/label>\n\t\t\t\t\t\t\t\t\t\t\t\t\t\t<input size=\"1\" type=\"email\" name=\"form_fields[email]\" id=\"form-field-email\" class=\"elementor-field elementor-size-md  elementor-field-textual\" placeholder=\"Email\" required=\"required\">\n\t\t\t\t\t\t\t\t\t\t\t<\/div>\n\t\t\t\t\t\t\t\t<div class=\"elementor-field-type-text elementor-field-group elementor-column elementor-field-group-field_4ff4910 elementor-col-50\">\n\t\t\t\t\t\t\t\t\t\t\t\t<label for=\"form-field-field_4ff4910\" class=\"elementor-field-label elementor-screen-only\">\n\t\t\t\t\t\t\t\tPhone\t\t\t\t\t\t\t<\/label>\n\t\t\t\t\t\t\t\t\t\t\t\t\t\t<input size=\"1\" type=\"text\" name=\"form_fields[field_4ff4910]\" id=\"form-field-field_4ff4910\" class=\"elementor-field elementor-size-md  elementor-field-textual\" placeholder=\"Phone\">\n\t\t\t\t\t\t\t\t\t\t\t<\/div>\n\t\t\t\t\t\t\t\t<div class=\"elementor-field-type-textarea elementor-field-group elementor-column elementor-field-group-message elementor-col-100\">\n\t\t\t\t\t\t\t\t\t\t\t\t<label for=\"form-field-message\" class=\"elementor-field-label elementor-screen-only\">\n\t\t\t\t\t\t\t\tMessage\t\t\t\t\t\t\t<\/label>\n\t\t\t\t\t\t<textarea class=\"elementor-field-textual elementor-field  elementor-size-md\" name=\"form_fields[message]\" id=\"form-field-message\" rows=\"4\" placeholder=\"Message\"><\/textarea>\t\t\t\t<\/div>\n\t\t\t\t\t\t\t\t<div class=\"elementor-field-type-checkbox elementor-field-group elementor-column elementor-field-group-privacy_policy elementor-col-100\">\n\t\t\t\t\t\t\t\t\t\t\t\t<label for=\"form-field-privacy_policy\" class=\"elementor-field-label elementor-screen-only\">\n\t\t\t\t\t\t\t\tPrivacy Policy\t\t\t\t\t\t\t<\/label>\n\t\t\t\t\t\t<div class=\"elementor-field-subgroup  \"><span class=\"elementor-field-option\"><input type=\"checkbox\" value=\"I agree that any personal data may only be processed in accordance with the Alyors &lt;a href=&quot;\/wp-content\/uploads\/2024\/03\/alyors-privacy-policy.pdf&quot; target=&quot;_blank&quot;&gt;privacy policy&lt;\/a&gt;. You can access the data protection information obligations in accordance with Art. 13 GDPR &lt;a href=&quot;#&quot;&gt;here.&lt;\/a&gt;\" id=\"form-field-privacy_policy-0\" name=\"form_fields[privacy_policy]\"> <label for=\"form-field-privacy_policy-0\">I agree that any personal data may only be processed in accordance with the Alyors <a href=\"\/wp-content\/uploads\/2024\/03\/alyors-privacy-policy.pdf\" target=\"_blank\">privacy policy<\/a>. You can access the data protection information obligations in accordance with Art. 13 GDPR <a href=\"#\">here.<\/a><\/label><\/span><\/div>\t\t\t\t<\/div>\n\t\t\t\t\t\t\t\t<div class=\"elementor-field-group elementor-column elementor-field-type-submit elementor-col-100 e-form__buttons\">\n\t\t\t\t\t<button class=\"elementor-button elementor-size-sm\" type=\"submit\" id=\"send-button\">\n\t\t\t\t\t\t<span class=\"elementor-button-content-wrapper\">\n\t\t\t\t\t\t\t\t\t\t\t\t\t\t\t\t\t\t\t\t\t\t<span class=\"elementor-button-text\">Send<\/span>\n\t\t\t\t\t\t\t\t\t\t\t\t\t<\/span>\n\t\t\t\t\t<\/button>\n\t\t\t\t<\/div>\n\t\t\t<\/div>\n\t\t<\/form>\n\t\t\t\t\t\t<\/div>\n\t\t\t\t<\/div>\n\t\t\t\t\t<\/div>\n\t\t\t\t<\/div>\n\t\t\t\t\t<\/div>\n\t\t\t\t<\/div>\n\t\t\t\t<\/div>\n\t\t","protected":false},"excerpt":{"rendered":"<p>Product Forms for Private Label Supplements Formes de Produits pour les Suppl\u00e9ments en Marque Blanche Chez Alyors, nous sommes sp\u00e9cialis\u00e9s dans la production d&rsquo;une large gamme de formes de produits en vente libre (OTC) pour les suppl\u00e9ments en marque blanche. Que vous souhaitiez cr\u00e9er des comprim\u00e9s classiques ou des gommes innovantes, nous disposons de l&rsquo;expertise [&hellip;]<\/p>\n","protected":false},"author":1,"featured_media":0,"parent":8569,"menu_order":0,"comment_status":"closed","ping_status":"closed","template":"","meta":{"_acf_changed":false,"inline_featured_image":false,"footnotes":""},"class_list":["post-8825","page","type-page","status-publish","hentry"],"acf":[],"_links":{"self":[{"href":"https:\/\/www.alyors.com\/fr\/wp-json\/wp\/v2\/pages\/8825","targetHints":{"allow":["GET"]}}],"collection":[{"href":"https:\/\/www.alyors.com\/fr\/wp-json\/wp\/v2\/pages"}],"about":[{"href":"https:\/\/www.alyors.com\/fr\/wp-json\/wp\/v2\/types\/page"}],"author":[{"embeddable":true,"href":"https:\/\/www.alyors.com\/fr\/wp-json\/wp\/v2\/users\/1"}],"replies":[{"embeddable":true,"href":"https:\/\/www.alyors.com\/fr\/wp-json\/wp\/v2\/comments?post=8825"}],"version-history":[{"count":7,"href":"https:\/\/www.alyors.com\/fr\/wp-json\/wp\/v2\/pages\/8825\/revisions"}],"predecessor-version":[{"id":9354,"href":"https:\/\/www.alyors.com\/fr\/wp-json\/wp\/v2\/pages\/8825\/revisions\/9354"}],"up":[{"embeddable":true,"href":"https:\/\/www.alyors.com\/fr\/wp-json\/wp\/v2\/pages\/8569"}],"wp:attachment":[{"href":"https:\/\/www.alyors.com\/fr\/wp-json\/wp\/v2\/media?parent=8825"}],"curies":[{"name":"wp","href":"https:\/\/api.w.org\/{rel}","templated":true}]}}