{"id":8831,"date":"2024-03-04T12:11:32","date_gmt":"2024-03-04T12:11:32","guid":{"rendered":"https:\/\/www.alyors.com\/?page_id=8831"},"modified":"2024-10-21T08:52:48","modified_gmt":"2024-10-21T08:52:48","slug":"marque-propre","status":"publish","type":"page","link":"https:\/\/www.alyors.com\/fr\/services\/marque-propre\/","title":{"rendered":"Marque Propre"},"content":{"rendered":"\t\t<div data-elementor-type=\"wp-page\" data-elementor-id=\"8831\" class=\"elementor elementor-8831 elementor-2536\" data-elementor-post-type=\"page\">\n\t\t\t\t<div class=\"elementor-element elementor-element-fb72413 e-flex e-con-boxed e-con e-parent\" data-id=\"fb72413\" data-element_type=\"container\" data-e-type=\"container\">\n\t\t\t\t\t<div class=\"e-con-inner\">\n\t\t<div class=\"elementor-element elementor-element-248f800 e-flex e-con-boxed e-con e-child\" data-id=\"248f800\" data-element_type=\"container\" data-e-type=\"container\">\n\t\t\t\t\t<div class=\"e-con-inner\">\n\t\t\t\t<div class=\"elementor-element elementor-element-3d2057c section-title section-title--centered elementor-widget elementor-widget-heading\" data-id=\"3d2057c\" data-element_type=\"widget\" data-e-type=\"widget\" data-widget_type=\"heading.default\">\n\t\t\t\t<div class=\"elementor-widget-container\">\n\t\t\t\t\t<h2 class=\"elementor-heading-title elementor-size-default\">Marque Propre avec Alyors<\/h2>\t\t\t\t<\/div>\n\t\t\t\t<\/div>\n\t\t\t\t\t<\/div>\n\t\t\t\t<\/div>\n\t\t\t\t<div class=\"elementor-element elementor-element-e777c9f elementor-widget elementor-widget-text-editor\" data-id=\"e777c9f\" data-element_type=\"widget\" data-e-type=\"widget\" data-widget_type=\"text-editor.default\">\n\t\t\t\t<div class=\"elementor-widget-container\">\n\t\t\t\t\t\t\t\t\t<p>Vous souhaitez lancer une gamme de produits sous marque propre dans les compl\u00e9ments alimentaires, les dermocosm\u00e9tiques ou les dispositifs m\u00e9dicaux ? Alyors est votre partenaire de choix pour la fabrication sous marque propre, avec plus de 30 ans d&rsquo;exp\u00e9rience dans l&rsquo;industrie de la sant\u00e9 et de la production.<\/p><p>Pourquoi choisir Alyors pour la fabrication sous marque propre ?<\/p><p>Chez Alyors, nous sommes sp\u00e9cialis\u00e9s dans l&rsquo;accompagnement des entreprises pour cr\u00e9er des produits sous marque propre uniques qui se distinguent sur le march\u00e9. Notre expertise approfondie, combin\u00e9e \u00e0 nos installations de production \u00e0 la pointe de la technologie, nous permet de produire des produits de haute qualit\u00e9 qui r\u00e9pondent aux sp\u00e9cifications de votre plan strat\u00e9gique.<\/p><p><strong>Nos Services de Marque Propre<\/strong><\/p><p>Chez Alyors, nous offrons une gamme compl\u00e8te de services pour soutenir votre parcours en marque propre :<\/p><p><strong>Formulations Sur-Mesure :<\/strong> Notre \u00e9quipe de R&amp;D collabore avec vous pour d\u00e9velopper des formulations personnalis\u00e9es adapt\u00e9es \u00e0 votre marque et aux besoins du march\u00e9.<\/p><p><strong>Vari\u00e9t\u00e9 de Produits :<\/strong> Nous proposons une large gamme de types de produits, y compris des comprim\u00e9s, capsules, softgels, gummies, sachets, formes en poudre pour les compl\u00e9ments alimentaires ; gels, cr\u00e8mes, lotions, shampoings pour les dermocosm\u00e9tiques, et dispositifs m\u00e9dicaux &amp; consommables.<\/p><p><strong>Qualit\u00e9 et Conformit\u00e9 :<\/strong> Nos usines de production respectent des normes rigoureuses telles que les certifications ISO 9001, GMP, FDA et Halal. Nous garantissons que vos produits sous marque propre respectent les r\u00e9glementations nationales et internationales.<\/p><p><strong>Emballage &amp; Branding :<\/strong> Nos services de marque propre incluent des options d&#8217;emballage personnalis\u00e9es qui s&rsquo;alignent avec l&rsquo;esth\u00e9tique de votre marque. Vous pouvez choisir parmi une vari\u00e9t\u00e9 de styles, de mat\u00e9riaux et de designs d&#8217;emballage.<\/p><p><strong>Support Technique :<\/strong> Nous fournissons des conseils d&rsquo;experts tout au long du processus de cr\u00e9ation de votre marque propre, de la formulation \u00e0 la livraison.<\/p><p><strong>Port\u00e9e Internationale :<\/strong> Nous pouvons exp\u00e9dier vos produits sous marque propre vers des destinations mondiales, en fournissant toute la documentation et les certifications n\u00e9cessaires.<\/p><p>Partenaires pour le Succ\u00e8s de Votre Marque Propre<\/p><p>Que vous lanciez une nouvelle ligne sous marque propre ou que vous souhaitiez \u00e9largir votre portefeuille de produits existant, Alyors est votre partenaire de confiance avec plus de 30 ans d&rsquo;expertise. Nous comprenons l&rsquo;importance de la flexibilit\u00e9, de la qualit\u00e9 et de la livraison en temps voulu dans la fabrication de marque propre. Notre engagement envers la satisfaction client et notre vaste exp\u00e9rience dans l&rsquo;industrie font de nous un choix fiable.<\/p><p>Pour en savoir plus sur notre large gamme de produits, y compris les diff\u00e9rentes cat\u00e9gories et formes que nous proposons, cliquez sur les liens ci-dessous. D\u00e9couvrez les types de produits id\u00e9aux pour votre gamme sous marque propre, et laissez-nous vous aider \u00e0 cr\u00e9er des produits remarquables.<\/p>\t\t\t\t\t\t\t\t<\/div>\n\t\t\t\t<\/div>\n\t\t\t\t\t<\/div>\n\t\t\t\t<\/div>\n\t\t<div class=\"elementor-element elementor-element-ac58c59 e-flex e-con-boxed e-con e-parent\" data-id=\"ac58c59\" data-element_type=\"container\" data-e-type=\"container\">\n\t\t\t\t\t<div class=\"e-con-inner\">\n\t\t<div class=\"elementor-element elementor-element-853a5e4 e-con-full e-flex e-con e-child\" data-id=\"853a5e4\" data-element_type=\"container\" data-e-type=\"container\">\n\t\t\t\t<div class=\"elementor-element elementor-element-a154b3b elementor-align-right elementor-widget elementor-widget-button\" data-id=\"a154b3b\" data-element_type=\"widget\" data-e-type=\"widget\" data-widget_type=\"button.default\">\n\t\t\t\t<div class=\"elementor-widget-container\">\n\t\t\t\t\t\t\t\t\t<div class=\"elementor-button-wrapper\">\n\t\t\t\t\t<a class=\"elementor-button elementor-button-link elementor-size-md\" href=\"https:\/\/www.alyors.com\/services\/private-label\/product-category\/\">\n\t\t\t\t\t\t<span class=\"elementor-button-content-wrapper\">\n\t\t\t\t\t\t\t\t\t<span class=\"elementor-button-text\">Product Categories<\/span>\n\t\t\t\t\t<\/span>\n\t\t\t\t\t<\/a>\n\t\t\t\t<\/div>\n\t\t\t\t\t\t\t\t<\/div>\n\t\t\t\t<\/div>\n\t\t\t\t<\/div>\n\t\t<div class=\"elementor-element elementor-element-65dc0bd e-con-full e-flex e-con e-child\" data-id=\"65dc0bd\" data-element_type=\"container\" data-e-type=\"container\">\n\t\t\t\t<div class=\"elementor-element elementor-element-173bde0 elementor-align-left elementor-widget elementor-widget-button\" data-id=\"173bde0\" data-element_type=\"widget\" data-e-type=\"widget\" data-widget_type=\"button.default\">\n\t\t\t\t<div class=\"elementor-widget-container\">\n\t\t\t\t\t\t\t\t\t<div class=\"elementor-button-wrapper\">\n\t\t\t\t\t<a class=\"elementor-button elementor-button-link elementor-size-md\" href=\"https:\/\/www.alyors.com\/services\/private-label\/product-form\/\">\n\t\t\t\t\t\t<span class=\"elementor-button-content-wrapper\">\n\t\t\t\t\t\t\t\t\t<span class=\"elementor-button-text\">Product Forms<\/span>\n\t\t\t\t\t<\/span>\n\t\t\t\t\t<\/a>\n\t\t\t\t<\/div>\n\t\t\t\t\t\t\t\t<\/div>\n\t\t\t\t<\/div>\n\t\t\t\t<\/div>\n\t\t\t\t\t<\/div>\n\t\t\t\t<\/div>\n\t\t<div class=\"elementor-element elementor-element-41040be e-flex e-con-boxed e-con e-parent\" data-id=\"41040be\" data-element_type=\"container\" data-e-type=\"container\">\n\t\t\t\t\t<div class=\"e-con-inner\">\n\t\t\t\t<div class=\"elementor-element elementor-element-5dcc840 elementor-widget elementor-widget-text-editor\" data-id=\"5dcc840\" data-element_type=\"widget\" data-e-type=\"widget\" data-widget_type=\"text-editor.default\">\n\t\t\t\t<div class=\"elementor-widget-container\">\n\t\t\t\t\t\t\t\t\t<p><strong>Get Started with Alyors<\/strong><\/p><p>Ready to discuss your private label project? Contact us today to learn more about our private label services and discover how Alyors can help you achieve your business goals.<\/p>\t\t\t\t\t\t\t\t<\/div>\n\t\t\t\t<\/div>\n\t\t\t\t\t<\/div>\n\t\t\t\t<\/div>\n\t\t<div class=\"elementor-element elementor-element-5ba61f54 e-flex e-con-boxed e-con e-parent\" data-id=\"5ba61f54\" data-element_type=\"container\" data-e-type=\"container\">\n\t\t\t\t\t<div class=\"e-con-inner\">\n\t\t<div class=\"elementor-element elementor-element-408b5c23 e-flex e-con-boxed e-con e-child\" data-id=\"408b5c23\" data-element_type=\"container\" data-e-type=\"container\" data-settings=\"{&quot;background_background&quot;:&quot;classic&quot;}\">\n\t\t\t\t\t<div class=\"e-con-inner\">\n\t\t\t\t<div class=\"elementor-element elementor-element-4e3be73a elementor-widget elementor-widget-heading\" data-id=\"4e3be73a\" data-element_type=\"widget\" data-e-type=\"widget\" data-widget_type=\"heading.default\">\n\t\t\t\t<div class=\"elementor-widget-container\">\n\t\t\t\t\t<h2 class=\"elementor-heading-title elementor-size-default\">Contact Form<\/h2>\t\t\t\t<\/div>\n\t\t\t\t<\/div>\n\t\t\t\t<div class=\"elementor-element elementor-element-3068c899 elementor-button-align-center elementor-widget elementor-widget-form\" data-id=\"3068c899\" data-element_type=\"widget\" data-e-type=\"widget\" data-settings=\"{&quot;step_next_label&quot;:&quot;Next&quot;,&quot;step_previous_label&quot;:&quot;Previous&quot;,&quot;step_type&quot;:&quot;number_text&quot;,&quot;step_icon_shape&quot;:&quot;circle&quot;}\" data-widget_type=\"form.default\">\n\t\t\t\t<div class=\"elementor-widget-container\">\n\t\t\t\t\t\t\t<form class=\"elementor-form\" method=\"post\" name=\"New Form\" aria-label=\"New Form\">\n\t\t\t<input type=\"hidden\" name=\"post_id\" value=\"8831\"\/>\n\t\t\t<input type=\"hidden\" name=\"form_id\" value=\"3068c899\"\/>\n\t\t\t<input type=\"hidden\" name=\"referer_title\" value=\"Marque Propre - Alyors\" \/>\n\n\t\t\t\t\t\t\t<input type=\"hidden\" name=\"queried_id\" value=\"8831\"\/>\n\t\t\t\n\t\t\t<div class=\"elementor-form-fields-wrapper elementor-labels-\">\n\t\t\t\t\t\t\t\t<div class=\"elementor-field-type-text elementor-field-group elementor-column elementor-field-group-name elementor-col-25 elementor-field-required\">\n\t\t\t\t\t\t\t\t\t\t\t\t<label for=\"form-field-name\" class=\"elementor-field-label elementor-screen-only\">\n\t\t\t\t\t\t\t\tName & Surname*\t\t\t\t\t\t\t<\/label>\n\t\t\t\t\t\t\t\t\t\t\t\t\t\t<input size=\"1\" type=\"text\" name=\"form_fields[name]\" id=\"form-field-name\" class=\"elementor-field elementor-size-md  elementor-field-textual\" placeholder=\"Name &amp; Surname*\" required=\"required\">\n\t\t\t\t\t\t\t\t\t\t\t<\/div>\n\t\t\t\t\t\t\t\t<div class=\"elementor-field-type-text elementor-field-group elementor-column elementor-field-group-field_ee287e8 elementor-col-50 elementor-field-required\">\n\t\t\t\t\t\t\t\t\t\t\t\t<label for=\"form-field-field_ee287e8\" class=\"elementor-field-label elementor-screen-only\">\n\t\t\t\t\t\t\t\tCompany Name*\t\t\t\t\t\t\t<\/label>\n\t\t\t\t\t\t\t\t\t\t\t\t\t\t<input size=\"1\" type=\"text\" name=\"form_fields[field_ee287e8]\" id=\"form-field-field_ee287e8\" class=\"elementor-field elementor-size-md  elementor-field-textual\" placeholder=\"Company Name*\" required=\"required\">\n\t\t\t\t\t\t\t\t\t\t\t<\/div>\n\t\t\t\t\t\t\t\t<div class=\"elementor-field-type-text elementor-field-group elementor-column elementor-field-group-field_b5e644d elementor-col-25\">\n\t\t\t\t\t\t\t\t\t\t\t\t<label for=\"form-field-field_b5e644d\" class=\"elementor-field-label elementor-screen-only\">\n\t\t\t\t\t\t\t\tCountry*\t\t\t\t\t\t\t<\/label>\n\t\t\t\t\t\t\t\t\t\t\t\t\t\t<input size=\"1\" type=\"text\" name=\"form_fields[field_b5e644d]\" id=\"form-field-field_b5e644d\" class=\"elementor-field elementor-size-md  elementor-field-textual\" placeholder=\"Country*\">\n\t\t\t\t\t\t\t\t\t\t\t<\/div>\n\t\t\t\t\t\t\t\t<div class=\"elementor-field-type-email elementor-field-group elementor-column elementor-field-group-email elementor-col-50 elementor-field-required\">\n\t\t\t\t\t\t\t\t\t\t\t\t<label for=\"form-field-email\" class=\"elementor-field-label elementor-screen-only\">\n\t\t\t\t\t\t\t\tEmail\t\t\t\t\t\t\t<\/label>\n\t\t\t\t\t\t\t\t\t\t\t\t\t\t<input size=\"1\" type=\"email\" name=\"form_fields[email]\" id=\"form-field-email\" class=\"elementor-field elementor-size-md  elementor-field-textual\" placeholder=\"Email\" required=\"required\">\n\t\t\t\t\t\t\t\t\t\t\t<\/div>\n\t\t\t\t\t\t\t\t<div class=\"elementor-field-type-text elementor-field-group elementor-column elementor-field-group-field_4ff4910 elementor-col-50\">\n\t\t\t\t\t\t\t\t\t\t\t\t<label for=\"form-field-field_4ff4910\" class=\"elementor-field-label elementor-screen-only\">\n\t\t\t\t\t\t\t\tPhone\t\t\t\t\t\t\t<\/label>\n\t\t\t\t\t\t\t\t\t\t\t\t\t\t<input size=\"1\" type=\"text\" name=\"form_fields[field_4ff4910]\" id=\"form-field-field_4ff4910\" class=\"elementor-field elementor-size-md  elementor-field-textual\" placeholder=\"Phone\">\n\t\t\t\t\t\t\t\t\t\t\t<\/div>\n\t\t\t\t\t\t\t\t<div class=\"elementor-field-type-textarea elementor-field-group elementor-column elementor-field-group-message elementor-col-100\">\n\t\t\t\t\t\t\t\t\t\t\t\t<label for=\"form-field-message\" class=\"elementor-field-label elementor-screen-only\">\n\t\t\t\t\t\t\t\tMessage\t\t\t\t\t\t\t<\/label>\n\t\t\t\t\t\t<textarea class=\"elementor-field-textual elementor-field  elementor-size-md\" name=\"form_fields[message]\" id=\"form-field-message\" rows=\"4\" placeholder=\"Message\"><\/textarea>\t\t\t\t<\/div>\n\t\t\t\t\t\t\t\t<div class=\"elementor-field-type-checkbox elementor-field-group elementor-column elementor-field-group-privacy_policy elementor-col-100\">\n\t\t\t\t\t\t\t\t\t\t\t\t<label for=\"form-field-privacy_policy\" class=\"elementor-field-label elementor-screen-only\">\n\t\t\t\t\t\t\t\tPrivacy Policy\t\t\t\t\t\t\t<\/label>\n\t\t\t\t\t\t<div class=\"elementor-field-subgroup  \"><span class=\"elementor-field-option\"><input type=\"checkbox\" value=\"I agree that any personal data may only be processed in accordance with the Alyors &lt;a href=&quot;\/wp-content\/uploads\/2024\/03\/alyors-privacy-policy.pdf&quot; target=&quot;_blank&quot;&gt;privacy policy&lt;\/a&gt;. You can access the data protection information obligations in accordance with Art. 13 GDPR &lt;a href=&quot;#&quot;&gt;here.&lt;\/a&gt;\" id=\"form-field-privacy_policy-0\" name=\"form_fields[privacy_policy]\"> <label for=\"form-field-privacy_policy-0\">I agree that any personal data may only be processed in accordance with the Alyors <a href=\"\/wp-content\/uploads\/2024\/03\/alyors-privacy-policy.pdf\" target=\"_blank\">privacy policy<\/a>. You can access the data protection information obligations in accordance with Art. 13 GDPR <a href=\"#\">here.<\/a><\/label><\/span><\/div>\t\t\t\t<\/div>\n\t\t\t\t\t\t\t\t<div class=\"elementor-field-group elementor-column elementor-field-type-submit elementor-col-100 e-form__buttons\">\n\t\t\t\t\t<button class=\"elementor-button elementor-size-sm\" type=\"submit\" id=\"send-button\">\n\t\t\t\t\t\t<span class=\"elementor-button-content-wrapper\">\n\t\t\t\t\t\t\t\t\t\t\t\t\t\t\t\t\t\t\t\t\t\t<span class=\"elementor-button-text\">Send<\/span>\n\t\t\t\t\t\t\t\t\t\t\t\t\t<\/span>\n\t\t\t\t\t<\/button>\n\t\t\t\t<\/div>\n\t\t\t<\/div>\n\t\t<\/form>\n\t\t\t\t\t\t<\/div>\n\t\t\t\t<\/div>\n\t\t\t\t\t<\/div>\n\t\t\t\t<\/div>\n\t\t\t\t\t<\/div>\n\t\t\t\t<\/div>\n\t\t\t\t<\/div>\n\t\t","protected":false},"excerpt":{"rendered":"<p>Marque Propre avec Alyors Vous souhaitez lancer une gamme de produits sous marque propre dans les compl\u00e9ments alimentaires, les dermocosm\u00e9tiques ou les dispositifs m\u00e9dicaux ? Alyors est votre partenaire de choix pour la fabrication sous marque propre, avec plus de 30 ans d&rsquo;exp\u00e9rience dans l&rsquo;industrie de la sant\u00e9 et de la production. Pourquoi choisir Alyors [&hellip;]<\/p>\n","protected":false},"author":1,"featured_media":0,"parent":9366,"menu_order":0,"comment_status":"closed","ping_status":"closed","template":"","meta":{"_acf_changed":false,"inline_featured_image":false,"footnotes":""},"class_list":["post-8831","page","type-page","status-publish","hentry"],"acf":[],"_links":{"self":[{"href":"https:\/\/www.alyors.com\/fr\/wp-json\/wp\/v2\/pages\/8831","targetHints":{"allow":["GET"]}}],"collection":[{"href":"https:\/\/www.alyors.com\/fr\/wp-json\/wp\/v2\/pages"}],"about":[{"href":"https:\/\/www.alyors.com\/fr\/wp-json\/wp\/v2\/types\/page"}],"author":[{"embeddable":true,"href":"https:\/\/www.alyors.com\/fr\/wp-json\/wp\/v2\/users\/1"}],"replies":[{"embeddable":true,"href":"https:\/\/www.alyors.com\/fr\/wp-json\/wp\/v2\/comments?post=8831"}],"version-history":[{"count":4,"href":"https:\/\/www.alyors.com\/fr\/wp-json\/wp\/v2\/pages\/8831\/revisions"}],"predecessor-version":[{"id":8835,"href":"https:\/\/www.alyors.com\/fr\/wp-json\/wp\/v2\/pages\/8831\/revisions\/8835"}],"up":[{"embeddable":true,"href":"https:\/\/www.alyors.com\/fr\/wp-json\/wp\/v2\/pages\/9366"}],"wp:attachment":[{"href":"https:\/\/www.alyors.com\/fr\/wp-json\/wp\/v2\/media?parent=8831"}],"curies":[{"name":"wp","href":"https:\/\/api.w.org\/{rel}","templated":true}]}}