{"id":8837,"date":"2024-03-04T12:12:36","date_gmt":"2024-03-04T12:12:36","guid":{"rendered":"https:\/\/www.alyors.com\/?page_id=8837"},"modified":"2024-10-21T09:01:10","modified_gmt":"2024-10-21T09:01:10","slug":"product-category","status":"publish","type":"page","link":"https:\/\/www.alyors.com\/fr\/services\/marque-propre\/product-category\/","title":{"rendered":"Product Category"},"content":{"rendered":"\t\t<div data-elementor-type=\"wp-page\" data-elementor-id=\"8837\" class=\"elementor elementor-8837 elementor-2542\" data-elementor-post-type=\"page\">\n\t\t\t\t<div class=\"elementor-element elementor-element-3b7ed8a e-flex e-con-boxed e-con e-parent\" data-id=\"3b7ed8a\" data-element_type=\"container\" data-e-type=\"container\">\n\t\t\t\t\t<div class=\"e-con-inner\">\n\t\t<div class=\"elementor-element elementor-element-348cc59 e-flex e-con-boxed e-con e-child\" data-id=\"348cc59\" data-element_type=\"container\" data-e-type=\"container\">\n\t\t\t\t\t<div class=\"e-con-inner\">\n\t\t\t\t<div class=\"elementor-element elementor-element-2bb9d44 section-title section-title--centered elementor-widget elementor-widget-heading\" data-id=\"2bb9d44\" data-element_type=\"widget\" data-e-type=\"widget\" data-widget_type=\"heading.default\">\n\t\t\t\t<div class=\"elementor-widget-container\">\n\t\t\t\t\t<h2 class=\"elementor-heading-title elementor-size-default\">Private Label Product Categories<\/h2>\t\t\t\t<\/div>\n\t\t\t\t<\/div>\n\t\t\t\t\t<\/div>\n\t\t\t\t<\/div>\n\t\t\t\t<div class=\"elementor-element elementor-element-55d9609 elementor-widget elementor-widget-text-editor\" data-id=\"55d9609\" data-element_type=\"widget\" data-e-type=\"widget\" data-widget_type=\"text-editor.default\">\n\t\t\t\t<div class=\"elementor-widget-container\">\n\t\t\t\t\t\t\t\t\t<p>Cat\u00e9gories de Produits de Marque Priv\u00e9e Alyors Holding propose des services complets de fabrication de marque priv\u00e9e dans trois grandes cat\u00e9gories de produits : compl\u00e9ments alimentaires, dermocosm\u00e9tiques et dispositifs m\u00e9dicaux &amp; consommables.<\/p><p>Notre expertise dans chaque cat\u00e9gorie vous assure de trouver la solution parfaite pour votre marque de marque priv\u00e9e.<\/p><p><strong>Compl\u00e9ments Alimentaires :<\/strong> Nous produisons une large gamme de compl\u00e9ments alimentaires r\u00e9pondant \u00e0 divers besoins de sant\u00e9 et sous diff\u00e9rentes formes, y compris des comprim\u00e9s, des capsules, des softgels, des gummies et des poudres. Nos formulations comprennent des vitamines, des min\u00e9raux, des extraits de plantes et des suppl\u00e9ments sp\u00e9cialis\u00e9s, con\u00e7us pour r\u00e9pondre \u00e0 des besoins vari\u00e9s en mati\u00e8re de sant\u00e9 et de bien-\u00eatre. Cliquez ici pour d\u00e9couvrir nos cat\u00e9gories de compl\u00e9ments alimentaires pour diff\u00e9rents genres\/\u00e2ges, int\u00e9r\u00eats de sant\u00e9 et pr\u00e9f\u00e9rences d&rsquo;utilisation des consommateurs.<\/p><p><strong>Dermocosm\u00e9tiques :<\/strong> Nos produits dermocosm\u00e9tiques comprennent une vari\u00e9t\u00e9 d&rsquo;articles pour le soin de la peau et des cheveux, allant des cr\u00e8mes et s\u00e9rums aux shampoings et peelings. Nous utilisons des formulations avanc\u00e9es pour offrir des produits efficaces qui s&rsquo;alignent avec la vision de votre marque. Cliquez ici pour en savoir plus sur notre production de dermocosm\u00e9tiques pour diff\u00e9rents types de peau et de cheveux.<\/p><p><strong>Dispositifs M\u00e9dicaux &amp; Consommables :<\/strong> Alyors fabrique des dispositifs m\u00e9dicaux et des consommables, y compris des aiguilles \u00e0 insuline, des kits de premiers secours, des bandages, des gazes, et bien plus encore. Nos produits respectent des normes strictes de qualit\u00e9 et d&rsquo;hygi\u00e8ne et sont conformes aux certifications et r\u00e9glementations nationales et internationales. Cliquez ici pour plus de d\u00e9tails sur les produits de dispositifs m\u00e9dicaux et consommables.<\/p><p>Choisissez Alyors comme votre partenaire de confiance pour la fabrication de marque priv\u00e9e, et laissez-nous vous aider \u00e0 cr\u00e9er des produits de haute qualit\u00e9 dans l&rsquo;une de ces cat\u00e9gories. Cliquez sur les liens ci-dessous pour explorer chaque cat\u00e9gorie en d\u00e9tail.<\/p>\t\t\t\t\t\t\t\t<\/div>\n\t\t\t\t<\/div>\n\t\t\t\t\t<\/div>\n\t\t\t\t<\/div>\n\t\t\t\t<\/div>\n\t\t","protected":false},"excerpt":{"rendered":"<p>Private Label Product Categories Cat\u00e9gories de Produits de Marque Priv\u00e9e Alyors Holding propose des services complets de fabrication de marque priv\u00e9e dans trois grandes cat\u00e9gories de produits : compl\u00e9ments alimentaires, dermocosm\u00e9tiques et dispositifs m\u00e9dicaux &amp; consommables. Notre expertise dans chaque cat\u00e9gorie vous assure de trouver la solution parfaite pour votre marque de marque priv\u00e9e. Compl\u00e9ments [&hellip;]<\/p>\n","protected":false},"author":1,"featured_media":0,"parent":8831,"menu_order":0,"comment_status":"closed","ping_status":"closed","template":"","meta":{"_acf_changed":false,"inline_featured_image":false,"footnotes":""},"class_list":["post-8837","page","type-page","status-publish","hentry"],"acf":[],"_links":{"self":[{"href":"https:\/\/www.alyors.com\/fr\/wp-json\/wp\/v2\/pages\/8837","targetHints":{"allow":["GET"]}}],"collection":[{"href":"https:\/\/www.alyors.com\/fr\/wp-json\/wp\/v2\/pages"}],"about":[{"href":"https:\/\/www.alyors.com\/fr\/wp-json\/wp\/v2\/types\/page"}],"author":[{"embeddable":true,"href":"https:\/\/www.alyors.com\/fr\/wp-json\/wp\/v2\/users\/1"}],"replies":[{"embeddable":true,"href":"https:\/\/www.alyors.com\/fr\/wp-json\/wp\/v2\/comments?post=8837"}],"version-history":[{"count":4,"href":"https:\/\/www.alyors.com\/fr\/wp-json\/wp\/v2\/pages\/8837\/revisions"}],"predecessor-version":[{"id":8842,"href":"https:\/\/www.alyors.com\/fr\/wp-json\/wp\/v2\/pages\/8837\/revisions\/8842"}],"up":[{"embeddable":true,"href":"https:\/\/www.alyors.com\/fr\/wp-json\/wp\/v2\/pages\/8831"}],"wp:attachment":[{"href":"https:\/\/www.alyors.com\/fr\/wp-json\/wp\/v2\/media?parent=8837"}],"curies":[{"name":"wp","href":"https:\/\/api.w.org\/{rel}","templated":true}]}}