{"id":8843,"date":"2024-03-04T12:12:01","date_gmt":"2024-03-04T12:12:01","guid":{"rendered":"https:\/\/www.alyors.com\/?page_id=8843"},"modified":"2024-11-05T11:17:51","modified_gmt":"2024-11-05T11:17:51","slug":"product-form","status":"publish","type":"page","link":"https:\/\/www.alyors.com\/fr\/services\/marque-propre\/product-form\/","title":{"rendered":"Product Form"},"content":{"rendered":"\t\t<div data-elementor-type=\"wp-page\" data-elementor-id=\"8843\" class=\"elementor elementor-8843 elementor-2538\" data-elementor-post-type=\"page\">\n\t\t\t\t<div class=\"elementor-element elementor-element-eb9860a e-flex e-con-boxed e-con e-parent\" data-id=\"eb9860a\" data-element_type=\"container\" data-e-type=\"container\">\n\t\t\t\t\t<div class=\"e-con-inner\">\n\t\t<div class=\"elementor-element elementor-element-0d34df2 e-flex e-con-boxed e-con e-child\" data-id=\"0d34df2\" data-element_type=\"container\" data-e-type=\"container\">\n\t\t\t\t\t<div class=\"e-con-inner\">\n\t\t\t\t<div class=\"elementor-element elementor-element-69057d1 section-title section-title--centered elementor-widget elementor-widget-heading\" data-id=\"69057d1\" data-element_type=\"widget\" data-e-type=\"widget\" data-widget_type=\"heading.default\">\n\t\t\t\t<div class=\"elementor-widget-container\">\n\t\t\t\t\t<h2 class=\"elementor-heading-title elementor-size-default\">Product Forms for Private Label Supplements<\/h2>\t\t\t\t<\/div>\n\t\t\t\t<\/div>\n\t\t\t\t\t<\/div>\n\t\t\t\t<\/div>\n\t\t\t\t<div class=\"elementor-element elementor-element-7646c02 elementor-widget elementor-widget-text-editor\" data-id=\"7646c02\" data-element_type=\"widget\" data-e-type=\"widget\" data-widget_type=\"text-editor.default\">\n\t\t\t\t<div class=\"elementor-widget-container\">\n\t\t\t\t\t\t\t\t\t<p>Formes de Produits pour Compl\u00e9ments Alimentaires \u00e0 Marque Priv\u00e9e<br \/>Chez Alyors, nous sommes sp\u00e9cialis\u00e9s dans la production d&rsquo;une gamme diversifi\u00e9e de formes de produits en vente libre (OTC) pour les compl\u00e9ments alimentaires \u00e0 marque priv\u00e9e. Que vous cherchiez \u00e0 cr\u00e9er des comprim\u00e9s traditionnels ou des gommes de derni\u00e8re innovation, nous disposons de l&rsquo;expertise et de la technologie de pointe pour r\u00e9pondre aux besoins de votre marque et de votre public cible.<\/p><p><strong>Nos Formes de Produits<\/strong><\/p><p>Nous comprenons que chaque consommateur a une pr\u00e9f\u00e9rence diff\u00e9rente en mati\u00e8re de formes de compl\u00e9ments alimentaires. Nous reconnaissons \u00e9galement l&rsquo;importance de l&rsquo;utilisation r\u00e9guli\u00e8re et de l&rsquo;int\u00e9gration des compl\u00e9ments dans une routine quotidienne. Pour aider les consommateurs \u00e0 incorporer facilement les compl\u00e9ments dans leur alimentation, nous proposons des solutions qui r\u00e9pondent \u00e0 chaque pr\u00e9f\u00e9rence de forme :<\/p><p><strong>Comprim\u00e9s :<\/strong> Une forme classique pour les vitamines et les compl\u00e9ments, nos comprim\u00e9s sont con\u00e7us pour une consommation facile et un dosage constant. Disponibles en diverses formes et tailles, ils peuvent \u00eatre personnalis\u00e9s selon les sp\u00e9cifications de votre marque.<\/p><p><strong>Comprim\u00e9s Effervescents :<\/strong> Id\u00e9als pour les compl\u00e9ments qui se dissolvent dans l&rsquo;eau, les comprim\u00e9s effervescents offrent une mani\u00e8re pratique et agr\u00e9able de consommer des vitamines et des min\u00e9raux. De plus, ils se dissolvent facilement dans l&rsquo;eau sans laisser de r\u00e9sidus. Nous pouvons cr\u00e9er des formulations uniques avec une vari\u00e9t\u00e9 de saveurs.<\/p><p><strong>Capsules :<\/strong> Notre fabrication de capsules comprend des capsules dures et molles, offrant une flexibilit\u00e9 en termes d&rsquo;ingr\u00e9dients et de dosages. Elles sont faciles \u00e0 avaler et adapt\u00e9es \u00e0 une large gamme de compl\u00e9ments.<\/p><p><strong>Capsules Molles :<\/strong> Parfaites pour les compl\u00e9ments \u00e0 base liquide, les capsules molles offrent un format lisse et facile \u00e0 dig\u00e9rer. Elles sont id\u00e9ales pour les huiles, les vitamines liposolubles et d&rsquo;autres compl\u00e9ments liquides.<\/p><p><strong>Sachets :<\/strong> Pour les compl\u00e9ments \u00e0 dose unique, les sachets offrent une option pratique et portable. Faciles \u00e0 transporter et \u00e0 utiliser, avec une gamme de saveurs et de formulations.<\/p><p><strong>Compl\u00e9ments Liquides :<\/strong> Nos compl\u00e9ments liquides sont disponibles en diff\u00e9rentes tailles de bouteilles et peuvent \u00eatre formul\u00e9s avec des ingr\u00e9dients uniques pour s&rsquo;adapter \u00e0 votre gamme de produits. Ils sont id\u00e9aux pour les enfants, les personnes \u00e2g\u00e9es et ceux qui pr\u00e9f\u00e8rent les formats liquides, comme les sirops ou les shots de collag\u00e8ne \u00e0 dose unique.<\/p><p><strong>Gommes :<\/strong> Une option populaire et r\u00e9cente pour les compl\u00e9ments, les gommes offrent une mani\u00e8re ludique et savoureuse de consommer des vitamines et autres nutriments, non seulement pour les enfants, mais aussi pour les adultes. Nous pouvons cr\u00e9er des gommes de diff\u00e9rentes formes, saveurs et couleurs pour correspondre \u00e0 l&rsquo;identit\u00e9 de votre marque.<\/p><p><strong>Engagement pour la Qualit\u00e9<\/strong><\/p><p>La qualit\u00e9 et la s\u00e9curit\u00e9 sont au c\u0153ur de tout ce que nous faisons chez Alyors. Nos installations de production sont certifi\u00e9es ISO 9001, GMP et enregistr\u00e9es aupr\u00e8s de la FDA, garantissant que chaque produit respecte des normes de qualit\u00e9 rigoureuses. Nous utilisons des ingr\u00e9dients de haute qualit\u00e9 et r\u00e9alisons des tests approfondis pour garantir la s\u00e9curit\u00e9 et l&rsquo;efficacit\u00e9.<\/p><p><strong>Partenariat avec Alyors<\/strong><\/p><p>Que vous lanciez une nouvelle gamme de compl\u00e9ments \u00e0 marque priv\u00e9e ou que vous \u00e9largissiez votre gamme existante, Alyors est votre partenaire id\u00e9al pour la fabrication de formes de produits de haute qualit\u00e9. Avec nos services de fabrication de compl\u00e9ments alimentaires \u00e0 marque priv\u00e9e, vous pouvez choisir parmi des formulations semi-personnalis\u00e9es ou en cr\u00e9er une totalement personnalis\u00e9e. Nous proposons un support complet pour le conditionnement afin de valoriser votre marque. (Nous fournissons des bouteilles et emballages plastiques de diff\u00e9rentes tailles.)<\/p><p>Le march\u00e9 des compl\u00e9ments alimentaires est en plein essor \u2013 votre marque peut en faire partie avec le partenariat d&rsquo;Alyors ! Contactez-nous d\u00e8s aujourd&rsquo;hui pour discuter de vos besoins en mati\u00e8re de marque priv\u00e9e et d\u00e9couvrez comment nous pouvons vous aider \u00e0 cr\u00e9er les compl\u00e9ments parfaits pour votre marque.<\/p>\t\t\t\t\t\t\t\t<\/div>\n\t\t\t\t<\/div>\n\t\t\t\t\t<\/div>\n\t\t\t\t<\/div>\n\t\t<div class=\"elementor-element elementor-element-44f96ce e-flex e-con-boxed e-con e-parent\" data-id=\"44f96ce\" data-element_type=\"container\" data-e-type=\"container\">\n\t\t\t\t\t<div class=\"e-con-inner\">\n\t\t<div class=\"elementor-element elementor-element-74870e2 e-flex e-con-boxed e-con e-child\" data-id=\"74870e2\" data-element_type=\"container\" data-e-type=\"container\" data-settings=\"{&quot;background_background&quot;:&quot;classic&quot;}\">\n\t\t\t\t\t<div class=\"e-con-inner\">\n\t\t\t\t<div class=\"elementor-element elementor-element-8e7c6b7 elementor-widget elementor-widget-heading\" data-id=\"8e7c6b7\" data-element_type=\"widget\" data-e-type=\"widget\" data-widget_type=\"heading.default\">\n\t\t\t\t<div class=\"elementor-widget-container\">\n\t\t\t\t\t<h2 class=\"elementor-heading-title elementor-size-default\">Formulaire de contact <\/h2>\t\t\t\t<\/div>\n\t\t\t\t<\/div>\n\t\t\t\t<div class=\"elementor-element elementor-element-885b2ce elementor-button-align-center elementor-widget elementor-widget-form\" data-id=\"885b2ce\" data-element_type=\"widget\" data-e-type=\"widget\" data-settings=\"{&quot;step_next_label&quot;:&quot;Next&quot;,&quot;step_previous_label&quot;:&quot;Previous&quot;,&quot;step_type&quot;:&quot;number_text&quot;,&quot;step_icon_shape&quot;:&quot;circle&quot;}\" data-widget_type=\"form.default\">\n\t\t\t\t<div class=\"elementor-widget-container\">\n\t\t\t\t\t\t\t<form class=\"elementor-form\" method=\"post\" name=\"New Form\" aria-label=\"New Form\">\n\t\t\t<input type=\"hidden\" name=\"post_id\" value=\"8843\"\/>\n\t\t\t<input type=\"hidden\" name=\"form_id\" value=\"885b2ce\"\/>\n\t\t\t<input type=\"hidden\" name=\"referer_title\" value=\"Product Form - Alyors\" \/>\n\n\t\t\t\t\t\t\t<input type=\"hidden\" name=\"queried_id\" value=\"8843\"\/>\n\t\t\t\n\t\t\t<div class=\"elementor-form-fields-wrapper elementor-labels-\">\n\t\t\t\t\t\t\t\t<div class=\"elementor-field-type-text elementor-field-group elementor-column elementor-field-group-name elementor-col-25 elementor-field-required\">\n\t\t\t\t\t\t\t\t\t\t\t\t<label for=\"form-field-name\" class=\"elementor-field-label elementor-screen-only\">\n\t\t\t\t\t\t\t\tNom et pr\u00e9nom*\t\t\t\t\t\t\t<\/label>\n\t\t\t\t\t\t\t\t\t\t\t\t\t\t<input size=\"1\" type=\"text\" name=\"form_fields[name]\" id=\"form-field-name\" class=\"elementor-field elementor-size-md  elementor-field-textual\" placeholder=\"Nom et pr\u00e9nom*\" required=\"required\">\n\t\t\t\t\t\t\t\t\t\t\t<\/div>\n\t\t\t\t\t\t\t\t<div class=\"elementor-field-type-text elementor-field-group elementor-column elementor-field-group-field_ee287e8 elementor-col-50 elementor-field-required\">\n\t\t\t\t\t\t\t\t\t\t\t\t<label for=\"form-field-field_ee287e8\" class=\"elementor-field-label elementor-screen-only\">\n\t\t\t\t\t\t\t\tNom de l'entreprise*\t\t\t\t\t\t\t<\/label>\n\t\t\t\t\t\t\t\t\t\t\t\t\t\t<input size=\"1\" type=\"text\" name=\"form_fields[field_ee287e8]\" id=\"form-field-field_ee287e8\" class=\"elementor-field elementor-size-md  elementor-field-textual\" placeholder=\"Nom de l&#039;entreprise*\" required=\"required\">\n\t\t\t\t\t\t\t\t\t\t\t<\/div>\n\t\t\t\t\t\t\t\t<div class=\"elementor-field-type-text elementor-field-group elementor-column elementor-field-group-field_b5e644d elementor-col-25\">\n\t\t\t\t\t\t\t\t\t\t\t\t<label for=\"form-field-field_b5e644d\" class=\"elementor-field-label elementor-screen-only\">\n\t\t\t\t\t\t\t\tPays d'origine*\t\t\t\t\t\t\t<\/label>\n\t\t\t\t\t\t\t\t\t\t\t\t\t\t<input size=\"1\" type=\"text\" name=\"form_fields[field_b5e644d]\" id=\"form-field-field_b5e644d\" class=\"elementor-field elementor-size-md  elementor-field-textual\" placeholder=\"Pays d&#039;origine*\">\n\t\t\t\t\t\t\t\t\t\t\t<\/div>\n\t\t\t\t\t\t\t\t<div class=\"elementor-field-type-email elementor-field-group elementor-column elementor-field-group-email elementor-col-50 elementor-field-required\">\n\t\t\t\t\t\t\t\t\t\t\t\t<label for=\"form-field-email\" class=\"elementor-field-label elementor-screen-only\">\n\t\t\t\t\t\t\t\tAdresse \u00e9lectronique \t\t\t\t\t\t\t<\/label>\n\t\t\t\t\t\t\t\t\t\t\t\t\t\t<input size=\"1\" type=\"email\" name=\"form_fields[email]\" id=\"form-field-email\" class=\"elementor-field elementor-size-md  elementor-field-textual\" placeholder=\"Adresse \u00e9lectronique \" required=\"required\">\n\t\t\t\t\t\t\t\t\t\t\t<\/div>\n\t\t\t\t\t\t\t\t<div class=\"elementor-field-type-text elementor-field-group elementor-column elementor-field-group-field_4ff4910 elementor-col-50\">\n\t\t\t\t\t\t\t\t\t\t\t\t<label for=\"form-field-field_4ff4910\" class=\"elementor-field-label elementor-screen-only\">\n\t\t\t\t\t\t\t\tT\u00e9l\u00e9phone\t\t\t\t\t\t\t<\/label>\n\t\t\t\t\t\t\t\t\t\t\t\t\t\t<input size=\"1\" type=\"text\" name=\"form_fields[field_4ff4910]\" id=\"form-field-field_4ff4910\" class=\"elementor-field elementor-size-md  elementor-field-textual\" placeholder=\"T\u00e9l\u00e9phone\">\n\t\t\t\t\t\t\t\t\t\t\t<\/div>\n\t\t\t\t\t\t\t\t<div class=\"elementor-field-type-textarea elementor-field-group elementor-column elementor-field-group-message elementor-col-100\">\n\t\t\t\t\t\t\t\t\t\t\t\t<label for=\"form-field-message\" class=\"elementor-field-label elementor-screen-only\">\n\t\t\t\t\t\t\t\tMessage\t\t\t\t\t\t\t<\/label>\n\t\t\t\t\t\t<textarea class=\"elementor-field-textual elementor-field  elementor-size-md\" name=\"form_fields[message]\" id=\"form-field-message\" rows=\"4\" placeholder=\"Message\"><\/textarea>\t\t\t\t<\/div>\n\t\t\t\t\t\t\t\t<div class=\"elementor-field-type-checkbox elementor-field-group elementor-column elementor-field-group-privacy_policy elementor-col-100\">\n\t\t\t\t\t\t\t\t\t\t\t\t<label for=\"form-field-privacy_policy\" class=\"elementor-field-label elementor-screen-only\">\n\t\t\t\t\t\t\t\tPrivacy Policy\t\t\t\t\t\t\t<\/label>\n\t\t\t\t\t\t<div class=\"elementor-field-subgroup  \"><span class=\"elementor-field-option\"><input type=\"checkbox\" value=\"J&#039;accepte que toute donn\u00e9e personnelle ne soit trait\u00e9e que conform\u00e9ment \u00e0 la &lt;a href=&quot;\/wp-content\/uploads\/2024\/03\/alyors-privacy-policy.pdf&quot; target=&quot;_blank&quot;&gt;politique de confidentialit\u00e9 d&#039;Alyors&lt;\/a&gt;. Vous pouvez acc\u00e9der aux obligations d&#039;information sur la protection des donn\u00e9es conform\u00e9ment \u00e0 l&#039;Art. 13 GDPR ici.\" id=\"form-field-privacy_policy-0\" name=\"form_fields[privacy_policy]\"> <label for=\"form-field-privacy_policy-0\">J'accepte que toute donn\u00e9e personnelle ne soit trait\u00e9e que conform\u00e9ment \u00e0 la <a href=\"\/wp-content\/uploads\/2024\/03\/alyors-privacy-policy.pdf\" target=\"_blank\">politique de confidentialit\u00e9 d'Alyors<\/a>. Vous pouvez acc\u00e9der aux obligations d'information sur la protection des donn\u00e9es conform\u00e9ment \u00e0 l'Art. 13 GDPR ici.<\/label><\/span><\/div>\t\t\t\t<\/div>\n\t\t\t\t\t\t\t\t<div class=\"elementor-field-type-recaptcha_v3 elementor-field-group elementor-column elementor-field-group-field_52c377f elementor-col-100 recaptcha_v3-bottomleft\">\n\t\t\t\t\t<div class=\"elementor-field\" id=\"form-field-field_52c377f\"><div class=\"elementor-g-recaptcha\" data-sitekey=\"6LfBhoopAAAAAIF86GhwVudVDQIdoJ43GJP9p51Z\" data-type=\"v3\" data-action=\"Form\" data-badge=\"bottomleft\" data-size=\"invisible\"><\/div><\/div>\t\t\t\t<\/div>\n\t\t\t\t\t\t\t\t<div class=\"elementor-field-group elementor-column elementor-field-type-submit elementor-col-100 e-form__buttons\">\n\t\t\t\t\t<button class=\"elementor-button elementor-size-sm\" type=\"submit\">\n\t\t\t\t\t\t<span class=\"elementor-button-content-wrapper\">\n\t\t\t\t\t\t\t\t\t\t\t\t\t\t\t\t\t\t\t\t\t\t<span class=\"elementor-button-text\">ENVOYER<\/span>\n\t\t\t\t\t\t\t\t\t\t\t\t\t<\/span>\n\t\t\t\t\t<\/button>\n\t\t\t\t<\/div>\n\t\t\t<\/div>\n\t\t<\/form>\n\t\t\t\t\t\t<\/div>\n\t\t\t\t<\/div>\n\t\t\t\t\t<\/div>\n\t\t\t\t<\/div>\n\t\t\t\t\t<\/div>\n\t\t\t\t<\/div>\n\t\t\t\t<\/div>\n\t\t","protected":false},"excerpt":{"rendered":"<p>Product Forms for Private Label Supplements Formes de Produits pour Compl\u00e9ments Alimentaires \u00e0 Marque Priv\u00e9eChez Alyors, nous sommes sp\u00e9cialis\u00e9s dans la production d&rsquo;une gamme diversifi\u00e9e de formes de produits en vente libre (OTC) pour les compl\u00e9ments alimentaires \u00e0 marque priv\u00e9e. Que vous cherchiez \u00e0 cr\u00e9er des comprim\u00e9s traditionnels ou des gommes de derni\u00e8re innovation, nous [&hellip;]<\/p>\n","protected":false},"author":1,"featured_media":0,"parent":8831,"menu_order":0,"comment_status":"closed","ping_status":"closed","template":"","meta":{"_acf_changed":false,"inline_featured_image":false,"footnotes":""},"class_list":["post-8843","page","type-page","status-publish","hentry"],"acf":[],"_links":{"self":[{"href":"https:\/\/www.alyors.com\/fr\/wp-json\/wp\/v2\/pages\/8843","targetHints":{"allow":["GET"]}}],"collection":[{"href":"https:\/\/www.alyors.com\/fr\/wp-json\/wp\/v2\/pages"}],"about":[{"href":"https:\/\/www.alyors.com\/fr\/wp-json\/wp\/v2\/types\/page"}],"author":[{"embeddable":true,"href":"https:\/\/www.alyors.com\/fr\/wp-json\/wp\/v2\/users\/1"}],"replies":[{"embeddable":true,"href":"https:\/\/www.alyors.com\/fr\/wp-json\/wp\/v2\/comments?post=8843"}],"version-history":[{"count":10,"href":"https:\/\/www.alyors.com\/fr\/wp-json\/wp\/v2\/pages\/8843\/revisions"}],"predecessor-version":[{"id":9351,"href":"https:\/\/www.alyors.com\/fr\/wp-json\/wp\/v2\/pages\/8843\/revisions\/9351"}],"up":[{"embeddable":true,"href":"https:\/\/www.alyors.com\/fr\/wp-json\/wp\/v2\/pages\/8831"}],"wp:attachment":[{"href":"https:\/\/www.alyors.com\/fr\/wp-json\/wp\/v2\/media?parent=8843"}],"curies":[{"name":"wp","href":"https:\/\/api.w.org\/{rel}","templated":true}]}}