{"id":9366,"date":"2024-03-04T12:22:32","date_gmt":"2024-03-04T12:22:32","guid":{"rendered":"https:\/\/www.alyors.com\/services\/"},"modified":"2024-11-09T12:40:46","modified_gmt":"2024-11-09T12:40:46","slug":"services","status":"publish","type":"page","link":"https:\/\/www.alyors.com\/fr\/services\/","title":{"rendered":"Services"},"content":{"rendered":"\t\t<div data-elementor-type=\"wp-page\" data-elementor-id=\"9366\" class=\"elementor elementor-9366 elementor-2558\" data-elementor-post-type=\"page\">\n\t\t\t\t<div class=\"elementor-element elementor-element-bb2cbc3 e-flex e-con-boxed e-con e-parent\" data-id=\"bb2cbc3\" data-element_type=\"container\" data-e-type=\"container\">\n\t\t\t\t\t<div class=\"e-con-inner\">\n\t\t\t\t<div class=\"elementor-element elementor-element-ed49101 elementor-widget elementor-widget-text-editor\" data-id=\"ed49101\" data-element_type=\"widget\" data-e-type=\"widget\" data-widget_type=\"text-editor.default\">\n\t\t\t\t<div class=\"elementor-widget-container\">\n\t\t\t\t\t\t\t\t\t<h3>Recherche et D\u00e9veloppement<\/h3><p>Chez Alyors, notre Centre de Recherche et D\u00e9veloppement est \u00e0 la pointe des avanc\u00e9es scientifiques, anim\u00e9 par des experts hautement qualifi\u00e9s qui s&rsquo;engagent \u00e0 d\u00e9velopper des formulations innovantes et de premier ordre. Nos installations sont certifi\u00e9es par le Minist\u00e8re de l&rsquo;Industrie et de la Technologie, garantissant que chaque cr\u00e9ation est \u00e9labor\u00e9e avec pr\u00e9cision et conforme aux derni\u00e8res normes scientifiques. En alliant recherche rigoureuse et technologie de pointe, nous transformons des id\u00e9es en produits qui \u00e9tablissent de nouveaux standards de qualit\u00e9 et d&rsquo;efficacit\u00e9.<\/p><h3>Production de Mati\u00e8res Premi\u00e8res<\/h3><p>En exploitant les ressources fournies par la nature et en les int\u00e9grant aux connaissances scientifiques modernes, Alyors produit des mati\u00e8res premi\u00e8res de haute qualit\u00e9 pour les industries des compl\u00e9ments alimentaires, des cosm\u00e9tiques et des dispositifs m\u00e9dicaux. Nos mati\u00e8res premi\u00e8res sont trait\u00e9es avec un souci de puret\u00e9, de coh\u00e9rence et de durabilit\u00e9, assurant qu&rsquo;elles r\u00e9pondent aux standards requis pour des applications ax\u00e9es sur la sant\u00e9. D\u00e9vou\u00e9s \u00e0 l&rsquo;excellence, nous fournissons des mat\u00e9riaux fondamentaux qui permettent aux fabricants de cr\u00e9er des produits s\u00fbrs et efficaces.<\/p><h3>D\u00e9veloppement de Produits<\/h3><p>Pionnier en formulation avanc\u00e9e, Alyors se sp\u00e9cialise dans la conception de produits qui maximisent l&rsquo;efficacit\u00e9 tout en respectant les exigences r\u00e9glementaires sp\u00e9cifiques de chaque march\u00e9. De l\u2019id\u00e9e \u00e0 la composition, nous nous concentrons sur des solutions innovantes et fiables, en adaptant chaque produit aux besoins de sant\u00e9 et de bien-\u00eatre des divers consommateurs. Notre engagement envers l&rsquo;optimisation des produits garantit que chaque produit Alyors est con\u00e7u pour une performance optimale et la satisfaction des consommateurs.<\/p><h3>Production<\/h3><p>Avec cinq installations de fabrication sp\u00e9cialis\u00e9es, Alyors est capable de produire une large gamme de produits, y compris des compl\u00e9ments alimentaires, des cosm\u00e9tiques, des dispositifs m\u00e9dicaux et des consommables de soins de sant\u00e9 essentiels. Chaque installation est \u00e9quip\u00e9e de technologies de pointe et suit des protocoles de qualit\u00e9 stricts, nous permettant de produire en grande quantit\u00e9 sans compromettre la qualit\u00e9. L&rsquo;infrastructure de production d&rsquo;Alyors est con\u00e7ue pour r\u00e9pondre \u00e0 la demande croissante de produits de sant\u00e9 fiables et de haute qualit\u00e9.<\/p><h3>Solutions de Marque Priv\u00e9e<\/h3><p>Alyors offre des solutions compl\u00e8tes de marque priv\u00e9e pour donner vie \u00e0 votre vision produit. De la conception initiale au produit final, notre \u00e9quipe fournit un soutien complet pour garantir que chaque produit est fabriqu\u00e9 selon les normes les plus \u00e9lev\u00e9es. En exploitant notre expertise, nos ressources et nos connaissances du secteur, nous aidons les entreprises \u00e0 cr\u00e9er des produits de marque priv\u00e9e distincts, conformes et en harmonie avec leurs valeurs de marque.<\/p><h3>Contr\u00f4le et Assurance de la Qualit\u00e9<\/h3><p>Chez Alyors, la qualit\u00e9 est plus qu&rsquo;un engagement ; elle fait partie int\u00e9grante de notre processus. Nos mesures rigoureuses de contr\u00f4le et d&rsquo;assurance qualit\u00e9 sont appliqu\u00e9es dans nos cinq usines de fabrication, assurant pr\u00e9cision et excellence \u00e0 chaque \u00e9tape de la production. Avec une approche m\u00e9ticuleuse des contr\u00f4les qualit\u00e9, Alyors maintient les normes les plus \u00e9lev\u00e9es de s\u00e9curit\u00e9 et d&rsquo;efficacit\u00e9, garantissant que chaque produit r\u00e9pond aux exigences du march\u00e9 des soins de sant\u00e9.<\/p><h3>Marketing<\/h3><p>Notre \u00e9quipe marketing, compos\u00e9e de professionnels exp\u00e9riment\u00e9s et d&rsquo;experts en soins de sant\u00e9, se consacre \u00e0 soutenir nos partenaires avec des initiatives marketing strat\u00e9giques. Des programmes de formation complets aux mat\u00e9riels marketing sur mesure, nous fournissons des solutions qui allient perspectives mondiales et pertinence locale. En alignant nos efforts sur vos objectifs commerciaux, Alyors aide \u00e0 mettre les produits sur le march\u00e9 efficacement et \u00e0 renforcer la pr\u00e9sence de la marque dans des environnements comp\u00e9titifs.<\/p>\t\t\t\t\t\t\t\t<\/div>\n\t\t\t\t<\/div>\n\t\t\t\t\t<\/div>\n\t\t\t\t<\/div>\n\t\t\t\t<\/div>\n\t\t","protected":false},"excerpt":{"rendered":"<p>Recherche et D\u00e9veloppement Chez Alyors, notre Centre de Recherche et D\u00e9veloppement est \u00e0 la pointe des avanc\u00e9es scientifiques, anim\u00e9 par des experts hautement qualifi\u00e9s qui s&rsquo;engagent \u00e0 d\u00e9velopper des formulations innovantes et de premier ordre. Nos installations sont certifi\u00e9es par le Minist\u00e8re de l&rsquo;Industrie et de la Technologie, garantissant que chaque cr\u00e9ation est \u00e9labor\u00e9e avec [&hellip;]<\/p>\n","protected":false},"author":1,"featured_media":0,"parent":0,"menu_order":0,"comment_status":"closed","ping_status":"closed","template":"","meta":{"_acf_changed":false,"inline_featured_image":false,"footnotes":""},"class_list":["post-9366","page","type-page","status-publish","hentry"],"acf":[],"_links":{"self":[{"href":"https:\/\/www.alyors.com\/fr\/wp-json\/wp\/v2\/pages\/9366","targetHints":{"allow":["GET"]}}],"collection":[{"href":"https:\/\/www.alyors.com\/fr\/wp-json\/wp\/v2\/pages"}],"about":[{"href":"https:\/\/www.alyors.com\/fr\/wp-json\/wp\/v2\/types\/page"}],"author":[{"embeddable":true,"href":"https:\/\/www.alyors.com\/fr\/wp-json\/wp\/v2\/users\/1"}],"replies":[{"embeddable":true,"href":"https:\/\/www.alyors.com\/fr\/wp-json\/wp\/v2\/comments?post=9366"}],"version-history":[{"count":3,"href":"https:\/\/www.alyors.com\/fr\/wp-json\/wp\/v2\/pages\/9366\/revisions"}],"predecessor-version":[{"id":9369,"href":"https:\/\/www.alyors.com\/fr\/wp-json\/wp\/v2\/pages\/9366\/revisions\/9369"}],"wp:attachment":[{"href":"https:\/\/www.alyors.com\/fr\/wp-json\/wp\/v2\/media?parent=9366"}],"curies":[{"name":"wp","href":"https:\/\/api.w.org\/{rel}","templated":true}]}}